 {"id":1676,"date":"2021-10-22T20:18:01","date_gmt":"2021-10-22T20:18:01","guid":{"rendered":"https:\/\/cds-baggage.local\/home\/"},"modified":"2026-02-20T18:35:48","modified_gmt":"2026-02-20T18:35:48","slug":"home","status":"publish","type":"page","link":"https:\/\/www.cdsbaggage.ca\/fr\/","title":{"rendered":"Home"},"content":{"rendered":"\n\t<section class=\"block-header alignfull bg-black text-white relative \" id=\"1676\">  \t\n\t \n\t<div class=\"h-full\"> \n\t<div class=\"header-video absolute inset-0 h-full w-full overflow-hidden bg-black\"><div class=\"video-container \"><iframe loading=\"lazy\" title=\"CDS Baggage\" src=\"https:\/\/player.vimeo.com\/video\/1038766347?dnt=1&amp;app_id=122963&#038;playsinline=1&#038;controls=0&#038;hd=1&#038;autoplay=1&#038;background=1&#038;loop=1&#038;byline=0&#038;title=0&#038;muted=1\" width=\"640\" height=\"360\" frameborder=\"0\" allow=\"autoplay; fullscreen; picture-in-picture; clipboard-write; encrypted-media; web-share\" referrerpolicy=\"strict-origin-when-cross-origin\" ><\/iframe><\/div><\/div><div class=\"scrim absolute inset-0 h-full w-full\"><\/div><div class=\"relative h-full w-full flex items-center\"><div class=\"container mx-auto z-10 block-padding-top-extra2 block-padding-bottom-extra2 relative h-full\"><div class=\"w-full sm:w-2\/3 xl:w-1\/2 text-left\"><h2 class=\"font-subtitle text-3xl subtitle pb-6 text-primary \">Logistique simplifi\u00e9e.<\/h2><h2 class=\"text-6xl lg:text-7xl text-white font-title\">Offrant un <em class=\"text-primary\">service exceptionnel<\/em> depuis plus de 30 ans.<\/h2><div class=\"font-body text-white \"><p>Nous ne sommes pas simplement une autre entreprise de bagages ; nous sommes l\u2019entreprise de bagages par excellence.<\/p>\n<\/div>    <div class=\"wp-block-buttons  gap-1 sm:gap-2 flex flex-wrap\">\n                <div class=\"wp-block-button btn has-btn-filled\">\n\n                <a class=\"wp-block-button__link btn-filled btn-primary  flex items-center gap-2 scroll\" href=\"https:\/\/www.cdsbaggage.ca\/about\/\" target=\"\">\n                    En savoir plus                                    <\/a>\n            <\/div>\n                <\/div>\n<\/div><\/div><\/div>\t<\/div>\n<\/section>\n\t\t\n\r\n<section class=\"card-columns-block  alignfull bg-white py-1 block-padding-top block-padding-bottom relative\" id=\"\">\r\n    <div class=\"container mx-auto flex justify-center flex-col items-center\">\r\n        <div class=\"w-full text-center\">\r\n            <h2 class=\"text-4xl text-dark font-title\">Nos services<\/h2><h3 class=\"font-subtitle text-2xl subtitle pb-6 text-primary\">Solutions compl\u00e8tes<\/h3><div class=\"font-body text-dark\"><p>De l\u2019entreposage \u00e0 court terme \u00e0 la logistique \u00e9v\u00e9nementielle complexe, nous nous chargeons du travail exigeant afin que vous puissiez vous concentrer sur votre voyage. D\u00e9couvrez l\u2019ensemble de nos services de bagages ci-dessous. <\/p>\n<\/div>        <\/div>\r\n\r\n        <div class=\"grid grid-cols-1 sm:grid-cols-2 gap-3 lg:grid-cols-3 lg:gap-8\">\r\n    <div class='card flex flex-col items-start '>\r\n\r\n        <div class=\"card-icon flex h-16\"><img loading=\"lazy\" decoding=\"async\" width=\"89\" height=\"85\" src=\"https:\/\/www.cdsbaggage.ca\/wp-content\/uploads\/2025\/01\/Baggage-storage.png\" class=\"  object-contain\" alt=\"\" \/><\/div>\r\n        <div class=\"lg:pr-8 lg:last:pr-0 py-4 relative\">\r\n            <h3 class=\"text-xl text-dark font-title\">Consigne \u00e0 bagages \u00e0 l\u2019a\u00e9roport international de Vancouver (YVR)<\/h3><div class=\"font-body text-text-light-bg\"><p>Entreposez vos bagages en toute s\u00e9curit\u00e9 pour de courtes ou de longues p\u00e9riodes. Service pratique et s\u00e9curis\u00e9 \u00e0 nos deux emplacements. <\/p>\n<\/div><div class=\"wp-block-button btn has-btn-text\"><a href=\"https:\/\/www.cdsbaggage.ca\/services\/baggage-storage\/\" class=\"wp-block-button__link btn-text text-primary hover:text-dark transition-all\">apprendre encore plus<\/a><\/div>        <\/div>\r\n\r\n        \r\n    <\/div>  \r\n\r\n\r\n    <div class='card flex flex-col items-start '>\r\n\r\n        <div class=\"card-icon flex h-16\"><img loading=\"lazy\" decoding=\"async\" width=\"80\" height=\"85\" src=\"https:\/\/www.cdsbaggage.ca\/wp-content\/uploads\/2025\/01\/Baggage-Delivery.png\" class=\"  object-contain\" alt=\"\" \/><\/div>\r\n        <div class=\"lg:pr-8 lg:last:pr-0 py-4 relative\">\r\n            <h3 class=\"text-xl text-dark font-title\">Livraison de bagages retard\u00e9s<\/h3><div class=\"font-body text-text-light-bg\"><p>La soci\u00e9t\u00e9 de livraison de confiance pour plusieurs compagnies a\u00e9riennes \u00e0 travers le Canada, afin d\u2019assurer que vos bagages retard\u00e9s soient livr\u00e9s en toute s\u00e9curit\u00e9 et dans les d\u00e9lais.<\/p>\n<\/div><div class=\"wp-block-button btn has-btn-text\"><a href=\"https:\/\/www.cdsbaggage.ca\/services\/delayed-baggage-delivery\/\" class=\"wp-block-button__link btn-text text-primary hover:text-dark transition-all\">apprendre encore plus<\/a><\/div>        <\/div>\r\n\r\n        \r\n    <\/div>  \r\n\r\n\r\n    <div class='card flex flex-col items-start '>\r\n\r\n        <div class=\"card-icon flex h-16\"><img loading=\"lazy\" decoding=\"async\" width=\"85\" height=\"85\" src=\"https:\/\/www.cdsbaggage.ca\/wp-content\/uploads\/2025\/01\/Repair-Replacement.png\" class=\"  object-contain\" alt=\"\" \/><\/div>\r\n        <div class=\"lg:pr-8 lg:last:pr-0 py-4 relative\">\r\n            <h3 class=\"text-xl text-dark font-title\">R\u00e9paration et remplacement pour les clients des compagnies a\u00e9riennes<\/h3><div class=\"font-body text-text-light-bg\"><p>Obtenez des solutions rapides de r\u00e9paration ou de remplacement pour les bagages endommag\u00e9s. Nous collaborons avec des fournisseurs de confiance comme Sea2Sky Bags afin de garantir des produits de qualit\u00e9. <\/p>\n<\/div><div class=\"wp-block-button btn has-btn-text\"><a href=\"https:\/\/www.cdsbaggage.ca\/services\/repair-replacement-for-airline-clients\/\" class=\"wp-block-button__link btn-text text-primary hover:text-dark transition-all\">apprendre encore plus<\/a><\/div>        <\/div>\r\n\r\n        \r\n    <\/div>  \r\n\r\n\r\n    <div class='card flex flex-col items-start '>\r\n\r\n        <div class=\"card-icon flex h-16\"><img loading=\"lazy\" decoding=\"async\" width=\"82\" height=\"85\" src=\"https:\/\/www.cdsbaggage.ca\/wp-content\/uploads\/2025\/01\/Retail-Luggage-Sales.png\" class=\"  object-contain\" alt=\"\" \/><\/div>\r\n        <div class=\"lg:pr-8 lg:last:pr-0 py-4 relative\">\r\n            <h3 class=\"text-xl text-dark font-title\">Vente au d\u00e9tail de bagages<\/h3><div class=\"font-body text-text-light-bg\"><p>Besoin d\u2019une nouvelle valise ou d\u2019un sac de voyage ? D\u00e9couvrez notre s\u00e9lection soigneusement choisie de Sea2Sky Bags afin de trouver le mod\u00e8le id\u00e9al pour votre voyage. <\/p>\n<\/div><div class=\"wp-block-button btn has-btn-text\"><a href=\"https:\/\/www.cdsbaggage.ca\/services\/retail-luggage-sales\/\" class=\"wp-block-button__link btn-text text-primary hover:text-dark transition-all\">apprendre encore plus<\/a><\/div>        <\/div>\r\n\r\n        \r\n    <\/div>  \r\n\r\n\r\n    <div class='card flex flex-col items-start '>\r\n\r\n        <div class=\"card-icon flex h-16\"><img loading=\"lazy\" decoding=\"async\" width=\"77\" height=\"85\" src=\"https:\/\/www.cdsbaggage.ca\/wp-content\/uploads\/2025\/01\/Cruise-Baggage-1.png\" class=\"  object-contain\" alt=\"\" \/><\/div>\r\n        <div class=\"lg:pr-8 lg:last:pr-0 py-4 relative\">\r\n            <h3 class=\"text-xl text-dark font-title\">Transfert de bagages pour croisi\u00e8res<\/h3><div class=\"font-body text-text-light-bg\"><p>En partenariat avec Greyline Tours, nous transf\u00e9rons vos bagages \u00e0 YVR afin que vous puissiez les r\u00e9cup\u00e9rer avant votre vol.<\/p>\n<\/div><div class=\"wp-block-button btn has-btn-text\"><a href=\"https:\/\/www.cdsbaggage.ca\/services\/cruise-baggage-transfer\/\" class=\"wp-block-button__link btn-text text-primary hover:text-dark transition-all\">apprendre encore plus<\/a><\/div>        <\/div>\r\n\r\n        \r\n    <\/div>  \r\n\r\n\r\n    <div class='card flex flex-col items-start '>\r\n\r\n        <div class=\"card-icon flex h-16\"><img loading=\"lazy\" decoding=\"async\" width=\"85\" height=\"77\" src=\"https:\/\/www.cdsbaggage.ca\/wp-content\/uploads\/2025\/01\/Tour-Baggage-Logistics.png\" class=\"  object-contain\" alt=\"\" \/><\/div>\r\n        <div class=\"lg:pr-8 lg:last:pr-0 py-4 relative\">\r\n            <h3 class=\"text-xl text-dark font-title\">Tour Baggage Logistics<\/h3><div class=\"font-body text-text-light-bg\"><p>Vous planifiez un circuit ou un voyage de groupe ? Nous prenons en charge la logistique du transport des bagages de votre groupe de mani\u00e8re fluide et efficace. <\/p>\n<\/div><div class=\"wp-block-button btn has-btn-text\"><a href=\"https:\/\/www.cdsbaggage.ca\/services\/tour-baggage-logistics\/\" class=\"wp-block-button__link btn-text text-primary hover:text-dark transition-all\">apprendre encore plus<\/a><\/div>        <\/div>\r\n\r\n        \r\n    <\/div>  \r\n\r\n\r\n    <div class='card flex flex-col items-start '>\r\n\r\n        <div class=\"card-icon flex h-16\"><img loading=\"lazy\" decoding=\"async\" width=\"97\" height=\"85\" src=\"https:\/\/www.cdsbaggage.ca\/wp-content\/uploads\/2025\/01\/Same-Day-Baggage-Pickup.png\" class=\"  object-contain\" alt=\"\" \/><\/div>\r\n        <div class=\"lg:pr-8 lg:last:pr-0 py-4 relative\">\r\n            <h3 class=\"text-xl text-dark font-title\">Ramassage et livraison de bagages le jour m\u00eame<\/h3><div class=\"font-body text-text-light-bg\"><p>Manque d\u2019espace dans votre v\u00e9hicule ou vous prenez la Canada Line ? D\u00e9posez vos bagages \u00e0 l\u2019un des emplacements de consigne CDS \u00e0 YVR et organisez la livraison de vos bagages \u00e0 votre domicile ou \u00e0 votre h\u00f4tel. <\/p>\n<\/div><div class=\"wp-block-button btn has-btn-text\"><a href=\"https:\/\/www.cdsbaggage.ca\/services\/same-day-baggage-pickup-delivery\/\" class=\"wp-block-button__link btn-text text-primary hover:text-dark transition-all\">apprendre encore plus<\/a><\/div>        <\/div>\r\n\r\n        \r\n    <\/div>  \r\n\r\n\r\n    <div class='card flex flex-col items-start '>\r\n\r\n        <div class=\"card-icon flex h-16\"><img loading=\"lazy\" decoding=\"async\" width=\"87\" height=\"85\" src=\"https:\/\/www.cdsbaggage.ca\/wp-content\/uploads\/2025\/01\/Event-Luggage-Logistics.png\" class=\"  object-contain\" alt=\"\" \/><\/div>\r\n        <div class=\"lg:pr-8 lg:last:pr-0 py-4 relative\">\r\n            <h3 class=\"text-xl text-dark font-title\">Logistique de bagages pour \u00e9v\u00e9nements<\/h3><div class=\"font-body text-text-light-bg\"><p>Vous organisez un \u00e9v\u00e9nement ou une conf\u00e9rence ? Nous g\u00e9rons le transport de grands volumes de bagages afin d\u2019assurer une exp\u00e9rience fluide aux participants. <\/p>\n<\/div><div class=\"wp-block-button btn has-btn-text\"><a href=\"https:\/\/www.cdsbaggage.ca\/services\/event-luggage-logistics\/\" class=\"wp-block-button__link btn-text text-primary hover:text-dark transition-all\">apprendre encore plus<\/a><\/div>        <\/div>\r\n\r\n        \r\n    <\/div>  \r\n\r\n\r\n    <div class='card flex flex-col items-start '>\r\n\r\n        <div class=\"card-icon flex h-16\"><img loading=\"lazy\" decoding=\"async\" width=\"121\" height=\"51\" src=\"https:\/\/www.cdsbaggage.ca\/wp-content\/uploads\/2025\/01\/Luggage-Trucking.png\" class=\"  object-contain\" alt=\"\" \/><\/div>\r\n        <div class=\"lg:pr-8 lg:last:pr-0 py-4 relative\">\r\n            <h3 class=\"text-xl text-dark font-title\">Transport de bagages par camion<\/h3><div class=\"font-body text-text-light-bg\"><p>Pour les trajets de longue distance ou les volumes plus importants, nous offrons des services de transport fiables afin d\u2019acheminer vos bagages \u00e0 destination, dans les d\u00e9lais et en parfait \u00e9tat.<\/p>\n<\/div><div class=\"wp-block-button btn has-btn-text\"><a href=\"https:\/\/www.cdsbaggage.ca\/?page_id=1514\" class=\"wp-block-button__link btn-text text-primary hover:text-dark transition-all\">apprendre encore plus<\/a><\/div>        <\/div>\r\n\r\n        \r\n    <\/div>  \r\n\r\n<\/div>    <\/div>\r\n<\/section><section class=\"text-block   alignfull bg-tertiary  py-1 block-padding-top block-padding-bottom relative\" id=\"\">\n\t \n\t<div class=\"container mx-auto   flex justify-center flex-col items-center\">\n\t\t<div class=\"w-full  text-center \">\n\t\t\t<h2 class=\"text-4xl text-dark font-title\">Gestion simplifi\u00e9e de la livraison de bagages \u00e0 l\u2019\u00e9chelle nationale<\/h2><div class=\"font-body text-dark text-1-col\"><p>Simplifiez vos op\u00e9rations canadiennes gr\u00e2ce \u00e0 notre plateforme int\u00e9gr\u00e9e \u00e0 WorldTracer, offrant des solutions de livraison centralis\u00e9es dans toutes les stations, avec la commodit\u00e9 d\u2019une facture mensuelle unique.<\/p>\n<\/div>\t\n\t\t<\/div>\t\t\n\t<\/div>\n\n <\/section>\n\n<section class=\"media-block   alignfull bg-light  block-padding-top block-padding-bottom relative overflow-hidden\" id=\"\">\n\t\t\t\t\t\t\t<div class=\"container mx-auto relative px-0 flex flex-col sm:flex-row\">\n\t\t\t<figure class=\"w-1\/2 relative padded\"><img loading=\"lazy\" decoding=\"async\" width=\"2560\" height=\"1483\" src=\"https:\/\/www.cdsbaggage.ca\/wp-content\/uploads\/2025\/01\/cds-homepage-media-block-scaled.jpg\" class=\" h-full w-full object-cover absolute rounded-xl  inset-0\" alt=\"\u00c0 propos de CDS Baggage Services\" title=\"\u00c0 propos de CDS Baggage Services\" srcset=\"https:\/\/www.cdsbaggage.ca\/wp-content\/uploads\/2025\/01\/cds-homepage-media-block-scaled.jpg 2560w, https:\/\/www.cdsbaggage.ca\/wp-content\/uploads\/2025\/01\/cds-homepage-media-block-300x174.jpg 300w, https:\/\/www.cdsbaggage.ca\/wp-content\/uploads\/2025\/01\/cds-homepage-media-block-1024x593.jpg 1024w, https:\/\/www.cdsbaggage.ca\/wp-content\/uploads\/2025\/01\/cds-homepage-media-block-768x445.jpg 768w, https:\/\/www.cdsbaggage.ca\/wp-content\/uploads\/2025\/01\/cds-homepage-media-block-1536x890.jpg 1536w, https:\/\/www.cdsbaggage.ca\/wp-content\/uploads\/2025\/01\/cds-homepage-media-block-2048x1186.jpg 2048w\" sizes=\"auto, (max-width: 2560px) 100vw, 2560px\" \/><\/figure>\t\t\t\n\t\t\t\t<div class=\"content block-padding-top-extra block-padding-bottom-extra text-left md:w-1\/2 relative px-10 md:px-12 lg:px-32\">\n\t\t\t\t<h2 class=\"text-4xl text-dark font-title\">\u00c0 propos de CDS Baggage Services<\/h2><h3 class=\"font-subtitle text-2xl subtitle pb-6 text-primary \">Entreprise familiale exploit\u00e9e et g\u00e9r\u00e9e par ses propri\u00e9taires<\/h3><div class=\"font-body text-text-light \"><p>CDS Contract Delivery Services, faisant affaire sous le nom de CDS Baggage, est une entreprise familiale exploit\u00e9e et g\u00e9r\u00e9e par ses propri\u00e9taires. Offrant un service exceptionnel depuis plus de 25 ans, nous avons fait nos preuves en allant au-del\u00e0 des attentes de nos clients et de leurs clients.  <\/p>\n<p>Aspernatur aut odit aut fugit, sed quia consequuntur magni dolores eos qui ratione voluptatem<\/p>\n<\/div>    <div class=\"wp-block-buttons  gap-1 sm:gap-2 flex flex-wrap\">\n                <div class=\"wp-block-button btn has-btn-filled\">\n\n                <a class=\"wp-block-button__link btn-filled btn-primary  flex items-center gap-2 scroll\" href=\"https:\/\/www.cdsbaggage.ca\/about\/\" target=\"\">\n                    En savoir plus sur nous                                    <\/a>\n            <\/div>\n                <\/div>\n\t\t\t<\/div>\n        <\/div> \n\n\t\t\t<\/section>\r\n<section class=\"card-cta relative alignfull bg-off-white block-padding-bottom \">\r\n    <div class=\"container mx-auto block-padding-top block-padding-bottom text-center\">\r\n\r\n        <h2 class=\"text-4xl text- font-title\">R\u00e9servez en ligne \u00e0 l\u2019avance<\/h2><h4 class=\"font-subtitle text-2xl subtitle pb-6 text-\">Entreposage et livraison.<\/h4><div class=\"font-body text-\"><p style=\"text-align: center\">R\u00e9servez votre entreposage \u00e0 l\u2019avance et consacrez moins de temps au d\u00e9p\u00f4t de vos bagages et plus de temps \u00e0 d\u00e9couvrir Vancouver.<br \/>\nN\u2019oubliez pas d\u2019apporter une pi\u00e8ce d\u2019identit\u00e9 avec photo \u00e9mise par le gouvernement ainsi que votre itin\u00e9raire de voyage lors du d\u00e9p\u00f4t de vos bagages.<\/p>\n<h3 style=\"text-align: center\">Deux emplacements pratiques situ\u00e9s \u00e0 l\u2019a\u00e9roport international de Vancouver<\/h3>\n<\/div>    <\/div>\r\n            \r\n    <div class=\"container relative z-10 mx-auto lg:pt-40 block-padding-bottom\">\r\n\r\n        <!-- Center image -->\r\n        <div class=\"absolute inset-x-0 bottom-0 h-full w-full z-0\">\r\n            <div class=\"container mx-auto h-full\">\r\n                <div class=\"flex items-end justify-center h-full\">\r\n                                            <div class=\"w-full xl:w-2\/3 h-auto\">\r\n                            <img loading=\"lazy\" decoding=\"async\" width=\"1262\" height=\"1294\" src=\"https:\/\/www.cdsbaggage.ca\/wp-content\/uploads\/2025\/01\/Pre-Book-Online.png\" class=\"w-1\/2 mx-auto h-full object-contain object-bottom object-center\" alt=\"\" srcset=\"https:\/\/www.cdsbaggage.ca\/wp-content\/uploads\/2025\/01\/Pre-Book-Online.png 1262w, https:\/\/www.cdsbaggage.ca\/wp-content\/uploads\/2025\/01\/Pre-Book-Online-293x300.png 293w, https:\/\/www.cdsbaggage.ca\/wp-content\/uploads\/2025\/01\/Pre-Book-Online-999x1024.png 999w, https:\/\/www.cdsbaggage.ca\/wp-content\/uploads\/2025\/01\/Pre-Book-Online-768x787.png 768w\" sizes=\"auto, (max-width: 1262px) 100vw, 1262px\" \/>                        <\/div>\r\n                                    <\/div>\r\n            <\/div>\r\n        <\/div>\r\n\r\n                    <div class=\"grid md:grid-cols-6 xl:grid-cols-8 gap-8 xl:gap-8 relative z-20\">\r\n                \r\n                <!-- Top row of cards with offsets -->\r\n                <div class=\"md:col-start-1 md:col-span-2 xl:col-span-2 xl:col-start-1\">\r\n                                            <div class=\"card py-6 \">\r\n                                                        <h4 class=\"font-semibold font-subtitle text-2xl text-primary mb-4\">A\u00e9rogare internationale<\/h4>\r\n                            <p>Arriv\u00e9es internationales, niveau 2, apr\u00e8s Tim Hortons, pr\u00e8s des toilettes<\/p>\n<p>Heures : 07 h 00 \u2013 22 h 00<br \/>\nT\u00e9l\u00e9phone : 604-303-4500<\/p>\n                                                    <\/div>\r\n                                    <\/div>\r\n\r\n                <div class=\"md:col-start-5 md:col-span-2 xl:col-span-2 xl:col-start-7\">\r\n                                            <div class=\"card py-6 bg-white\/30 xl:bg-transparent  text-right\">\r\n                                                        <h4 class=\"font-semibold font-subtitle text-2xl text-primary mb-4\">A\u00e9rogare domestique<\/h4>\r\n                            <p style=\"text-align: right;\">Arriv\u00e9es domestiques, niveau 2, en face du carrousel 6<br \/>Heures : 06 h 00 \u2013 22 h 00<br \/>\nT\u00e9l\u00e9phone : 604-303-4500<\/p>\n                                                    <\/div>\r\n                                    <\/div>\r\n\r\n            <\/div>\r\n            <\/div>\r\n<\/section>\r\n\t<section class=\"block-cover alignfull bg-black text-white relative \" id=\"1676\">  \t\r\n\t \r\n\t<div class=\"h-full\"> \r\n\t<div class=\"header-image absolute inset-0 h-full\"><figure class=\"h-full w-full\"><img loading=\"lazy\" decoding=\"async\" width=\"2560\" height=\"1707\" src=\"https:\/\/www.cdsbaggage.ca\/wp-content\/uploads\/2025\/03\/aec89ecbc2e326f13d8d483804c4e758.jpeg\" class=\" h-full w-full object-cover opacity-100\" alt=\"Contactez-nous\" title=\"Contactez-nous\" srcset=\"https:\/\/www.cdsbaggage.ca\/wp-content\/uploads\/2025\/03\/aec89ecbc2e326f13d8d483804c4e758.jpeg 2560w, https:\/\/www.cdsbaggage.ca\/wp-content\/uploads\/2025\/03\/aec89ecbc2e326f13d8d483804c4e758-300x200.jpeg 300w, https:\/\/www.cdsbaggage.ca\/wp-content\/uploads\/2025\/03\/aec89ecbc2e326f13d8d483804c4e758-1024x683.jpeg 1024w, https:\/\/www.cdsbaggage.ca\/wp-content\/uploads\/2025\/03\/aec89ecbc2e326f13d8d483804c4e758-768x512.jpeg 768w, https:\/\/www.cdsbaggage.ca\/wp-content\/uploads\/2025\/03\/aec89ecbc2e326f13d8d483804c4e758-1536x1024.jpeg 1536w, https:\/\/www.cdsbaggage.ca\/wp-content\/uploads\/2025\/03\/aec89ecbc2e326f13d8d483804c4e758-2048x1366.jpeg 2048w, https:\/\/www.cdsbaggage.ca\/wp-content\/uploads\/2025\/03\/aec89ecbc2e326f13d8d483804c4e758-600x400.jpeg 600w\" sizes=\"auto, (max-width: 2560px) 100vw, 2560px\" \/><\/figure><\/div><div class=\"scrim absolute inset-0 h-full w-full\"><\/div><div class=\"relative h-full w-full flex items-center\"><div class=\"container mx-auto z-10 block-padding-top-extra2 block-padding-bottom-extra2 relative h-full\"><div class=\"w-full py-8 lg:p-12 sm:w-2\/3 lg:w-2\/5  text-left bg-none rounded-3xl\"><h2 class=\"text-6xl text-white font-title\">Contactez-nous<\/h2><div class=\"font-body text-white\"><p>Vous avez une question concernant un bagage retard\u00e9 ou besoin d\u2019un devis pour un transfert de groupe important? <a href=\"https:\/\/www.cdsbaggage.ca\/contact\/\">Communiquez avec notre \u00e9quipe<\/a> d\u00e8s aujourd\u2019hui. Nous sommes pr\u00eats \u00e0 vous offrir un service rapide et personnalis\u00e9.<\/p>\n<\/div>    <div class=\"wp-block-buttons   gap-1 sm:gap-2 flex flex-wrap\">\n                <div class=\"wp-block-button btn has-btn-filled\">\n\n                <a class=\"wp-block-button__link btn-filled btn-primary  flex items-center gap-2 scroll\" href=\"https:\/\/www.cdsbaggage.ca\/contact\/\" target=\"\">\n                    Contactez-nous                                    <\/a>\n            <\/div>\n                <\/div>\n<\/div><\/div><\/div>\t\t<\/div>\r\n\t<\/section>\r\n\t\t\r\n","protected":false},"excerpt":{"rendered":"","protected":false},"author":3,"featured_media":0,"parent":0,"menu_order":0,"comment_status":"closed","ping_status":"closed","template":"","meta":{"_acf_changed":false,"footnotes":""},"class_list":["post-1676","page","type-page","status-publish","hentry"],"acf":[],"featured_image_src":null,"featured_image_src_square":null,"_links":{"self":[{"href":"https:\/\/www.cdsbaggage.ca\/fr\/wp-json\/wp\/v2\/pages\/1676","targetHints":{"allow":["GET"]}}],"collection":[{"href":"https:\/\/www.cdsbaggage.ca\/fr\/wp-json\/wp\/v2\/pages"}],"about":[{"href":"https:\/\/www.cdsbaggage.ca\/fr\/wp-json\/wp\/v2\/types\/page"}],"author":[{"embeddable":true,"href":"https:\/\/www.cdsbaggage.ca\/fr\/wp-json\/wp\/v2\/users\/3"}],"replies":[{"embeddable":true,"href":"https:\/\/www.cdsbaggage.ca\/fr\/wp-json\/wp\/v2\/comments?post=1676"}],"version-history":[{"count":0,"href":"https:\/\/www.cdsbaggage.ca\/fr\/wp-json\/wp\/v2\/pages\/1676\/revisions"}],"wp:attachment":[{"href":"https:\/\/www.cdsbaggage.ca\/fr\/wp-json\/wp\/v2\/media?parent=1676"}],"curies":[{"name":"wp","href":"https:\/\/api.w.org\/{rel}","templated":true}]}}