 {"id":1701,"date":"2025-03-13T16:35:56","date_gmt":"2025-03-13T16:35:56","guid":{"rendered":"https:\/\/cds-baggage.local\/a-propos\/"},"modified":"2026-02-20T19:05:37","modified_gmt":"2026-02-20T19:05:37","slug":"a-propos","status":"publish","type":"page","link":"https:\/\/www.cdsbaggage.ca\/fr\/a-propos\/","title":{"rendered":"\u00c0 propos"},"content":{"rendered":"\n\t<section class=\"block-header alignfull bg-black text-white relative \" id=\"1701\">  \t\n\t \n\t<div class=\"h-full\"> \n\t<div class=\"header-gallery absolute inset-0 h-full\"><figure class=\"h-full w-full\"><img loading=\"lazy\" decoding=\"async\" width=\"2560\" height=\"1709\" src=\"https:\/\/www.cdsbaggage.ca\/wp-content\/uploads\/2025\/03\/getty-images-wjYboLphmBc-unsplash-scaled.jpg\" class=\" h-full w-full object-cover opacity-100\" alt=\"\u00c0 propos de nous\" title=\"\u00c0 propos de nous\" srcset=\"https:\/\/www.cdsbaggage.ca\/wp-content\/uploads\/2025\/03\/getty-images-wjYboLphmBc-unsplash-scaled.jpg 2560w, https:\/\/www.cdsbaggage.ca\/wp-content\/uploads\/2025\/03\/getty-images-wjYboLphmBc-unsplash-300x200.jpg 300w, https:\/\/www.cdsbaggage.ca\/wp-content\/uploads\/2025\/03\/getty-images-wjYboLphmBc-unsplash-1024x684.jpg 1024w, https:\/\/www.cdsbaggage.ca\/wp-content\/uploads\/2025\/03\/getty-images-wjYboLphmBc-unsplash-768x513.jpg 768w, https:\/\/www.cdsbaggage.ca\/wp-content\/uploads\/2025\/03\/getty-images-wjYboLphmBc-unsplash-1536x1025.jpg 1536w, https:\/\/www.cdsbaggage.ca\/wp-content\/uploads\/2025\/03\/getty-images-wjYboLphmBc-unsplash-2048x1367.jpg 2048w, https:\/\/www.cdsbaggage.ca\/wp-content\/uploads\/2025\/03\/getty-images-wjYboLphmBc-unsplash-600x400.jpg 600w\" sizes=\"auto, (max-width: 2560px) 100vw, 2560px\" \/><\/figure><\/div><div class=\"scrim absolute inset-0 h-full w-full\"><\/div><div class=\"relative h-full w-full flex items-center\"><div class=\"container mx-auto z-10 block-padding-top-extra2 block-padding-bottom-extra2 relative h-full\"><div class=\"w-full sm:w-2\/3 xl:w-1\/2 text-left\"><h2 class=\"font-subtitle text-3xl subtitle pb-6 text-primary \">En savoir plus<\/h2><h2 class=\"text-6xl lg:text-7xl text-white font-title\">\u00c0 propos de nous<\/h2><div class=\"font-body text-white \"><\/div><\/div><\/div><\/div>\t<\/div>\n<\/section>\n\t\t\n<section class=\"media-block   alignfull bg-light  block-padding-top block-padding-bottom relative overflow-hidden\" id=\"\">\n\t\t\t\t\t\t\t<div class=\"container mx-auto relative px-0 flex flex-col sm:flex-row\">\n\t\t\t<figure class=\"w-1\/2 relative padded\"><img loading=\"lazy\" decoding=\"async\" width=\"2560\" height=\"1707\" src=\"https:\/\/www.cdsbaggage.ca\/wp-content\/uploads\/2025\/03\/getty-images-ippiSwBBwjw-unsplash-scaled.jpg\" class=\" h-full w-full object-cover absolute rounded-xl  inset-0\" alt=\"Entreprise familiale exploit\u00e9e et g\u00e9r\u00e9e par ses propri\u00e9taires\" title=\"Entreprise familiale exploit\u00e9e et g\u00e9r\u00e9e par ses propri\u00e9taires\" srcset=\"https:\/\/www.cdsbaggage.ca\/wp-content\/uploads\/2025\/03\/getty-images-ippiSwBBwjw-unsplash-scaled.jpg 2560w, https:\/\/www.cdsbaggage.ca\/wp-content\/uploads\/2025\/03\/getty-images-ippiSwBBwjw-unsplash-300x200.jpg 300w, https:\/\/www.cdsbaggage.ca\/wp-content\/uploads\/2025\/03\/getty-images-ippiSwBBwjw-unsplash-1024x683.jpg 1024w, https:\/\/www.cdsbaggage.ca\/wp-content\/uploads\/2025\/03\/getty-images-ippiSwBBwjw-unsplash-768x512.jpg 768w, https:\/\/www.cdsbaggage.ca\/wp-content\/uploads\/2025\/03\/getty-images-ippiSwBBwjw-unsplash-1536x1024.jpg 1536w, https:\/\/www.cdsbaggage.ca\/wp-content\/uploads\/2025\/03\/getty-images-ippiSwBBwjw-unsplash-2048x1365.jpg 2048w, https:\/\/www.cdsbaggage.ca\/wp-content\/uploads\/2025\/03\/getty-images-ippiSwBBwjw-unsplash-600x400.jpg 600w\" sizes=\"auto, (max-width: 2560px) 100vw, 2560px\" \/><\/figure>\t\t\t\n\t\t\t\t<div class=\"content block-padding-top-extra block-padding-bottom-extra text-left md:w-1\/2 relative px-10 md:px-12 lg:px-32\">\n\t\t\t\t<h2 class=\"text-4xl text-dark font-title\">Entreprise familiale exploit\u00e9e et g\u00e9r\u00e9e par ses propri\u00e9taires<\/h2><h3 class=\"font-subtitle text-2xl subtitle pb-6 text-primary \">\u00c0 PROPOS DE CDS BAGGAGE SERVICES<\/h3><div class=\"font-body text-text-light \"><p>CDS Contract Delivery Services, faisant affaire sous le nom de CDS Baggage, est une entreprise familiale exploit\u00e9e et g\u00e9r\u00e9e par ses propri\u00e9taires. Offrant un service exceptionnel depuis plus de 25 ans, nous avons fait nos preuves en allant au-del\u00e0 des attentes de nos clients et de leurs clients.  <\/p>\n<\/div>    <div class=\"wp-block-buttons  gap-1 sm:gap-2 flex flex-wrap\">\n                <div class=\"wp-block-button btn has-btn-filled\">\n\n                <a class=\"wp-block-button__link btn-filled btn-primary  flex items-center gap-2 scroll\" href=\"#\" target=\"\">\n                    En savoir plus sur nous                                    <\/a>\n            <\/div>\n                <\/div>\n\t\t\t<\/div>\n        <\/div> \n\n\t\t\t<\/section>\r\n\t<section class=\"block-cover alignfull bg-black text-white relative \" id=\"1701\">  \t\r\n\t \r\n\t<div class=\"h-full\"> \r\n\t<div class=\"header-image absolute inset-0 h-full\"><figure class=\"h-full w-full\"><img loading=\"lazy\" decoding=\"async\" width=\"2560\" height=\"1707\" src=\"https:\/\/www.cdsbaggage.ca\/wp-content\/uploads\/2025\/03\/aec89ecbc2e326f13d8d483804c4e758.jpeg\" class=\" h-full w-full object-cover opacity-100\" alt=\"Contactez-nous\" title=\"Contactez-nous\" srcset=\"https:\/\/www.cdsbaggage.ca\/wp-content\/uploads\/2025\/03\/aec89ecbc2e326f13d8d483804c4e758.jpeg 2560w, https:\/\/www.cdsbaggage.ca\/wp-content\/uploads\/2025\/03\/aec89ecbc2e326f13d8d483804c4e758-300x200.jpeg 300w, https:\/\/www.cdsbaggage.ca\/wp-content\/uploads\/2025\/03\/aec89ecbc2e326f13d8d483804c4e758-1024x683.jpeg 1024w, https:\/\/www.cdsbaggage.ca\/wp-content\/uploads\/2025\/03\/aec89ecbc2e326f13d8d483804c4e758-768x512.jpeg 768w, https:\/\/www.cdsbaggage.ca\/wp-content\/uploads\/2025\/03\/aec89ecbc2e326f13d8d483804c4e758-1536x1024.jpeg 1536w, https:\/\/www.cdsbaggage.ca\/wp-content\/uploads\/2025\/03\/aec89ecbc2e326f13d8d483804c4e758-2048x1366.jpeg 2048w, https:\/\/www.cdsbaggage.ca\/wp-content\/uploads\/2025\/03\/aec89ecbc2e326f13d8d483804c4e758-600x400.jpeg 600w\" sizes=\"auto, (max-width: 2560px) 100vw, 2560px\" \/><\/figure><\/div><div class=\"scrim absolute inset-0 h-full w-full\"><\/div><div class=\"relative h-full w-full flex items-center\"><div class=\"container mx-auto z-10 block-padding-top-extra2 block-padding-bottom-extra2 relative h-full\"><div class=\"w-full py-8 lg:p-12 sm:w-2\/3 lg:w-2\/5  text-left bg-none rounded-3xl\"><h2 class=\"text-6xl text-white font-title\">Contactez-nous<\/h2><div class=\"font-body text-white\"><p>Vous avez une question concernant un bagage retard\u00e9 ou besoin d\u2019un devis pour un transfert de groupe important? <a href=\"https:\/\/www.cdsbaggage.ca\/contact\/\">Communiquez avec notre \u00e9quipe<\/a> d\u00e8s aujourd\u2019hui. Nous sommes pr\u00eats \u00e0 vous offrir un service rapide et personnalis\u00e9.<\/p>\n<\/div>    <div class=\"wp-block-buttons   gap-1 sm:gap-2 flex flex-wrap\">\n                <div class=\"wp-block-button btn has-btn-filled\">\n\n                <a class=\"wp-block-button__link btn-filled btn-primary  flex items-center gap-2 scroll\" href=\"https:\/\/www.cdsbaggage.ca\/contact\/\" target=\"\">\n                    Contactez-nous                                    <\/a>\n            <\/div>\n                <\/div>\n<\/div><\/div><\/div>\t\t<\/div>\r\n\t<\/section>\r\n\t\t\r\n","protected":false},"excerpt":{"rendered":"","protected":false},"author":3,"featured_media":0,"parent":0,"menu_order":0,"comment_status":"closed","ping_status":"closed","template":"","meta":{"_acf_changed":false,"footnotes":""},"class_list":["post-1701","page","type-page","status-publish","hentry"],"acf":[],"featured_image_src":null,"featured_image_src_square":null,"_links":{"self":[{"href":"https:\/\/www.cdsbaggage.ca\/fr\/wp-json\/wp\/v2\/pages\/1701","targetHints":{"allow":["GET"]}}],"collection":[{"href":"https:\/\/www.cdsbaggage.ca\/fr\/wp-json\/wp\/v2\/pages"}],"about":[{"href":"https:\/\/www.cdsbaggage.ca\/fr\/wp-json\/wp\/v2\/types\/page"}],"author":[{"embeddable":true,"href":"https:\/\/www.cdsbaggage.ca\/fr\/wp-json\/wp\/v2\/users\/3"}],"replies":[{"embeddable":true,"href":"https:\/\/www.cdsbaggage.ca\/fr\/wp-json\/wp\/v2\/comments?post=1701"}],"version-history":[{"count":0,"href":"https:\/\/www.cdsbaggage.ca\/fr\/wp-json\/wp\/v2\/pages\/1701\/revisions"}],"wp:attachment":[{"href":"https:\/\/www.cdsbaggage.ca\/fr\/wp-json\/wp\/v2\/media?parent=1701"}],"curies":[{"name":"wp","href":"https:\/\/api.w.org\/{rel}","templated":true}]}}