 {"id":1718,"date":"2025-03-13T16:42:42","date_gmt":"2025-03-13T16:42:42","guid":{"rendered":"https:\/\/cds-baggage.local\/stockage-livraison\/"},"modified":"2026-02-20T19:06:17","modified_gmt":"2026-02-20T19:06:17","slug":"stockage-livraison","status":"publish","type":"page","link":"https:\/\/www.cdsbaggage.ca\/fr\/stockage-livraison\/","title":{"rendered":"Stockage &amp; Livraison"},"content":{"rendered":"\n\t<section class=\"block-header alignfull bg-black text-white relative \" id=\"1718\">  \t\n\t \n\t<div class=\"h-full\"> \n\t<div class=\"header-gallery absolute inset-0 h-full\"><figure class=\"h-full w-full\"><img loading=\"lazy\" decoding=\"async\" width=\"2400\" height=\"1601\" src=\"https:\/\/www.cdsbaggage.ca\/wp-content\/uploads\/2025\/03\/getty-images-0teSWTbIu4c-unsplash.jpg\" class=\" h-full w-full object-cover opacity-90\" alt=\"Stockage &amp; Livraison\" title=\"Stockage &amp; Livraison\" srcset=\"https:\/\/www.cdsbaggage.ca\/wp-content\/uploads\/2025\/03\/getty-images-0teSWTbIu4c-unsplash.jpg 2400w, https:\/\/www.cdsbaggage.ca\/wp-content\/uploads\/2025\/03\/getty-images-0teSWTbIu4c-unsplash-300x200.jpg 300w, https:\/\/www.cdsbaggage.ca\/wp-content\/uploads\/2025\/03\/getty-images-0teSWTbIu4c-unsplash-1024x683.jpg 1024w, https:\/\/www.cdsbaggage.ca\/wp-content\/uploads\/2025\/03\/getty-images-0teSWTbIu4c-unsplash-768x512.jpg 768w, https:\/\/www.cdsbaggage.ca\/wp-content\/uploads\/2025\/03\/getty-images-0teSWTbIu4c-unsplash-1536x1025.jpg 1536w, https:\/\/www.cdsbaggage.ca\/wp-content\/uploads\/2025\/03\/getty-images-0teSWTbIu4c-unsplash-2048x1366.jpg 2048w, https:\/\/www.cdsbaggage.ca\/wp-content\/uploads\/2025\/03\/getty-images-0teSWTbIu4c-unsplash-600x400.jpg 600w\" sizes=\"auto, (max-width: 2400px) 100vw, 2400px\" \/><\/figure><\/div><div class=\"scrim absolute inset-0 h-full w-full\"><\/div><div class=\"relative h-full w-full flex items-center\"><div class=\"container mx-auto z-10 block-padding-top-extra2 block-padding-bottom-extra2 relative h-full\"><div class=\"w-full sm:w-2\/3 xl:w-1\/2 text-left\"><h2 class=\"font-subtitle text-3xl subtitle pb-6 text-primary \">R\u00e9server en ligne<\/h2><h2 class=\"text-6xl lg:text-7xl text-white font-title\">Stockage &amp; Livraison<\/h2><div class=\"font-body text-white \"><p>Pr\u00e9-r\u00e9servez votre stockage et passez moins de temps \u00e0 d\u00e9poser vos bagages et plus de temps \u00e0 explorer Vancouver.<\/p>\n<\/div><\/div><\/div><\/div>\t<\/div>\n<\/section>\n\t\t\n\r\n<section class=\"card-cta relative alignfull bg-off-white block-padding-bottom \">\r\n    <div class=\"container mx-auto block-padding-top block-padding-bottom text-center\">\r\n\r\n        <h2 class=\"text-4xl text- font-title\">R\u00e9servez en ligne \u00e0 l\u2019avance<\/h2><h4 class=\"font-subtitle text-2xl subtitle pb-6 text-\">Stockage YVR<\/h4><div class=\"font-body text-\"><h4 style=\"text-align: center\">Deux emplacements pratiques situ\u00e9s \u00e0 l\u2019a\u00e9roport international de Vancouver<\/h4>\n<p><em class=\"text-sm\" style=\"text-align: center\">Tous les tarifs de stockage sont calcul\u00e9s par p\u00e9riode de 24 heures. Vous devrez pr\u00e9senter une pi\u00e8ce d\u2019identit\u00e9 avec photo et votre itin\u00e9raire de voyage pour entreposer vos bagages, conform\u00e9ment aux exigences de Transports Canada. <\/em><\/p>\n<\/div>    <\/div>\r\n            \r\n    <div class=\"container relative z-10 mx-auto lg:pt-40 block-padding-bottom\">\r\n\r\n        <!-- Center image -->\r\n        <div class=\"absolute inset-x-0 bottom-0 h-full w-full z-0\">\r\n            <div class=\"container mx-auto h-full\">\r\n                <div class=\"flex items-end justify-center h-full\">\r\n                                            <div class=\"w-full xl:w-2\/3 h-auto\">\r\n                            <img loading=\"lazy\" decoding=\"async\" width=\"1262\" height=\"1294\" src=\"https:\/\/www.cdsbaggage.ca\/wp-content\/uploads\/2025\/01\/Pre-Book-Online.png\" class=\"w-1\/2 mx-auto h-full object-contain object-bottom object-center\" alt=\"\" srcset=\"https:\/\/www.cdsbaggage.ca\/wp-content\/uploads\/2025\/01\/Pre-Book-Online.png 1262w, https:\/\/www.cdsbaggage.ca\/wp-content\/uploads\/2025\/01\/Pre-Book-Online-293x300.png 293w, https:\/\/www.cdsbaggage.ca\/wp-content\/uploads\/2025\/01\/Pre-Book-Online-999x1024.png 999w, https:\/\/www.cdsbaggage.ca\/wp-content\/uploads\/2025\/01\/Pre-Book-Online-768x787.png 768w\" sizes=\"auto, (max-width: 1262px) 100vw, 1262px\" \/>                        <\/div>\r\n                                    <\/div>\r\n            <\/div>\r\n        <\/div>\r\n\r\n                    <div class=\"grid md:grid-cols-6 xl:grid-cols-8 gap-8 xl:gap-8 relative z-20\">\r\n                \r\n                <!-- Top row of cards with offsets -->\r\n                <div class=\"md:col-start-1 md:col-span-2 xl:col-span-2 xl:col-start-1\">\r\n                                            <div class=\"card py-6 \">\r\n                                                        <h4 class=\"font-semibold font-subtitle text-2xl text-primary mb-4\">A\u00e9rogare internationale<\/h4>\r\n                            <p>Arriv\u00e9es internationales, niveau 2, apr\u00e8s Tim Hortons, pr\u00e8s des toilettes<\/p>\n<p>Heures : 07 h 00 \u2013 22 h 00<br \/>\nT\u00e9l\u00e9phone : 604-303-4500<\/p>\n                                                    <\/div>\r\n                                    <\/div>\r\n\r\n                <div class=\"md:col-start-5 md:col-span-2 xl:col-span-2 xl:col-start-7\">\r\n                                            <div class=\"card py-6 bg-white\/30 xl:bg-transparent  text-right\">\r\n                                                        <h4 class=\"font-semibold font-subtitle text-2xl text-primary mb-4\">A\u00e9rogare domestique<\/h4>\r\n                            <p style=\"text-align: right;\">Arriv\u00e9es int\u00e9rieures, niveau 2, en face du carrousel 6<br \/>\nHeures d\u2019ouverture : 06h00 \u2013 22h00<\/p>\n                                                    <\/div>\r\n                                    <\/div>\r\n\r\n            <\/div>\r\n            <\/div>\r\n<\/section><section class=\"text-block   alignfull bg-white  py-1 block-padding-top block-padding-bottom relative\" id=\"\">\n\t \n\t<div class=\"container mx-auto   flex justify-center flex-col items-center\">\n\t\t<div class=\"w-full  text-center \">\n\t\t\t<h2 class=\"text-4xl text-dark font-title\">D\u00e9tails de la r\u00e9servation<\/h2><div class=\"font-body text-text-light text-1-col\"><p>Veuillez vous assurer que la personne qui d\u00e9pose les bagages correspond au nom de la personne ayant effectu\u00e9 la pr\u00e9-r\u00e9servation et qu\u2019elle est munie d\u2019une pi\u00e8ce d\u2019identit\u00e9 gouvernementale avec photo et d\u2019une preuve de voyage.<\/p>\n<p>Nous vous remercions de votre compr\u00e9hension et avons h\u00e2te de vous voir bient\u00f4t.<\/p>\n<p><iframe style=\"border: none; height: 431px;\" src=\"\/wp-content\/themes\/Csek\/resources\/show_iframe_component\/4139404.html?source=live_site\" width=\"100%\"><\/iframe><\/p>\n<\/div>\t\n\t\t<\/div>\t\t\n\t<\/div>\n\n <\/section>\n\n\r\n\t<section class=\"block-cover alignfull bg-black text-white relative \" id=\"1718\">  \t\r\n\t \r\n\t<div class=\"h-full\"> \r\n\t<div class=\"header-image absolute inset-0 h-full\"><figure class=\"h-full w-full\"><img loading=\"lazy\" decoding=\"async\" width=\"2560\" height=\"1707\" src=\"https:\/\/www.cdsbaggage.ca\/wp-content\/uploads\/2025\/03\/aec89ecbc2e326f13d8d483804c4e758.jpeg\" class=\" h-full w-full object-cover opacity-100\" alt=\"Contactez-nous\" title=\"Contactez-nous\" srcset=\"https:\/\/www.cdsbaggage.ca\/wp-content\/uploads\/2025\/03\/aec89ecbc2e326f13d8d483804c4e758.jpeg 2560w, https:\/\/www.cdsbaggage.ca\/wp-content\/uploads\/2025\/03\/aec89ecbc2e326f13d8d483804c4e758-300x200.jpeg 300w, https:\/\/www.cdsbaggage.ca\/wp-content\/uploads\/2025\/03\/aec89ecbc2e326f13d8d483804c4e758-1024x683.jpeg 1024w, https:\/\/www.cdsbaggage.ca\/wp-content\/uploads\/2025\/03\/aec89ecbc2e326f13d8d483804c4e758-768x512.jpeg 768w, https:\/\/www.cdsbaggage.ca\/wp-content\/uploads\/2025\/03\/aec89ecbc2e326f13d8d483804c4e758-1536x1024.jpeg 1536w, https:\/\/www.cdsbaggage.ca\/wp-content\/uploads\/2025\/03\/aec89ecbc2e326f13d8d483804c4e758-2048x1366.jpeg 2048w, https:\/\/www.cdsbaggage.ca\/wp-content\/uploads\/2025\/03\/aec89ecbc2e326f13d8d483804c4e758-600x400.jpeg 600w\" sizes=\"auto, (max-width: 2560px) 100vw, 2560px\" \/><\/figure><\/div><div class=\"scrim absolute inset-0 h-full w-full\"><\/div><div class=\"relative h-full w-full flex items-center\"><div class=\"container mx-auto z-10 block-padding-top-extra2 block-padding-bottom-extra2 relative h-full\"><div class=\"w-full py-8 lg:p-12 sm:w-2\/3 lg:w-2\/5  text-left bg-none rounded-3xl\"><h2 class=\"text-6xl text-white font-title\">Contactez-nous<\/h2><div class=\"font-body text-white\"><p>Vous avez une question concernant un bagage retard\u00e9 ou besoin d\u2019un devis pour un transfert de groupe important? <a href=\"https:\/\/www.cdsbaggage.ca\/contact\/\">Communiquez avec notre \u00e9quipe<\/a> d\u00e8s aujourd\u2019hui. Nous sommes pr\u00eats \u00e0 vous offrir un service rapide et personnalis\u00e9.<\/p>\n<\/div>    <div class=\"wp-block-buttons   gap-1 sm:gap-2 flex flex-wrap\">\n                <div class=\"wp-block-button btn has-btn-filled\">\n\n                <a class=\"wp-block-button__link btn-filled btn-primary  flex items-center gap-2 scroll\" href=\"https:\/\/www.cdsbaggage.ca\/contact\/\" target=\"\">\n                    Contactez-nous                                    <\/a>\n            <\/div>\n                <\/div>\n<\/div><\/div><\/div>\t\t<\/div>\r\n\t<\/section>\r\n\t\t\r\n","protected":false},"excerpt":{"rendered":"","protected":false},"author":3,"featured_media":0,"parent":0,"menu_order":0,"comment_status":"closed","ping_status":"closed","template":"","meta":{"_acf_changed":false,"footnotes":""},"class_list":["post-1718","page","type-page","status-publish","hentry"],"acf":[],"featured_image_src":null,"featured_image_src_square":null,"_links":{"self":[{"href":"https:\/\/www.cdsbaggage.ca\/fr\/wp-json\/wp\/v2\/pages\/1718","targetHints":{"allow":["GET"]}}],"collection":[{"href":"https:\/\/www.cdsbaggage.ca\/fr\/wp-json\/wp\/v2\/pages"}],"about":[{"href":"https:\/\/www.cdsbaggage.ca\/fr\/wp-json\/wp\/v2\/types\/page"}],"author":[{"embeddable":true,"href":"https:\/\/www.cdsbaggage.ca\/fr\/wp-json\/wp\/v2\/users\/3"}],"replies":[{"embeddable":true,"href":"https:\/\/www.cdsbaggage.ca\/fr\/wp-json\/wp\/v2\/comments?post=1718"}],"version-history":[{"count":0,"href":"https:\/\/www.cdsbaggage.ca\/fr\/wp-json\/wp\/v2\/pages\/1718\/revisions"}],"wp:attachment":[{"href":"https:\/\/www.cdsbaggage.ca\/fr\/wp-json\/wp\/v2\/media?parent=1718"}],"curies":[{"name":"wp","href":"https:\/\/api.w.org\/{rel}","templated":true}]}}