 {"id":1719,"date":"2025-03-13T20:13:36","date_gmt":"2025-03-13T20:13:36","guid":{"rendered":"https:\/\/cds-baggage.local\/services\/"},"modified":"2026-02-20T19:12:43","modified_gmt":"2026-02-20T19:12:43","slug":"services","status":"publish","type":"page","link":"https:\/\/www.cdsbaggage.ca\/fr\/services\/","title":{"rendered":"Services"},"content":{"rendered":"\n\t<section class=\"block-header alignfull bg-black text-white relative \" id=\"1719\">  \t\n\t \n\t<div class=\"h-full\"> \n\t<div class=\"header-gallery absolute inset-0 h-full\"><figure class=\"h-full w-full\"><img loading=\"lazy\" decoding=\"async\" width=\"2560\" height=\"1707\" src=\"https:\/\/www.cdsbaggage.ca\/wp-content\/uploads\/2025\/03\/getty-images-7ytv316t0No-unsplash-scaled.jpg\" class=\" h-full w-full object-cover opacity-90\" alt=\"Votre solution de bagagerie de bout en bout\" title=\"Votre solution de bagagerie de bout en bout\" srcset=\"https:\/\/www.cdsbaggage.ca\/wp-content\/uploads\/2025\/03\/getty-images-7ytv316t0No-unsplash-scaled.jpg 2560w, https:\/\/www.cdsbaggage.ca\/wp-content\/uploads\/2025\/03\/getty-images-7ytv316t0No-unsplash-300x200.jpg 300w, https:\/\/www.cdsbaggage.ca\/wp-content\/uploads\/2025\/03\/getty-images-7ytv316t0No-unsplash-1024x683.jpg 1024w, https:\/\/www.cdsbaggage.ca\/wp-content\/uploads\/2025\/03\/getty-images-7ytv316t0No-unsplash-768x512.jpg 768w, https:\/\/www.cdsbaggage.ca\/wp-content\/uploads\/2025\/03\/getty-images-7ytv316t0No-unsplash-1536x1024.jpg 1536w, https:\/\/www.cdsbaggage.ca\/wp-content\/uploads\/2025\/03\/getty-images-7ytv316t0No-unsplash-2048x1365.jpg 2048w, https:\/\/www.cdsbaggage.ca\/wp-content\/uploads\/2025\/03\/getty-images-7ytv316t0No-unsplash-600x400.jpg 600w\" sizes=\"auto, (max-width: 2560px) 100vw, 2560px\" \/><\/figure><\/div><div class=\"scrim absolute inset-0 h-full w-full\"><\/div><div class=\"relative h-full w-full flex items-center\"><div class=\"container mx-auto z-10 block-padding-top-extra2 block-padding-bottom-extra2 relative h-full\"><div class=\"w-full sm:w-2\/3 xl:w-1\/2 text-left\"><h2 class=\"font-subtitle text-3xl subtitle pb-6 text-primary \">Services de bagagerie complets<\/h2><h2 class=\"text-6xl lg:text-7xl text-white font-title\">Votre solution de bagagerie de bout en bout<\/h2><div class=\"font-body text-white \"><p>Consigne, livraison, r\u00e9paration, vente et logistique sp\u00e9cialis\u00e9e \u2014 tous les services dont vous avez besoin pour g\u00e9rer vos \u00e9quipements, r\u00e9unis sous un m\u00eame toit.<\/p>\n<\/div><\/div><\/div><\/div>\t<\/div>\n<\/section>\n\t\t\n\r\n<section class=\"card-columns-block  alignfull bg-white py-1 block-padding-top block-padding-bottom relative\" id=\"\">\r\n    <div class=\"container mx-auto flex justify-center flex-col items-center\">\r\n        <div class=\"w-full text-center\">\r\n            <h2 class=\"text-4xl text-dark font-title\">Nos services<\/h2><h3 class=\"font-subtitle text-2xl subtitle pb-6 text-primary\">Solutions compl\u00e8tes<\/h3><div class=\"font-body text-dark\"><p>De l\u2019entreposage \u00e0 court terme \u00e0 la logistique \u00e9v\u00e9nementielle complexe, nous nous chargeons du travail exigeant afin que vous puissiez vous concentrer sur votre voyage. D\u00e9couvrez l\u2019ensemble de nos services de bagages ci-dessous. <\/p>\n<\/div>        <\/div>\r\n\r\n        <div class=\"grid grid-cols-1 sm:grid-cols-2 gap-3 lg:grid-cols-3 lg:gap-8\">\r\n    <div class='card flex flex-col items-start '>\r\n\r\n        <div class=\"card-icon flex h-16\"><img loading=\"lazy\" decoding=\"async\" width=\"89\" height=\"85\" src=\"https:\/\/www.cdsbaggage.ca\/wp-content\/uploads\/2025\/01\/Baggage-storage.png\" class=\"  object-contain\" alt=\"\" \/><\/div>\r\n        <div class=\"lg:pr-8 lg:last:pr-0 py-4 relative\">\r\n            <h3 class=\"text-xl text-dark font-title\">Consigne \u00e0 bagages<\/h3><div class=\"font-body text-text-light-bg\"><p>Entreposez vos bagages en toute s\u00e9curit\u00e9 pour de courtes ou longues dur\u00e9es. Un service pratique et s\u00e9curis\u00e9 dans nos diff\u00e9rents points de vente. <\/p>\n<\/div><div class=\"wp-block-button btn has-btn-text\"><a href=\"https:\/\/www.cdsbaggage.ca\/services\/baggage-storage\/\" class=\"wp-block-button__link btn-text text-primary hover:text-dark transition-all\">apprendre encore plus<\/a><\/div>        <\/div>\r\n\r\n        \r\n    <\/div>  \r\n\r\n\r\n    <div class='card flex flex-col items-start '>\r\n\r\n        <div class=\"card-icon flex h-16\"><img loading=\"lazy\" decoding=\"async\" width=\"80\" height=\"85\" src=\"https:\/\/www.cdsbaggage.ca\/wp-content\/uploads\/2025\/01\/Baggage-Delivery.png\" class=\"  object-contain\" alt=\"\" \/><\/div>\r\n        <div class=\"lg:pr-8 lg:last:pr-0 py-4 relative\">\r\n            <h3 class=\"text-xl text-dark font-title\">Livraison de bagages retard\u00e9s<\/h3><div class=\"font-body text-text-light-bg\"><p>Faites livrer vos bagages retard\u00e9s directement \u00e0 votre porte. Nous collaborons avec plusieurs transporteurs et proposons un suivi pour vous tenir inform\u00e9 en temps r\u00e9el. <\/p>\n<\/div><div class=\"wp-block-button btn has-btn-text\"><a href=\"https:\/\/www.cdsbaggage.ca\/services\/delayed-baggage-delivery\/\" class=\"wp-block-button__link btn-text text-primary hover:text-dark transition-all\">apprendre encore plus<\/a><\/div>        <\/div>\r\n\r\n        \r\n    <\/div>  \r\n\r\n\r\n    <div class='card flex flex-col items-start '>\r\n\r\n        <div class=\"card-icon flex h-16\"><img loading=\"lazy\" decoding=\"async\" width=\"85\" height=\"85\" src=\"https:\/\/www.cdsbaggage.ca\/wp-content\/uploads\/2025\/01\/Repair-Replacement.png\" class=\"  object-contain\" alt=\"\" \/><\/div>\r\n        <div class=\"lg:pr-8 lg:last:pr-0 py-4 relative\">\r\n            <h3 class=\"text-xl text-dark font-title\">R\u00e9paration et remplacement pour les clients des compagnies a\u00e9riennes<\/h3><div class=\"font-body text-text-light-bg\"><p>Obtenez des solutions rapides de r\u00e9paration ou de remplacement pour les bagages endommag\u00e9s. Nous collaborons avec des fournisseurs de confiance comme Sea2Sky Bags afin de garantir des produits de qualit\u00e9. <\/p>\n<\/div><div class=\"wp-block-button btn has-btn-text\"><a href=\"https:\/\/www.cdsbaggage.ca\/services\/repair-replacement-for-airline-clients\/\" class=\"wp-block-button__link btn-text text-primary hover:text-dark transition-all\">apprendre encore plus<\/a><\/div>        <\/div>\r\n\r\n        \r\n    <\/div>  \r\n\r\n\r\n    <div class='card flex flex-col items-start '>\r\n\r\n        <div class=\"card-icon flex h-16\"><img loading=\"lazy\" decoding=\"async\" width=\"82\" height=\"85\" src=\"https:\/\/www.cdsbaggage.ca\/wp-content\/uploads\/2025\/01\/Retail-Luggage-Sales.png\" class=\"  object-contain\" alt=\"\" \/><\/div>\r\n        <div class=\"lg:pr-8 lg:last:pr-0 py-4 relative\">\r\n            <h3 class=\"text-xl text-dark font-title\">Vente au d\u00e9tail de bagages<\/h3><div class=\"font-body text-text-light-bg\"><p>Besoin d\u2019une nouvelle valise ou d\u2019un sac de voyage ? D\u00e9couvrez notre s\u00e9lection soigneusement choisie de Sea2Sky Bags afin de trouver le mod\u00e8le id\u00e9al pour votre voyage. <\/p>\n<\/div><div class=\"wp-block-button btn has-btn-text\"><a href=\"https:\/\/www.cdsbaggage.ca\/services\/retail-luggage-sales\/\" class=\"wp-block-button__link btn-text text-primary hover:text-dark transition-all\">apprendre encore plus<\/a><\/div>        <\/div>\r\n\r\n        \r\n    <\/div>  \r\n\r\n\r\n    <div class='card flex flex-col items-start '>\r\n\r\n        <div class=\"card-icon flex h-16\"><img loading=\"lazy\" decoding=\"async\" width=\"77\" height=\"85\" src=\"https:\/\/www.cdsbaggage.ca\/wp-content\/uploads\/2025\/01\/Cruise-Baggage-1.png\" class=\"  object-contain\" alt=\"\" \/><\/div>\r\n        <div class=\"lg:pr-8 lg:last:pr-0 py-4 relative\">\r\n            <h3 class=\"text-xl text-dark font-title\">Transfert de bagages pour croisi\u00e8res<\/h3><div class=\"font-body text-text-light-bg\"><p>Transf\u00e9rez vos bagages en toute fluidit\u00e9 de l\u2019a\u00e9roport directement \u00e0 votre navire de croisi\u00e8re, vous \u00e9pargnant ainsi temps et tracas.<\/p>\n<\/div><div class=\"wp-block-button btn has-btn-text\"><a href=\"https:\/\/www.cdsbaggage.ca\/services\/cruise-baggage-transfer\/\" class=\"wp-block-button__link btn-text text-primary hover:text-dark transition-all\">apprendre encore plus<\/a><\/div>        <\/div>\r\n\r\n        \r\n    <\/div>  \r\n\r\n\r\n    <div class='card flex flex-col items-start '>\r\n\r\n        <div class=\"card-icon flex h-16\"><img loading=\"lazy\" decoding=\"async\" width=\"85\" height=\"77\" src=\"https:\/\/www.cdsbaggage.ca\/wp-content\/uploads\/2025\/01\/Tour-Baggage-Logistics.png\" class=\"  object-contain\" alt=\"\" \/><\/div>\r\n        <div class=\"lg:pr-8 lg:last:pr-0 py-4 relative\">\r\n            <h3 class=\"text-xl text-dark font-title\">Tour Baggage Logistics<\/h3><div class=\"font-body text-text-light-bg\"><p>Vous planifiez un circuit ou un voyage de groupe ? Nous prenons en charge la logistique du transport des bagages de votre groupe de mani\u00e8re fluide et efficace. <\/p>\n<\/div><div class=\"wp-block-button btn has-btn-text\"><a href=\"https:\/\/www.cdsbaggage.ca\/services\/tour-baggage-logistics\/\" class=\"wp-block-button__link btn-text text-primary hover:text-dark transition-all\">apprendre encore plus<\/a><\/div>        <\/div>\r\n\r\n        \r\n    <\/div>  \r\n\r\n\r\n    <div class='card flex flex-col items-start '>\r\n\r\n        <div class=\"card-icon flex h-16\"><img loading=\"lazy\" decoding=\"async\" width=\"97\" height=\"85\" src=\"https:\/\/www.cdsbaggage.ca\/wp-content\/uploads\/2025\/01\/Same-Day-Baggage-Pickup.png\" class=\"  object-contain\" alt=\"\" \/><\/div>\r\n        <div class=\"lg:pr-8 lg:last:pr-0 py-4 relative\">\r\n            <h3 class=\"text-xl text-dark font-title\">Ramassage et livraison de bagages le jour m\u00eame<\/h3><div class=\"font-body text-text-light-bg\"><p>Besoin de d\u00e9placer vos bagages aujourd\u2019hui ? Nous proposons un service de ramassage et de livraison le jour m\u00eame pour vous \u00e9viter toute attente. <\/p>\n<\/div><div class=\"wp-block-button btn has-btn-text\"><a href=\"https:\/\/www.cdsbaggage.ca\/services\/same-day-baggage-pickup-delivery\/\" class=\"wp-block-button__link btn-text text-primary hover:text-dark transition-all\">apprendre encore plus<\/a><\/div>        <\/div>\r\n\r\n        \r\n    <\/div>  \r\n\r\n\r\n    <div class='card flex flex-col items-start '>\r\n\r\n        <div class=\"card-icon flex h-16\"><img loading=\"lazy\" decoding=\"async\" width=\"87\" height=\"85\" src=\"https:\/\/www.cdsbaggage.ca\/wp-content\/uploads\/2025\/01\/Event-Luggage-Logistics.png\" class=\"  object-contain\" alt=\"\" \/><\/div>\r\n        <div class=\"lg:pr-8 lg:last:pr-0 py-4 relative\">\r\n            <h3 class=\"text-xl text-dark font-title\">Logistique de bagages pour \u00e9v\u00e9nements<\/h3><div class=\"font-body text-text-light-bg\"><p>Vous organisez un \u00e9v\u00e9nement ou une conf\u00e9rence ? Nous g\u00e9rons le transport de grands volumes de bagages afin d\u2019assurer une exp\u00e9rience fluide aux participants. <\/p>\n<\/div><div class=\"wp-block-button btn has-btn-text\"><a href=\"https:\/\/www.cdsbaggage.ca\/services\/event-luggage-logistics\/\" class=\"wp-block-button__link btn-text text-primary hover:text-dark transition-all\">apprendre encore plus<\/a><\/div>        <\/div>\r\n\r\n        \r\n    <\/div>  \r\n\r\n\r\n    <div class='card flex flex-col items-start '>\r\n\r\n        <div class=\"card-icon flex h-16\"><img loading=\"lazy\" decoding=\"async\" width=\"121\" height=\"51\" src=\"https:\/\/www.cdsbaggage.ca\/wp-content\/uploads\/2025\/01\/Luggage-Trucking.png\" class=\"  object-contain\" alt=\"\" \/><\/div>\r\n        <div class=\"lg:pr-8 lg:last:pr-0 py-4 relative\">\r\n            <h3 class=\"text-xl text-dark font-title\">Transport de bagages par camion<\/h3><div class=\"font-body text-text-light-bg\"><p>Pour les trajets de longue distance ou les volumes plus importants, nous offrons des services de transport fiables afin d\u2019acheminer vos bagages \u00e0 destination, dans les d\u00e9lais et en parfait \u00e9tat.<\/p>\n<\/div><div class=\"wp-block-button btn has-btn-text\"><a href=\"https:\/\/www.cdsbaggage.ca\/?page_id=1514\" class=\"wp-block-button__link btn-text text-primary hover:text-dark transition-all\">apprendre encore plus<\/a><\/div>        <\/div>\r\n\r\n        \r\n    <\/div>  \r\n\r\n<\/div>    <\/div>\r\n<\/section>\r\n\t<section class=\"block-cover alignfull bg-black text-white relative \" id=\"1719\">  \t\r\n\t \r\n\t<div class=\"h-full\"> \r\n\t<div class=\"header-image absolute inset-0 h-full\"><figure class=\"h-full w-full\"><img loading=\"lazy\" decoding=\"async\" width=\"2560\" height=\"1707\" src=\"https:\/\/www.cdsbaggage.ca\/wp-content\/uploads\/2025\/03\/aec89ecbc2e326f13d8d483804c4e758.jpeg\" class=\" h-full w-full object-cover opacity-100\" alt=\"Contactez-nous\" title=\"Contactez-nous\" srcset=\"https:\/\/www.cdsbaggage.ca\/wp-content\/uploads\/2025\/03\/aec89ecbc2e326f13d8d483804c4e758.jpeg 2560w, https:\/\/www.cdsbaggage.ca\/wp-content\/uploads\/2025\/03\/aec89ecbc2e326f13d8d483804c4e758-300x200.jpeg 300w, https:\/\/www.cdsbaggage.ca\/wp-content\/uploads\/2025\/03\/aec89ecbc2e326f13d8d483804c4e758-1024x683.jpeg 1024w, https:\/\/www.cdsbaggage.ca\/wp-content\/uploads\/2025\/03\/aec89ecbc2e326f13d8d483804c4e758-768x512.jpeg 768w, https:\/\/www.cdsbaggage.ca\/wp-content\/uploads\/2025\/03\/aec89ecbc2e326f13d8d483804c4e758-1536x1024.jpeg 1536w, https:\/\/www.cdsbaggage.ca\/wp-content\/uploads\/2025\/03\/aec89ecbc2e326f13d8d483804c4e758-2048x1366.jpeg 2048w, https:\/\/www.cdsbaggage.ca\/wp-content\/uploads\/2025\/03\/aec89ecbc2e326f13d8d483804c4e758-600x400.jpeg 600w\" sizes=\"auto, (max-width: 2560px) 100vw, 2560px\" \/><\/figure><\/div><div class=\"scrim absolute inset-0 h-full w-full\"><\/div><div class=\"relative h-full w-full flex items-center\"><div class=\"container mx-auto z-10 block-padding-top-extra2 block-padding-bottom-extra2 relative h-full\"><div class=\"w-full py-8 lg:p-12 sm:w-2\/3 lg:w-2\/5  text-left bg-none rounded-3xl\"><h2 class=\"text-6xl text-white font-title\">Contactez-nous<\/h2><div class=\"font-body text-white\"><p>Vous avez une question concernant un bagage retard\u00e9 ou besoin d\u2019un devis pour un transfert de groupe important? <a href=\"https:\/\/www.cdsbaggage.ca\/contact\/\">Communiquez avec notre \u00e9quipe<\/a> d\u00e8s aujourd\u2019hui. Nous sommes pr\u00eats \u00e0 vous offrir un service rapide et personnalis\u00e9.<\/p>\n<\/div>    <div class=\"wp-block-buttons   gap-1 sm:gap-2 flex flex-wrap\">\n                <div class=\"wp-block-button btn has-btn-filled\">\n\n                <a class=\"wp-block-button__link btn-filled btn-primary  flex items-center gap-2 scroll\" href=\"https:\/\/www.cdsbaggage.ca\/contact\/\" target=\"\">\n                    Contactez-nous                                    <\/a>\n            <\/div>\n                <\/div>\n<\/div><\/div><\/div>\t\t<\/div>\r\n\t<\/section>\r\n\t\t\r\n","protected":false},"excerpt":{"rendered":"","protected":false},"author":3,"featured_media":0,"parent":0,"menu_order":0,"comment_status":"closed","ping_status":"closed","template":"","meta":{"_acf_changed":false,"footnotes":""},"class_list":["post-1719","page","type-page","status-publish","hentry"],"acf":[],"featured_image_src":null,"featured_image_src_square":null,"_links":{"self":[{"href":"https:\/\/www.cdsbaggage.ca\/fr\/wp-json\/wp\/v2\/pages\/1719","targetHints":{"allow":["GET"]}}],"collection":[{"href":"https:\/\/www.cdsbaggage.ca\/fr\/wp-json\/wp\/v2\/pages"}],"about":[{"href":"https:\/\/www.cdsbaggage.ca\/fr\/wp-json\/wp\/v2\/types\/page"}],"author":[{"embeddable":true,"href":"https:\/\/www.cdsbaggage.ca\/fr\/wp-json\/wp\/v2\/users\/3"}],"replies":[{"embeddable":true,"href":"https:\/\/www.cdsbaggage.ca\/fr\/wp-json\/wp\/v2\/comments?post=1719"}],"version-history":[{"count":0,"href":"https:\/\/www.cdsbaggage.ca\/fr\/wp-json\/wp\/v2\/pages\/1719\/revisions"}],"wp:attachment":[{"href":"https:\/\/www.cdsbaggage.ca\/fr\/wp-json\/wp\/v2\/media?parent=1719"}],"curies":[{"name":"wp","href":"https:\/\/api.w.org\/{rel}","templated":true}]}}