 {"id":1722,"date":"2025-11-24T21:27:29","date_gmt":"2025-11-24T21:27:29","guid":{"rendered":"https:\/\/cds-baggage.local\/services\/consigne-a-bagages\/"},"modified":"2026-02-20T19:17:30","modified_gmt":"2026-02-20T19:17:30","slug":"consigne-a-bagages","status":"publish","type":"page","link":"https:\/\/www.cdsbaggage.ca\/fr\/services\/consigne-a-bagages\/","title":{"rendered":"Consigne \u00e0 bagages"},"content":{"rendered":"\n\t<section class=\"block-header alignfull bg-black text-white relative \" id=\"1722\">  \t\n\t \n\t<div class=\"h-full\"> \n\t<div class=\"header-gallery absolute inset-0 h-full\"><figure class=\"h-full w-full\"><img loading=\"lazy\" decoding=\"async\" width=\"2560\" height=\"1707\" src=\"https:\/\/www.cdsbaggage.ca\/wp-content\/uploads\/2025\/11\/getty-images-NYkRWXleQBM-unsplash-scaled.jpg\" class=\" h-full w-full object-cover opacity-90\" alt=\"Explorez en toute libert\u00e9, nous veillons sur vos bagages\" title=\"Explorez en toute libert\u00e9, nous veillons sur vos bagages\" srcset=\"https:\/\/www.cdsbaggage.ca\/wp-content\/uploads\/2025\/11\/getty-images-NYkRWXleQBM-unsplash-scaled.jpg 2560w, https:\/\/www.cdsbaggage.ca\/wp-content\/uploads\/2025\/11\/getty-images-NYkRWXleQBM-unsplash-300x200.jpg 300w, https:\/\/www.cdsbaggage.ca\/wp-content\/uploads\/2025\/11\/getty-images-NYkRWXleQBM-unsplash-1024x683.jpg 1024w, https:\/\/www.cdsbaggage.ca\/wp-content\/uploads\/2025\/11\/getty-images-NYkRWXleQBM-unsplash-768x512.jpg 768w, https:\/\/www.cdsbaggage.ca\/wp-content\/uploads\/2025\/11\/getty-images-NYkRWXleQBM-unsplash-1536x1024.jpg 1536w, https:\/\/www.cdsbaggage.ca\/wp-content\/uploads\/2025\/11\/getty-images-NYkRWXleQBM-unsplash-2048x1365.jpg 2048w, https:\/\/www.cdsbaggage.ca\/wp-content\/uploads\/2025\/11\/getty-images-NYkRWXleQBM-unsplash-600x400.jpg 600w\" sizes=\"auto, (max-width: 2560px) 100vw, 2560px\" \/><\/figure><\/div><div class=\"scrim absolute inset-0 h-full w-full\"><\/div><div class=\"relative h-full w-full flex items-center\"><div class=\"container mx-auto z-10 block-padding-top-extra2 block-padding-bottom-extra2 relative h-full\"><div class=\"w-full sm:w-2\/3 xl:w-1\/2 text-left\"><h1 class=\"font-subtitle text-3xl subtitle pb-6 text-primary \">Entreposage s\u00e9curis\u00e9 des bagages : <\/h1><h2 class=\"text-6xl lg:text-7xl text-white font-title\">Explorez en toute libert\u00e9, nous veillons sur vos bagages<\/h2><div class=\"font-body text-white \"><p>D\u00e9posez vos bagages \u00e0 nos emplacements pratiques et profitez pleinement de votre libert\u00e9 de d\u00e9placement.<\/p>\n<\/div><\/div><\/div><\/div>\t<\/div>\n<\/section>\n\t\t\n<section class=\"media-block   alignfull bg-white  block-padding-top  relative overflow-hidden\" id=\"\">\n\t    <div class=\"container mx-auto relative   px-0 lg:flex justify-end bg-white md:rounded-3xl md:rounded-3xl  overflow-hidden flex-col sm:flex-row\">\n        <figure class=\"lg:w-3\/5 relative full\"><img loading=\"lazy\" decoding=\"async\" width=\"2400\" height=\"1600\" src=\"https:\/\/www.cdsbaggage.ca\/wp-content\/uploads\/2025\/03\/getty-images-ZmMoAxuuUFE-unsplash.jpg\" class=\" md:absolute inset-0 md:h-full w-full md:rounded-3xl md:rounded-3xl   object-cover \" alt=\"Profitez pleinement de votre journ\u00e9e\" title=\"Profitez pleinement de votre journ\u00e9e\" srcset=\"https:\/\/www.cdsbaggage.ca\/wp-content\/uploads\/2025\/03\/getty-images-ZmMoAxuuUFE-unsplash.jpg 2400w, https:\/\/www.cdsbaggage.ca\/wp-content\/uploads\/2025\/03\/getty-images-ZmMoAxuuUFE-unsplash-300x200.jpg 300w, https:\/\/www.cdsbaggage.ca\/wp-content\/uploads\/2025\/03\/getty-images-ZmMoAxuuUFE-unsplash-1024x683.jpg 1024w, https:\/\/www.cdsbaggage.ca\/wp-content\/uploads\/2025\/03\/getty-images-ZmMoAxuuUFE-unsplash-768x512.jpg 768w, https:\/\/www.cdsbaggage.ca\/wp-content\/uploads\/2025\/03\/getty-images-ZmMoAxuuUFE-unsplash-1536x1024.jpg 1536w, https:\/\/www.cdsbaggage.ca\/wp-content\/uploads\/2025\/03\/getty-images-ZmMoAxuuUFE-unsplash-2048x1365.jpg 2048w, https:\/\/www.cdsbaggage.ca\/wp-content\/uploads\/2025\/03\/getty-images-ZmMoAxuuUFE-unsplash-600x400.jpg 600w\" sizes=\"auto, (max-width: 2400px) 100vw, 2400px\" \/><\/figure>        <div class=\"container ml-auto relative\">\n\t\t\t<div class=\"content block-padding-top block-padding-bottom text-left\">\n            <h3 class=\"text-4xl text-text-light font-title\">Profitez pleinement de votre journ\u00e9e<\/h3><h4 class=\"font-subtitle text-2xl subtitle pb-6 text-primary \">Ne vous transformez pas en b\u00eate de somme<\/h4><div class=\"font-body text-text-light \"><p>Rien de pire que d\u2019essayer de profiter d\u2019un mus\u00e9e ou d\u2019un bon repas tout en luttant avec une valise de 50 lb. Que vous ayez quelques heures avant l\u2019enregistrement ou une longue escale avant votre vol, nous vous offrons la libert\u00e9 de d\u00e9couvrir la ville l\u00e9ger, les mains libres et sans souci. <\/p>\n<\/div>        \n            \n            <\/div>\n\t\t\t<\/div>\n        <\/div> \n\t\t\t<\/section><section class=\"media-block   alignfull bg-white  block-padding-top  relative overflow-hidden\" id=\"\">\n\t    <div class=\"container mx-auto relative   px-0 lg:flex justify-end bg-white md:rounded-3xl md:rounded-3xl  overflow-hidden flex-col sm:flex-row-reverse\">\n        <figure class=\"lg:w-3\/5 relative full\"><img loading=\"lazy\" decoding=\"async\" width=\"2560\" height=\"1709\" src=\"https:\/\/www.cdsbaggage.ca\/wp-content\/uploads\/2025\/11\/chuttersnap-qhNutmNU1pE-unsplash-scaled.jpg\" class=\" md:absolute inset-0 md:h-full w-full md:rounded-3xl md:rounded-3xl   object-cover \" alt=\"P\u00e9riodes flexibles \" title=\"P\u00e9riodes flexibles \" srcset=\"https:\/\/www.cdsbaggage.ca\/wp-content\/uploads\/2025\/11\/chuttersnap-qhNutmNU1pE-unsplash-scaled.jpg 2560w, https:\/\/www.cdsbaggage.ca\/wp-content\/uploads\/2025\/11\/chuttersnap-qhNutmNU1pE-unsplash-300x200.jpg 300w, https:\/\/www.cdsbaggage.ca\/wp-content\/uploads\/2025\/11\/chuttersnap-qhNutmNU1pE-unsplash-1024x684.jpg 1024w, https:\/\/www.cdsbaggage.ca\/wp-content\/uploads\/2025\/11\/chuttersnap-qhNutmNU1pE-unsplash-768x513.jpg 768w, https:\/\/www.cdsbaggage.ca\/wp-content\/uploads\/2025\/11\/chuttersnap-qhNutmNU1pE-unsplash-1536x1025.jpg 1536w, https:\/\/www.cdsbaggage.ca\/wp-content\/uploads\/2025\/11\/chuttersnap-qhNutmNU1pE-unsplash-2048x1367.jpg 2048w, https:\/\/www.cdsbaggage.ca\/wp-content\/uploads\/2025\/11\/chuttersnap-qhNutmNU1pE-unsplash-600x400.jpg 600w\" sizes=\"auto, (max-width: 2560px) 100vw, 2560px\" \/><\/figure>        <div class=\"container mr-auto relative\">\n\t\t\t<div class=\"content block-padding-top block-padding-bottom text-left\">\n            <h3 class=\"text-4xl text-text-light font-title\">P\u00e9riodes flexibles <\/h3><h4 class=\"font-subtitle text-2xl subtitle pb-6 text-primary \">De quelques heures \u00e0 plusieurs semaines<\/h4><div class=\"font-body text-text-light \"><p>Nos solutions d\u2019entreposage sont adapt\u00e9es \u00e0 votre horaire, et non au n\u00f4tre. Vous devez laisser un bagage pendant deux heures le temps de prendre un caf\u00e9 ? Aucun probl\u00e8me. Vous souhaitez entreposer votre \u00e9quipement d\u2019hiver pendant un mois avant de partir vers une destination tropicale ? C\u2019est possible \u00e9galement. Nous offrons des tarifs horaires, quotidiens et \u00e0 long terme pour convenir \u00e0 tout itin\u00e9raire.     <\/p>\n<\/div>        \n            \n            <\/div>\n\t\t\t<\/div>\n        <\/div> \n\t\t\t<\/section><section class=\"media-block   alignfull bg-white  block-padding-top block-padding-bottom relative overflow-hidden\" id=\"\">\n\t    <div class=\"container mx-auto relative   px-0 lg:flex justify-end bg-white md:rounded-3xl md:rounded-3xl  overflow-hidden flex-col sm:flex-row\">\n        <figure class=\"lg:w-3\/5 relative full\"><img loading=\"lazy\" decoding=\"async\" width=\"2560\" height=\"1707\" src=\"https:\/\/www.cdsbaggage.ca\/wp-content\/uploads\/2025\/11\/getty-images-cudDvIMME3c-unsplash-scaled.jpg\" class=\" md:absolute inset-0 md:h-full w-full md:rounded-3xl md:rounded-3xl   object-cover \" alt=\"La s\u00e9curit\u00e9 avant tout\" title=\"La s\u00e9curit\u00e9 avant tout\" srcset=\"https:\/\/www.cdsbaggage.ca\/wp-content\/uploads\/2025\/11\/getty-images-cudDvIMME3c-unsplash-scaled.jpg 2560w, https:\/\/www.cdsbaggage.ca\/wp-content\/uploads\/2025\/11\/getty-images-cudDvIMME3c-unsplash-300x200.jpg 300w, https:\/\/www.cdsbaggage.ca\/wp-content\/uploads\/2025\/11\/getty-images-cudDvIMME3c-unsplash-1024x683.jpg 1024w, https:\/\/www.cdsbaggage.ca\/wp-content\/uploads\/2025\/11\/getty-images-cudDvIMME3c-unsplash-768x512.jpg 768w, https:\/\/www.cdsbaggage.ca\/wp-content\/uploads\/2025\/11\/getty-images-cudDvIMME3c-unsplash-1536x1024.jpg 1536w, https:\/\/www.cdsbaggage.ca\/wp-content\/uploads\/2025\/11\/getty-images-cudDvIMME3c-unsplash-2048x1365.jpg 2048w, https:\/\/www.cdsbaggage.ca\/wp-content\/uploads\/2025\/11\/getty-images-cudDvIMME3c-unsplash-600x400.jpg 600w\" sizes=\"auto, (max-width: 2560px) 100vw, 2560px\" \/><\/figure>        <div class=\"container ml-auto relative\">\n\t\t\t<div class=\"content block-padding-top block-padding-bottom text-left\">\n            <h2 class=\"text-4xl text-text-light font-title\">La s\u00e9curit\u00e9 avant tout<\/h2><h3 class=\"font-subtitle text-2xl subtitle pb-6 text-primary \">Verrouill\u00e9, scell\u00e9 et surveill\u00e9<\/h3><div class=\"font-body text-text-light \"><p>La tranquillit\u00e9 d\u2019esprit fait partie du service. Tous les bagages entrepos\u00e9s sont conserv\u00e9s dans des installations s\u00e9curis\u00e9es et surveill\u00e9es par vid\u00e9o. Seul le personnel autoris\u00e9 a acc\u00e8s aux aires d\u2019entreposage, garantissant que vos effets personnels demeurent exactement tels que vous les avez laiss\u00e9s jusqu\u2019\u00e0 votre retour.  <\/p>\n<\/div>        \n            \n            <\/div>\n\t\t\t<\/div>\n        <\/div> \n\t\t\t<\/section><section class=\"text-block   alignfull bg-light  py-1 block-padding-top block-padding-bottom relative\" id=\"\">\n\t \n\t<div class=\"container mx-auto   flex justify-center flex-col items-center\">\n\t\t<div class=\"w-full  text-left \">\n\t\t\t<h2 class=\"text-4xl text-black font-title\">Deux emplacements pratiques situ\u00e9s \u00e0 l\u2019a\u00e9roport international de Vancouver<\/h2><div class=\"font-body text-text-light text-1-col\"><p>Veuillez vous assurer que la personne qui d\u00e9pose les bagages correspond au nom indiqu\u00e9 sur la pr\u00e9-r\u00e9servation. Elle devra \u00e9galement pr\u00e9senter une pi\u00e8ce d\u2019identit\u00e9 avec photo \u00e9mise par le gouvernement ainsi qu\u2019une preuve de voyage. Nous vous remercions de votre compr\u00e9hension et avons h\u00e2te de vous accueillir bient\u00f4t. <\/p>\n<p><em>Tous les tarifs d\u2019entreposage sont calcul\u00e9s par p\u00e9riode de 24 heures. Vous devrez pr\u00e9senter une pi\u00e8ce d\u2019identit\u00e9 avec photo ainsi que votre itin\u00e9raire de voyage pour entreposer vos bagages, conform\u00e9ment aux exigences de Transports Canada. <\/em><\/p>\n<\/div>    <div class=\"wp-block-buttons  mt-8 gap-1 sm:gap-2 flex flex-wrap\">\n                <div class=\"wp-block-button btn has-btn-filled\">\n\n                <a class=\"wp-block-button__link btn-filled btn-primary  flex items-center gap-2 scroll\" href=\"\/book-online\/\" target=\"\">\n                    R\u00e9servez maintenant                                    <\/a>\n            <\/div>\n                <\/div>\n\t\n\t\t<\/div>\t\t\n\t<\/div>\n\n <\/section>\n\n<section class=\"media-block   alignfull bg-white  block-padding-top block-padding-bottom relative overflow-hidden\" id=\"\">\n\t    <div class=\"container mx-auto relative   px-0 lg:flex justify-end bg-white md:rounded-3xl md:rounded-3xl  overflow-hidden flex-col sm:flex-row\">\n        <figure class=\"lg:w-3\/5 relative full\"><img loading=\"lazy\" decoding=\"async\" width=\"2560\" height=\"1707\" src=\"https:\/\/www.cdsbaggage.ca\/wp-content\/uploads\/2025\/11\/getty-images-cudDvIMME3c-unsplash-scaled.jpg\" class=\" md:absolute inset-0 md:h-full w-full md:rounded-3xl md:rounded-3xl   object-cover \" alt=\"A\u00e9rogare internationale \u00e0 YVR\" title=\"A\u00e9rogare internationale \u00e0 YVR\" srcset=\"https:\/\/www.cdsbaggage.ca\/wp-content\/uploads\/2025\/11\/getty-images-cudDvIMME3c-unsplash-scaled.jpg 2560w, https:\/\/www.cdsbaggage.ca\/wp-content\/uploads\/2025\/11\/getty-images-cudDvIMME3c-unsplash-300x200.jpg 300w, https:\/\/www.cdsbaggage.ca\/wp-content\/uploads\/2025\/11\/getty-images-cudDvIMME3c-unsplash-1024x683.jpg 1024w, https:\/\/www.cdsbaggage.ca\/wp-content\/uploads\/2025\/11\/getty-images-cudDvIMME3c-unsplash-768x512.jpg 768w, https:\/\/www.cdsbaggage.ca\/wp-content\/uploads\/2025\/11\/getty-images-cudDvIMME3c-unsplash-1536x1024.jpg 1536w, https:\/\/www.cdsbaggage.ca\/wp-content\/uploads\/2025\/11\/getty-images-cudDvIMME3c-unsplash-2048x1365.jpg 2048w, https:\/\/www.cdsbaggage.ca\/wp-content\/uploads\/2025\/11\/getty-images-cudDvIMME3c-unsplash-600x400.jpg 600w\" sizes=\"auto, (max-width: 2560px) 100vw, 2560px\" \/><\/figure>        <div class=\"container ml-auto relative\">\n\t\t\t<div class=\"content block-padding-top block-padding-bottom text-left\">\n            <h2 class=\"text-4xl text-text-light font-title\">A\u00e9rogare internationale \u00e0 YVR<\/h2><h3 class=\"font-subtitle text-2xl subtitle pb-6 text-primary \">Arriv\u00e9es internationales, niveau 2, apr\u00e8s Tim Hortons, pr\u00e8s des toilettes<\/h3><div class=\"font-body text-text-light \"><p>Heures : 07 h 00 &#8211; 22 h 00<br \/>\nT\u00e9l\u00e9phone : <a href=\"tel:16043034500\">604-303-4500<\/a><\/p>\n<\/div>        \n            \n            <\/div>\n\t\t\t<\/div>\n        <\/div> \n\t\t\t<\/section><section class=\"media-block   alignfull bg-white   block-padding-bottom relative overflow-hidden\" id=\"\">\n\t    <div class=\"container mx-auto relative   px-0 lg:flex justify-end bg-white md:rounded-3xl md:rounded-3xl  overflow-hidden flex-col sm:flex-row-reverse\">\n        <figure class=\"lg:w-3\/5 relative full\"><img loading=\"lazy\" decoding=\"async\" width=\"2560\" height=\"1707\" src=\"https:\/\/www.cdsbaggage.ca\/wp-content\/uploads\/2025\/11\/getty-images-cudDvIMME3c-unsplash-scaled.jpg\" class=\" md:absolute inset-0 md:h-full w-full md:rounded-3xl md:rounded-3xl   object-cover \" alt=\"A\u00e9rogare domestique \u00e0 YVR\" title=\"A\u00e9rogare domestique \u00e0 YVR\" srcset=\"https:\/\/www.cdsbaggage.ca\/wp-content\/uploads\/2025\/11\/getty-images-cudDvIMME3c-unsplash-scaled.jpg 2560w, https:\/\/www.cdsbaggage.ca\/wp-content\/uploads\/2025\/11\/getty-images-cudDvIMME3c-unsplash-300x200.jpg 300w, https:\/\/www.cdsbaggage.ca\/wp-content\/uploads\/2025\/11\/getty-images-cudDvIMME3c-unsplash-1024x683.jpg 1024w, https:\/\/www.cdsbaggage.ca\/wp-content\/uploads\/2025\/11\/getty-images-cudDvIMME3c-unsplash-768x512.jpg 768w, https:\/\/www.cdsbaggage.ca\/wp-content\/uploads\/2025\/11\/getty-images-cudDvIMME3c-unsplash-1536x1024.jpg 1536w, https:\/\/www.cdsbaggage.ca\/wp-content\/uploads\/2025\/11\/getty-images-cudDvIMME3c-unsplash-2048x1365.jpg 2048w, https:\/\/www.cdsbaggage.ca\/wp-content\/uploads\/2025\/11\/getty-images-cudDvIMME3c-unsplash-600x400.jpg 600w\" sizes=\"auto, (max-width: 2560px) 100vw, 2560px\" \/><\/figure>        <div class=\"container mr-auto relative\">\n\t\t\t<div class=\"content block-padding-top block-padding-bottom text-left\">\n            <h2 class=\"text-4xl text-text-light font-title\">A\u00e9rogare domestique \u00e0 YVR<\/h2><h3 class=\"font-subtitle text-2xl subtitle pb-6 text-primary \">Arriv\u00e9es domestiques, niveau 2, en face du carrousel 6<\/h3><div class=\"font-body text-text-light \"><p>Heures : 06 h 00 &#8211; 22 h 00<br \/>\nCourriel : <a href=\"mailto:info@cdsbaggage.ca\">info@cdsbaggage.ca<\/a><\/p>\n<\/div>        \n            \n            <\/div>\n\t\t\t<\/div>\n        <\/div> \n\t\t\t<\/section>\r\n\t<section class=\"block-cover alignfull bg-black text-white relative \" id=\"1722\">  \t\r\n\t \r\n\t<div class=\"h-full\"> \r\n\t<div class=\"header-image absolute inset-0 h-full\"><figure class=\"h-full w-full\"><img loading=\"lazy\" decoding=\"async\" width=\"2560\" height=\"1707\" src=\"https:\/\/www.cdsbaggage.ca\/wp-content\/uploads\/2025\/03\/aec89ecbc2e326f13d8d483804c4e758.jpeg\" class=\" h-full w-full object-cover opacity-100\" alt=\"Contactez-nous\" title=\"Contactez-nous\" srcset=\"https:\/\/www.cdsbaggage.ca\/wp-content\/uploads\/2025\/03\/aec89ecbc2e326f13d8d483804c4e758.jpeg 2560w, https:\/\/www.cdsbaggage.ca\/wp-content\/uploads\/2025\/03\/aec89ecbc2e326f13d8d483804c4e758-300x200.jpeg 300w, https:\/\/www.cdsbaggage.ca\/wp-content\/uploads\/2025\/03\/aec89ecbc2e326f13d8d483804c4e758-1024x683.jpeg 1024w, https:\/\/www.cdsbaggage.ca\/wp-content\/uploads\/2025\/03\/aec89ecbc2e326f13d8d483804c4e758-768x512.jpeg 768w, https:\/\/www.cdsbaggage.ca\/wp-content\/uploads\/2025\/03\/aec89ecbc2e326f13d8d483804c4e758-1536x1024.jpeg 1536w, https:\/\/www.cdsbaggage.ca\/wp-content\/uploads\/2025\/03\/aec89ecbc2e326f13d8d483804c4e758-2048x1366.jpeg 2048w, https:\/\/www.cdsbaggage.ca\/wp-content\/uploads\/2025\/03\/aec89ecbc2e326f13d8d483804c4e758-600x400.jpeg 600w\" sizes=\"auto, (max-width: 2560px) 100vw, 2560px\" \/><\/figure><\/div><div class=\"scrim absolute inset-0 h-full w-full\"><\/div><div class=\"relative h-full w-full flex items-center\"><div class=\"container mx-auto z-10 block-padding-top-extra2 block-padding-bottom-extra2 relative h-full\"><div class=\"w-full py-8 lg:p-12 sm:w-2\/3 lg:w-2\/5  text-left bg-none rounded-3xl\"><h2 class=\"text-6xl text-white font-title\">Contactez-nous<\/h2><div class=\"font-body text-white\"><p>Vous avez une question concernant un bagage retard\u00e9 ou besoin d\u2019un devis pour un transfert de groupe important? <a href=\"https:\/\/www.cdsbaggage.ca\/contact\/\">Communiquez avec notre \u00e9quipe<\/a> d\u00e8s aujourd\u2019hui. Nous sommes pr\u00eats \u00e0 vous offrir un service rapide et personnalis\u00e9.<\/p>\n<\/div>    <div class=\"wp-block-buttons   gap-1 sm:gap-2 flex flex-wrap\">\n                <div class=\"wp-block-button btn has-btn-filled\">\n\n                <a class=\"wp-block-button__link btn-filled btn-primary  flex items-center gap-2 scroll\" href=\"https:\/\/www.cdsbaggage.ca\/contact\/\" target=\"\">\n                    Contactez-nous                                    <\/a>\n            <\/div>\n                <\/div>\n<\/div><\/div><\/div>\t\t<\/div>\r\n\t<\/section>\r\n\t\t\r\n","protected":false},"excerpt":{"rendered":"","protected":false},"author":3,"featured_media":0,"parent":1719,"menu_order":0,"comment_status":"closed","ping_status":"closed","template":"","meta":{"_acf_changed":false,"footnotes":""},"class_list":["post-1722","page","type-page","status-publish","hentry"],"acf":[],"featured_image_src":null,"featured_image_src_square":null,"_links":{"self":[{"href":"https:\/\/www.cdsbaggage.ca\/fr\/wp-json\/wp\/v2\/pages\/1722","targetHints":{"allow":["GET"]}}],"collection":[{"href":"https:\/\/www.cdsbaggage.ca\/fr\/wp-json\/wp\/v2\/pages"}],"about":[{"href":"https:\/\/www.cdsbaggage.ca\/fr\/wp-json\/wp\/v2\/types\/page"}],"author":[{"embeddable":true,"href":"https:\/\/www.cdsbaggage.ca\/fr\/wp-json\/wp\/v2\/users\/3"}],"replies":[{"embeddable":true,"href":"https:\/\/www.cdsbaggage.ca\/fr\/wp-json\/wp\/v2\/comments?post=1722"}],"version-history":[{"count":0,"href":"https:\/\/www.cdsbaggage.ca\/fr\/wp-json\/wp\/v2\/pages\/1722\/revisions"}],"up":[{"embeddable":true,"href":"https:\/\/www.cdsbaggage.ca\/fr\/wp-json\/wp\/v2\/pages\/1719"}],"wp:attachment":[{"href":"https:\/\/www.cdsbaggage.ca\/fr\/wp-json\/wp\/v2\/media?parent=1722"}],"curies":[{"name":"wp","href":"https:\/\/api.w.org\/{rel}","templated":true}]}}