 {"id":1727,"date":"2025-03-13T16:47:04","date_gmt":"2025-03-13T16:47:04","guid":{"rendered":"https:\/\/cds-baggage.local\/contact\/"},"modified":"2026-02-20T19:21:29","modified_gmt":"2026-02-20T19:21:29","slug":"contact","status":"publish","type":"page","link":"https:\/\/www.cdsbaggage.ca\/fr\/contact\/","title":{"rendered":"Contact"},"content":{"rendered":"\n\t<section class=\"block-header alignfull bg-black text-white relative \" id=\"1727\">  \t\n\t \n\t<div class=\"h-full\"> \n\t<div class=\"header-gallery absolute inset-0 h-full\"><figure class=\"h-full w-full\"><img loading=\"lazy\" decoding=\"async\" width=\"1708\" height=\"2560\" src=\"https:\/\/www.cdsbaggage.ca\/wp-content\/uploads\/2025\/03\/getty-images-tcwXvVUB-d0-unsplash-scaled.jpg\" class=\" h-full w-full object-cover opacity-100\" alt=\"Nous sommes l\u00e0 pour vous aider\" title=\"Nous sommes l\u00e0 pour vous aider\" srcset=\"https:\/\/www.cdsbaggage.ca\/wp-content\/uploads\/2025\/03\/getty-images-tcwXvVUB-d0-unsplash-scaled.jpg 1708w, https:\/\/www.cdsbaggage.ca\/wp-content\/uploads\/2025\/03\/getty-images-tcwXvVUB-d0-unsplash-200x300.jpg 200w, https:\/\/www.cdsbaggage.ca\/wp-content\/uploads\/2025\/03\/getty-images-tcwXvVUB-d0-unsplash-683x1024.jpg 683w, https:\/\/www.cdsbaggage.ca\/wp-content\/uploads\/2025\/03\/getty-images-tcwXvVUB-d0-unsplash-768x1151.jpg 768w, https:\/\/www.cdsbaggage.ca\/wp-content\/uploads\/2025\/03\/getty-images-tcwXvVUB-d0-unsplash-1025x1536.jpg 1025w, https:\/\/www.cdsbaggage.ca\/wp-content\/uploads\/2025\/03\/getty-images-tcwXvVUB-d0-unsplash-1366x2048.jpg 1366w\" sizes=\"auto, (max-width: 1708px) 100vw, 1708px\" \/><\/figure><\/div><div class=\"scrim absolute inset-0 h-full w-full\"><\/div><div class=\"relative h-full w-full flex items-center\"><div class=\"container mx-auto z-10 block-padding-top-extra2 block-padding-bottom-extra2 relative h-full\"><div class=\"w-full sm:w-2\/3 xl:w-1\/2 text-left\"><h2 class=\"font-subtitle text-3xl subtitle pb-6 text-primary \"> Restons en contact : <\/h2><h2 class=\"text-6xl lg:text-7xl text-white font-title\">Nous sommes l\u00e0 pour vous aider<\/h2><div class=\"font-body text-white \"><p>Votre voyage est notre priorit\u00e9.<\/p>\n<\/div><\/div><\/div><\/div>\t<\/div>\n<\/section>\n\t\t\n\r\n\r\n\r\n<section class=\"text-block-with-form   bg-white alignfull relative\" id=\"1727\">\r\n\t<div class=\"container mx-auto flex flex-col lg:flex-row  items-start lg:gap-32 block-padding-top block-padding-bottom flex-row\">\r\n\t\t<div class=\"w-full lg:w-1\/2 content text-text-light4\">\r\n\t\t\t<h2 class=\"text-4xl text-dark font-title\">Votre tranquillit\u00e9 d\u2019esprit est notre priorit\u00e9.<\/h2><div class=\"font-body text-text-light \"><p>Que vous soyez un voyageur ayant une question concernant un bagage retard\u00e9, un voyagiste planifiant un itin\u00e9raire complexe ou un partenaire a\u00e9rien ayant besoin d\u2019une r\u00e9paration rapide, notre \u00e9quipe est pr\u00eate \u00e0 vous offrir des solutions. Communiquez avec nous par les moyens ci-dessous et laissez-nous nous occuper de la logistique.<\/p>\n<p><strong>Quelle que soit l\u2019ampleur ou la complexit\u00e9 de votre demande, nous nous engageons \u00e0 vous offrir une r\u00e9ponse rapide, professionnelle et personnalis\u00e9e. We look forward to assisting you.<\/strong><\/p>\n<\/div>\t\t\t\t<div class=\"flex flex-col\">\r\n\t\t\t\t\t<a class=\"hover:text-primary pb-4\" href=\"mailto:info@cdsbaggage.ca\">info@cdsbaggage.ca<\/a>\r\n\t\t\t\t\t\r\n\t\t\t\t\t<div class=\"pb-4\">\r\n\t\t\t\t\t\t<p class=\"font-bold\">Num\u00e9ro de t\u00e9l\u00e9phone sans frais<br>\r\n\t\t\t\t\t\t<a class=\"hover:text-primary\" href=\"tel:1-877-244-6001\">1-877-244-6001<\/a>\r\n\t\t\t\t\t<\/div>\r\n\t\t\t\t\t\r\n\t\t\t\t\t<div class=\"pb-4\">\r\n\t\t\t\t\t\t<p class=\"font-bold\">Local Phone Number<br>\r\n\t\t\t\t\t\t<a class=\"hover:text-primary\" href=\"tel:604-303-4500\">604-303-4500<\/a>\r\n\t\t\t\t\t<\/div>\r\n\t\t\t\t<\/div>\r\n\t\t\t\t<div class=\"flex items-center\">\r\n\t\t\t\t\t<h5 class=\"text-lg capitalize pr-6 tracking-tight\">Connect with us<\/h5>\r\n\t\t\t\t\t<ul class=\"social-links flex mb-0\" style=\"margin-bottom:0 !important;\"><li class=\"social-icon text-dark mr-3 last:mr-0\"><a rel=\"nofollow noopener noreferrer\" href=\"https:\/\/www.facebook.com\" target=\"_blank\"><i class=\"fa-brands fab fa-facebook-f   text-primary text-xl items-center flex justify-center leading-6 text-center hover:text-light transition-all\" ><\/i><\/a>\n\t\t\t\t\t<\/li><li class=\"social-icon text-dark mr-3 last:mr-0\"><a rel=\"nofollow noopener noreferrer\" href=\"https:\/\/www.instagram.com\" target=\"_blank\"><i class=\"fa-brands fab fa-instagram   text-primary text-xl items-center flex justify-center leading-6 text-center hover:text-light transition-all\" ><\/i><\/a>\n\t\t\t\t\t<\/li><li class=\"social-icon text-dark mr-3 last:mr-0\"><a rel=\"nofollow noopener noreferrer\" href=\"https:\/\/www.x.com\" target=\"_blank\"><i class=\"fa-brands fab fa-x-twitter   text-primary text-xl items-center flex justify-center leading-6 text-center hover:text-light transition-all\" ><\/i><\/a>\n\t\t\t\t\t<\/li><\/ul>\t\t\t\t<\/div>\r\n\t\t\t\t\t\r\n\r\n\t\t<\/div>\r\n\t\t<div class=\"w-full lg:w-1\/2 rounded-3xl mt-8 relative lg:mt-0 \">\r\n\t\t\t<div class=\"form-wrapper bg-light px-8 py-6 lg:py-8 lg:px-16 rounded-3xl\">\r\n\t\t\t\t<h4 class=\"text-3xl text-primary font-title\">Contactez CDS<\/h4> \t\t\t\t<script type=\"text\/javascript\">\n\/* <![CDATA[ *\/\nvar gform;gform||(document.addEventListener(\"gform_main_scripts_loaded\",function(){gform.scriptsLoaded=!0}),document.addEventListener(\"gform\/theme\/scripts_loaded\",function(){gform.themeScriptsLoaded=!0}),window.addEventListener(\"DOMContentLoaded\",function(){gform.domLoaded=!0}),gform={domLoaded:!1,scriptsLoaded:!1,themeScriptsLoaded:!1,isFormEditor:()=>\"function\"==typeof InitializeEditor,callIfLoaded:function(o){return!(!gform.domLoaded||!gform.scriptsLoaded||!gform.themeScriptsLoaded&&!gform.isFormEditor()||(gform.isFormEditor()&&console.warn(\"The use of gform.initializeOnLoaded() is deprecated in the form editor context and will be removed in Gravity Forms 3.1.\"),o(),0))},initializeOnLoaded:function(o){gform.callIfLoaded(o)||(document.addEventListener(\"gform_main_scripts_loaded\",()=>{gform.scriptsLoaded=!0,gform.callIfLoaded(o)}),document.addEventListener(\"gform\/theme\/scripts_loaded\",()=>{gform.themeScriptsLoaded=!0,gform.callIfLoaded(o)}),window.addEventListener(\"DOMContentLoaded\",()=>{gform.domLoaded=!0,gform.callIfLoaded(o)}))},hooks:{action:{},filter:{}},addAction:function(o,r,e,t){gform.addHook(\"action\",o,r,e,t)},addFilter:function(o,r,e,t){gform.addHook(\"filter\",o,r,e,t)},doAction:function(o){gform.doHook(\"action\",o,arguments)},applyFilters:function(o){return gform.doHook(\"filter\",o,arguments)},removeAction:function(o,r){gform.removeHook(\"action\",o,r)},removeFilter:function(o,r,e){gform.removeHook(\"filter\",o,r,e)},addHook:function(o,r,e,t,n){null==gform.hooks[o][r]&&(gform.hooks[o][r]=[]);var d=gform.hooks[o][r];null==n&&(n=r+\"_\"+d.length),gform.hooks[o][r].push({tag:n,callable:e,priority:t=null==t?10:t})},doHook:function(r,o,e){var t;if(e=Array.prototype.slice.call(e,1),null!=gform.hooks[r][o]&&((o=gform.hooks[r][o]).sort(function(o,r){return o.priority-r.priority}),o.forEach(function(o){\"function\"!=typeof(t=o.callable)&&(t=window[t]),\"action\"==r?t.apply(null,e):e[0]=t.apply(null,e)})),\"filter\"==r)return e[0]},removeHook:function(o,r,t,n){var e;null!=gform.hooks[o][r]&&(e=(e=gform.hooks[o][r]).filter(function(o,r,e){return!!(null!=n&&n!=o.tag||null!=t&&t!=o.priority)}),gform.hooks[o][r]=e)}});\n\/* ]]> *\/\n<\/script>\n\n                <div class='gf_browser_gecko gform_wrapper gravity-theme gform-theme--no-framework' data-form-theme='gravity-theme' data-form-index='0' id='gform_wrapper_1' ><div id='gf_1' class='gform_anchor' tabindex='-1'><\/div><form method='post' enctype='multipart\/form-data' target='gform_ajax_frame_1' id='gform_1'  action='\/fr\/wp-json\/wp\/v2\/pages\/1727#gf_1' data-formid='1' novalidate>\n                        <div class='gform-body gform_body'><div id='gform_fields_1' class='gform_fields top_label form_sublabel_below description_below validation_below'><fieldset id=\"field_1_1\" class=\"gfield gfield--type-name gfield--input-type-name field_sublabel_below gfield--no-description field_description_below field_validation_below gfield_visibility_visible\"  ><legend class='gfield_label gform-field-label gfield_label_before_complex' >Nom<\/legend><div class='ginput_complex ginput_container ginput_container--name no_prefix has_first_name no_middle_name has_last_name no_suffix gf_name_has_2 ginput_container_name gform-grid-row' id='input_1_1'>\n                            \n                            <span id='input_1_1_3_container' class='name_first gform-grid-col gform-grid-col--size-auto' >\n                                                    <input type='text' name='input_1.3' id='input_1_1_3' value=''   aria-required='false'     \/>\n                                                    <label for='input_1_1_3' class='gform-field-label gform-field-label--type-sub '>Pr\u00e9nom<\/label>\n                                                <\/span>\n                            \n                            <span id='input_1_1_6_container' class='name_last gform-grid-col gform-grid-col--size-auto' >\n                                                    <input type='text' name='input_1.6' id='input_1_1_6' value=''   aria-required='false'     \/>\n                                                    <label for='input_1_1_6' class='gform-field-label gform-field-label--type-sub '>Nom<\/label>\n                                                <\/span>\n                            \n                        <\/div><\/fieldset><div id=\"field_1_3\" class=\"gfield gfield--type-email gfield--input-type-email gfield--width-half field_sublabel_below gfield--no-description field_description_below field_validation_below gfield_visibility_visible\"  ><label class='gfield_label gform-field-label' for='input_1_3'>Courriel<\/label><div class='ginput_container ginput_container_email'>\n                            <input name='input_3' id='input_1_3' type='email' value='' class='large'     aria-invalid=\"false\"  \/>\n                        <\/div><\/div><div id=\"field_1_2\" class=\"gfield gfield--type-phone gfield--input-type-phone gfield--width-half field_sublabel_below gfield--no-description field_description_below field_validation_below gfield_visibility_visible\"  ><label class='gfield_label gform-field-label' for='input_1_2'>T\u00e9l\u00e9phone<\/label><div class='ginput_container ginput_container_phone'><input name='input_2' id='input_1_2' type='tel' value='' class='large'    aria-invalid=\"false\"   \/><\/div><\/div><div id=\"field_1_4\" class=\"gfield gfield--type-select gfield--input-type-select field_sublabel_below gfield--no-description field_description_below field_validation_below gfield_visibility_visible\"  ><label class='gfield_label gform-field-label' for='input_1_4'>Que pouvons-nous faire pour vous ?<\/label><div class='ginput_container ginput_container_select'><select name='input_4' id='input_1_4' class='large gfield_select'     aria-invalid=\"false\" ><option value='Informations g\u00e9n\u00e9rales' >Informations g\u00e9n\u00e9rales<\/option><option value='Je souhaite travailler pour vous' >Je souhaite travailler pour vous<\/option><option value='Nous souhaitons travailler ensemble' >Nous souhaitons travailler ensemble<\/option><\/select><\/div><\/div><div id=\"field_1_6\" class=\"gfield gfield--type-textarea gfield--input-type-textarea gfield--width-full field_sublabel_below gfield--no-description field_description_below field_validation_below gfield_visibility_visible\"  ><label class='gfield_label gform-field-label' for='input_1_6'>Message<\/label><div class='ginput_container ginput_container_textarea'><textarea name='input_6' id='input_1_6' class='textarea large'      aria-invalid=\"false\"   rows='10' cols='50'><\/textarea><\/div><\/div><fieldset id=\"field_1_5\" class=\"gfield gfield--type-consent gfield--type-choice gfield--input-type-consent gfield--width-full field_sublabel_below gfield--no-description field_description_below hidden_label field_validation_below gfield_visibility_visible\"  ><legend class='gfield_label gform-field-label gfield_label_before_complex' >Consentement<\/legend><div class='ginput_container ginput_container_consent'><input name='input_5.1' id='input_1_5_1' type='checkbox' value='1'    aria-invalid=\"false\"   \/> <label class=\"gform-field-label gform-field-label--type-inline gfield_consent_label\" for='input_1_5_1' >J\u2019accepte la politique de confidentialit\u00e9.<\/label><input type='hidden' name='input_5.2' value='J\u2019accepte la politique de confidentialit\u00e9.' class='gform_hidden' \/><input type='hidden' name='input_5.3' value='1' class='gform_hidden' \/><\/div><\/fieldset><div id=\"field_1_7\" class=\"gfield gfield--type-turnstile gfield--input-type-turnstile gfield--width-full field_sublabel_below gfield--no-description field_description_below field_validation_below gfield_visibility_visible\"  ><div class='ginput_container ginput_container_turnstile'><div class=\"cf-turnstile\" id=\"cf-turnstile_1\" data-js-turnstile data-response-field-name=\"cf-turnstile-response_1\" data-theme=\"auto\" data-sitekey=\"0x4AAAAAABAoH5HvUlGxfC_g\"><\/div><\/div><\/div><\/div><\/div>\n        <div class='gform-footer gform_footer top_label'> <input type='submit' id='gform_submit_button_1' class='gform_button button' onclick='gform.submission.handleButtonClick(this);' data-submission-type='submit' value='Envoyer'  \/> <input type='hidden' name='gform_ajax' value='form_id=1&amp;title=&amp;description=&amp;tabindex=0&amp;theme=gravity-theme&amp;styles=[]&amp;hash=92c7bc360e7784d55a401af782c216ef' \/>\n            <input type='hidden' class='gform_hidden' name='gform_submission_method' data-js='gform_submission_method_1' value='iframe' \/>\n            <input type='hidden' class='gform_hidden' name='gform_theme' data-js='gform_theme_1' id='gform_theme_1' value='gravity-theme' \/>\n            <input type='hidden' class='gform_hidden' name='gform_style_settings' data-js='gform_style_settings_1' id='gform_style_settings_1' value='[]' \/>\n            <input type='hidden' class='gform_hidden' name='is_submit_1' value='1' \/>\n            <input type='hidden' class='gform_hidden' name='gform_submit' value='1' \/>\n            \n            <input type='hidden' class='gform_hidden' name='gform_currency' data-currency='CAD' value='Y2UcZdPIfs3ZykShJ5Ahzs0LzRoZlleQ+zuQ3pIECNZHsNIebi98vFQnk+\/q\/2CZqQ9M9PKSbhe4JXLG06z5WPtgoGoAW\/7r2Ya\/MUav2TWvYb8=' \/>\n            <input type='hidden' class='gform_hidden' name='gform_unique_id' value='' \/>\n            <input type='hidden' class='gform_hidden' name='state_1' value='WyJ7XCI1LjFcIjpcIjgzMjRhYTllODY5NzE1ZGZlZTM0ZmMxNjZlODY1MzEyXCIsXCI1LjJcIjpcImM5ODliNWQ0NDQxYjM2ODgwZjFhMjFkNDFjZmQ3ODZkXCIsXCI1LjNcIjpcIjgzMjRhYTllODY5NzE1ZGZlZTM0ZmMxNjZlODY1MzEyXCJ9IiwiMzU5YjMwOGEwMmM5NjgwNWQxYWZhZjEzNjExYjMzODAiXQ==' \/>\n            <input type='hidden' autocomplete='off' class='gform_hidden' name='gform_target_page_number_1' id='gform_target_page_number_1' value='0' \/>\n            <input type='hidden' autocomplete='off' class='gform_hidden' name='gform_source_page_number_1' id='gform_source_page_number_1' value='1' \/>\n            <input type='hidden' name='gform_field_values' value='' \/>\n            \n        <\/div>\n                        <\/form>\n                        <\/div>\n\t\t                <iframe style='display:none;width:0px;height:0px;' src='about:blank' name='gform_ajax_frame_1' id='gform_ajax_frame_1' title='Cette iframe contient la logique n\u00e9cessaire pour manipuler Gravity Forms avec Ajax.'><\/iframe>\n\t\t                <script type=\"text\/javascript\">\n\/* <![CDATA[ *\/\n gform.initializeOnLoaded( function() {gformInitSpinner( 1, 'https:\/\/www.cdsbaggage.ca\/wp-content\/plugins\/gravityforms\/images\/spinner.svg', true );jQuery('#gform_ajax_frame_1').on('load',function(){var contents = jQuery(this).contents().find('*').html();var is_postback = contents.indexOf('GF_AJAX_POSTBACK') >= 0;if(!is_postback){return;}var form_content = jQuery(this).contents().find('#gform_wrapper_1');var is_confirmation = jQuery(this).contents().find('#gform_confirmation_wrapper_1').length > 0;var is_redirect = contents.indexOf('gformRedirect(){') >= 0;var is_form = form_content.length > 0 && ! is_redirect && ! is_confirmation;var mt = parseInt(jQuery('html').css('margin-top'), 10) + parseInt(jQuery('body').css('margin-top'), 10) + 100;if(is_form){jQuery('#gform_wrapper_1').html(form_content.html());if(form_content.hasClass('gform_validation_error')){jQuery('#gform_wrapper_1').addClass('gform_validation_error');} else {jQuery('#gform_wrapper_1').removeClass('gform_validation_error');}setTimeout( function() { \/* delay the scroll by 50 milliseconds to fix a bug in chrome *\/ jQuery(document).scrollTop(jQuery('#gform_wrapper_1').offset().top - mt); }, 50 );if(window['gformInitDatepicker']) {gformInitDatepicker();}if(window['gformInitPriceFields']) {gformInitPriceFields();}var current_page = jQuery('#gform_source_page_number_1').val();gformInitSpinner( 1, 'https:\/\/www.cdsbaggage.ca\/wp-content\/plugins\/gravityforms\/images\/spinner.svg', true );jQuery(document).trigger('gform_page_loaded', [1, current_page]);window['gf_submitting_1'] = false;}else if(!is_redirect){var confirmation_content = jQuery(this).contents().find('.GF_AJAX_POSTBACK').html();if(!confirmation_content){confirmation_content = contents;}jQuery('#gform_wrapper_1').replaceWith(confirmation_content);jQuery(document).scrollTop(jQuery('#gf_1').offset().top - mt);jQuery(document).trigger('gform_confirmation_loaded', [1]);window['gf_submitting_1'] = false;wp.a11y.speak(jQuery('#gform_confirmation_message_1').text());}else{jQuery('#gform_1').append(contents);if(window['gformRedirect']) {gformRedirect();}}jQuery(document).trigger(\"gform_pre_post_render\", [{ formId: \"1\", currentPage: \"current_page\", abort: function() { this.preventDefault(); } }]);        if (event && event.defaultPrevented) {                return;        }        const gformWrapperDiv = document.getElementById( \"gform_wrapper_1\" );        if ( gformWrapperDiv ) {            const visibilitySpan = document.createElement( \"span\" );            visibilitySpan.id = \"gform_visibility_test_1\";            gformWrapperDiv.insertAdjacentElement( \"afterend\", visibilitySpan );        }        const visibilityTestDiv = document.getElementById( \"gform_visibility_test_1\" );        let postRenderFired = false;        function triggerPostRender() {            if ( postRenderFired ) {                return;            }            postRenderFired = true;            gform.core.triggerPostRenderEvents( 1, current_page );            if ( visibilityTestDiv ) {                visibilityTestDiv.parentNode.removeChild( visibilityTestDiv );            }        }        function debounce( func, wait, immediate ) {            var timeout;            return function() {                var context = this, args = arguments;                var later = function() {                    timeout = null;                    if ( !immediate ) func.apply( context, args );                };                var callNow = immediate && !timeout;                clearTimeout( timeout );                timeout = setTimeout( later, wait );                if ( callNow ) func.apply( context, args );            };        }        const debouncedTriggerPostRender = debounce( function() {            triggerPostRender();        }, 200 );        if ( visibilityTestDiv && visibilityTestDiv.offsetParent === null ) {            const observer = new MutationObserver( ( mutations ) => {                mutations.forEach( ( mutation ) => {                    if ( mutation.type === 'attributes' && visibilityTestDiv.offsetParent !== null ) {                        debouncedTriggerPostRender();                        observer.disconnect();                    }                });            });            observer.observe( document.body, {                attributes: true,                childList: false,                subtree: true,                attributeFilter: [ 'style', 'class' ],            });        } else {            triggerPostRender();        }    } );} ); \n\/* ]]> *\/\n<\/script>\n\t\t\t<\/div>\r\n\t\t<\/div>\r\n\t<\/div>\r\n<\/section>\r\n\r\n<section class=\"mx-auto alignfull embed-container\">\r\n\t<iframe src=\"https:\/\/www.google.com\/maps\/embed?pb=!1m18!1m12!1m3!1d2607.2832365334266!2d-123.18105988431363!3d49.19518627932191!2m3!1f0!2f0!3f0!3m2!1i1024!2i768!4f13.1!3m3!1m2!1s0x54860bf74ed274ab%3A0x3ecac0b5c84faa60!2sCDS%20Baggage%20Storage!5e0!3m2!1sen!2sca!4v1686163728914!5m2!1sen!2sca\" width=\"600\" height=\"450\" style=\"border:0;\" allowfullscreen=\"\" loading=\"lazy\" referrerpolicy=\"no-referrer-when-downgrade\"><\/iframe><\/section>","protected":false},"excerpt":{"rendered":"","protected":false},"author":3,"featured_media":0,"parent":0,"menu_order":0,"comment_status":"closed","ping_status":"closed","template":"","meta":{"_acf_changed":false,"footnotes":""},"class_list":["post-1727","page","type-page","status-publish","hentry"],"acf":[],"featured_image_src":null,"featured_image_src_square":null,"_links":{"self":[{"href":"https:\/\/www.cdsbaggage.ca\/fr\/wp-json\/wp\/v2\/pages\/1727","targetHints":{"allow":["GET"]}}],"collection":[{"href":"https:\/\/www.cdsbaggage.ca\/fr\/wp-json\/wp\/v2\/pages"}],"about":[{"href":"https:\/\/www.cdsbaggage.ca\/fr\/wp-json\/wp\/v2\/types\/page"}],"author":[{"embeddable":true,"href":"https:\/\/www.cdsbaggage.ca\/fr\/wp-json\/wp\/v2\/users\/3"}],"replies":[{"embeddable":true,"href":"https:\/\/www.cdsbaggage.ca\/fr\/wp-json\/wp\/v2\/comments?post=1727"}],"version-history":[{"count":0,"href":"https:\/\/www.cdsbaggage.ca\/fr\/wp-json\/wp\/v2\/pages\/1727\/revisions"}],"wp:attachment":[{"href":"https:\/\/www.cdsbaggage.ca\/fr\/wp-json\/wp\/v2\/media?parent=1727"}],"curies":[{"name":"wp","href":"https:\/\/api.w.org\/{rel}","templated":true}]}}