 {"id":1728,"date":"2025-11-24T21:38:06","date_gmt":"2025-11-24T21:38:06","guid":{"rendered":"https:\/\/cds-baggage.local\/services\/reparation-et-remplacement-pour-les-clients-des-compagnies-aeriennes\/"},"modified":"2026-02-20T19:27:15","modified_gmt":"2026-02-20T19:27:15","slug":"reparation-et-remplacement-pour-les-clients-des-compagnies-aeriennes","status":"publish","type":"page","link":"https:\/\/www.cdsbaggage.ca\/fr\/services\/reparation-et-remplacement-pour-les-clients-des-compagnies-aeriennes\/","title":{"rendered":"R\u00e9paration et remplacement pour les clients des compagnies a\u00e9riennes"},"content":{"rendered":"\n\t<section class=\"block-header alignfull bg-black text-white relative \" id=\"1728\">  \t\n\t \n\t<div class=\"h-full\"> \n\t<div class=\"header-gallery absolute inset-0 h-full\"><figure class=\"h-full w-full\"><img loading=\"lazy\" decoding=\"async\" width=\"2560\" height=\"1708\" src=\"https:\/\/www.cdsbaggage.ca\/wp-content\/uploads\/2025\/11\/curated-lifestyle-e8oHpVqgZD0-unsplash-1-scaled.jpg\" class=\" h-full w-full object-cover opacity-90\" alt=\"R\u00e9tablir la confiance\" title=\"R\u00e9tablir la confiance\" srcset=\"https:\/\/www.cdsbaggage.ca\/wp-content\/uploads\/2025\/11\/curated-lifestyle-e8oHpVqgZD0-unsplash-1-scaled.jpg 2560w, https:\/\/www.cdsbaggage.ca\/wp-content\/uploads\/2025\/11\/curated-lifestyle-e8oHpVqgZD0-unsplash-1-300x200.jpg 300w, https:\/\/www.cdsbaggage.ca\/wp-content\/uploads\/2025\/11\/curated-lifestyle-e8oHpVqgZD0-unsplash-1-1024x683.jpg 1024w, https:\/\/www.cdsbaggage.ca\/wp-content\/uploads\/2025\/11\/curated-lifestyle-e8oHpVqgZD0-unsplash-1-768x513.jpg 768w, https:\/\/www.cdsbaggage.ca\/wp-content\/uploads\/2025\/11\/curated-lifestyle-e8oHpVqgZD0-unsplash-1-1536x1025.jpg 1536w, https:\/\/www.cdsbaggage.ca\/wp-content\/uploads\/2025\/11\/curated-lifestyle-e8oHpVqgZD0-unsplash-1-2048x1367.jpg 2048w, https:\/\/www.cdsbaggage.ca\/wp-content\/uploads\/2025\/11\/curated-lifestyle-e8oHpVqgZD0-unsplash-1-600x400.jpg 600w\" sizes=\"auto, (max-width: 2560px) 100vw, 2560px\" \/><\/figure><\/div><div class=\"scrim absolute inset-0 h-full w-full\"><\/div><div class=\"relative h-full w-full flex items-center\"><div class=\"container mx-auto z-10 block-padding-top-extra2 block-padding-bottom-extra2 relative h-full\"><div class=\"w-full sm:w-2\/3 xl:w-1\/2 text-left\"><h1 class=\"font-subtitle text-3xl subtitle pb-6 text-primary \">R\u00e9paration et remplacement de bagages :<\/h1><h2 class=\"text-6xl lg:text-7xl text-white font-title\">R\u00e9tablir la confiance<\/h2><div class=\"font-body text-white \"><p>Des solutions rapides pour les bagages endommag\u00e9s, reconnues par les grandes compagnies a\u00e9riennes et les voyageurs.<\/p>\n<\/div><\/div><\/div><\/div>\t<\/div>\n<\/section>\n\t\t\n<section class=\"media-block   alignfull bg-white  block-padding-top  relative overflow-hidden\" id=\"\">\n\t    <div class=\"container mx-auto relative   px-0 lg:flex justify-end bg-white md:rounded-3xl md:rounded-3xl  overflow-hidden flex-col sm:flex-row\">\n        <figure class=\"lg:w-3\/5 relative full\"><img loading=\"lazy\" decoding=\"async\" width=\"2560\" height=\"1707\" src=\"https:\/\/www.cdsbaggage.ca\/wp-content\/uploads\/2025\/11\/karolina-grabowska-ip76AuWDZOQ-unsplash-scaled.jpg\" class=\" md:absolute inset-0 md:h-full w-full md:rounded-3xl md:rounded-3xl   object-cover \" alt=\"\u00c9valuation rapide \" title=\"\u00c9valuation rapide \" srcset=\"https:\/\/www.cdsbaggage.ca\/wp-content\/uploads\/2025\/11\/karolina-grabowska-ip76AuWDZOQ-unsplash-scaled.jpg 2560w, https:\/\/www.cdsbaggage.ca\/wp-content\/uploads\/2025\/11\/karolina-grabowska-ip76AuWDZOQ-unsplash-300x200.jpg 300w, https:\/\/www.cdsbaggage.ca\/wp-content\/uploads\/2025\/11\/karolina-grabowska-ip76AuWDZOQ-unsplash-1024x683.jpg 1024w, https:\/\/www.cdsbaggage.ca\/wp-content\/uploads\/2025\/11\/karolina-grabowska-ip76AuWDZOQ-unsplash-768x512.jpg 768w, https:\/\/www.cdsbaggage.ca\/wp-content\/uploads\/2025\/11\/karolina-grabowska-ip76AuWDZOQ-unsplash-1536x1024.jpg 1536w, https:\/\/www.cdsbaggage.ca\/wp-content\/uploads\/2025\/11\/karolina-grabowska-ip76AuWDZOQ-unsplash-2048x1365.jpg 2048w, https:\/\/www.cdsbaggage.ca\/wp-content\/uploads\/2025\/11\/karolina-grabowska-ip76AuWDZOQ-unsplash-600x400.jpg 600w\" sizes=\"auto, (max-width: 2560px) 100vw, 2560px\" \/><\/figure>        <div class=\"container ml-auto relative\">\n\t\t\t<div class=\"content block-padding-top block-padding-bottom text-left\">\n            <h3 class=\"text-4xl text-text-light font-title\">\u00c9valuation rapide <\/h3><h4 class=\"font-subtitle text-2xl subtitle pb-6 text-primary \">Diagnostic des dommages<\/h4><div class=\"font-body text-text-light \"><p>Rien de pire que d\u2019essayer de profiter d\u2019un mus\u00e9e ou d\u2019un bon repas tout en luttant avec une valise de 50 lb. Que vous disposiez de quelques heures avant l\u2019enregistrement ou d\u2019une longue escale avant votre vol, nous vous offrons la libert\u00e9 de d\u00e9couvrir la ville l\u00e9ger, les mains libres et sans souci. <\/p>\n<\/div>        \n            \n            <\/div>\n\t\t\t<\/div>\n        <\/div> \n\t\t\t<\/section><section class=\"media-block   alignfull bg-white  block-padding-top  relative overflow-hidden\" id=\"\">\n\t    <div class=\"container mx-auto relative   px-0 lg:flex justify-end bg-white md:rounded-3xl md:rounded-3xl  overflow-hidden flex-col sm:flex-row-reverse\">\n        <figure class=\"lg:w-3\/5 relative full\"><img loading=\"lazy\" decoding=\"async\" width=\"2560\" height=\"1707\" src=\"https:\/\/www.cdsbaggage.ca\/wp-content\/uploads\/2025\/11\/jeshoots-com-mSESwdMZr-A-unsplash-scaled.jpg\" class=\" md:absolute inset-0 md:h-full w-full md:rounded-3xl md:rounded-3xl   object-cover \" alt=\"Services de r\u00e9paration sp\u00e9cialis\u00e9s\" title=\"Services de r\u00e9paration sp\u00e9cialis\u00e9s\" srcset=\"https:\/\/www.cdsbaggage.ca\/wp-content\/uploads\/2025\/11\/jeshoots-com-mSESwdMZr-A-unsplash-scaled.jpg 2560w, https:\/\/www.cdsbaggage.ca\/wp-content\/uploads\/2025\/11\/jeshoots-com-mSESwdMZr-A-unsplash-300x200.jpg 300w, https:\/\/www.cdsbaggage.ca\/wp-content\/uploads\/2025\/11\/jeshoots-com-mSESwdMZr-A-unsplash-1024x683.jpg 1024w, https:\/\/www.cdsbaggage.ca\/wp-content\/uploads\/2025\/11\/jeshoots-com-mSESwdMZr-A-unsplash-768x512.jpg 768w, https:\/\/www.cdsbaggage.ca\/wp-content\/uploads\/2025\/11\/jeshoots-com-mSESwdMZr-A-unsplash-1536x1024.jpg 1536w, https:\/\/www.cdsbaggage.ca\/wp-content\/uploads\/2025\/11\/jeshoots-com-mSESwdMZr-A-unsplash-2048x1365.jpg 2048w, https:\/\/www.cdsbaggage.ca\/wp-content\/uploads\/2025\/11\/jeshoots-com-mSESwdMZr-A-unsplash-600x400.jpg 600w\" sizes=\"auto, (max-width: 2560px) 100vw, 2560px\" \/><\/figure>        <div class=\"container mr-auto relative\">\n\t\t\t<div class=\"content block-padding-top block-padding-bottom text-left\">\n            <h3 class=\"text-4xl text-text-light font-title\">Services de r\u00e9paration sp\u00e9cialis\u00e9s<\/h3><h4 class=\"font-subtitle text-2xl subtitle pb-6 text-primary \">Savoir-faire exceptionnel<\/h4><div class=\"font-body text-text-light \"><p>Nous ne nous contentons pas de r\u00e9parer temporairement ; nous effectuons des r\u00e9parations durables. Nos techniciens sont sp\u00e9cialis\u00e9s dans le remplacement des roues, des poign\u00e9es t\u00e9lescopiques, des fermetures \u00e9clair et des coutures. Nous visons \u00e0 r\u00e9tablir la pleine fonctionnalit\u00e9 du bagage, le retournant souvent au passager dans un \u00e9tat sup\u00e9rieur \u00e0 celui d\u2019avant le vol.  <\/p>\n<\/div>        \n            \n            <\/div>\n\t\t\t<\/div>\n        <\/div> \n\t\t\t<\/section><section class=\"media-block   alignfull bg-white  block-padding-top  relative overflow-hidden\" id=\"\">\n\t    <div class=\"container mx-auto relative   px-0 lg:flex justify-end bg-white md:rounded-3xl md:rounded-3xl  overflow-hidden flex-col sm:flex-row\">\n        <figure class=\"lg:w-3\/5 relative full\"><img loading=\"lazy\" decoding=\"async\" width=\"1024\" height=\"683\" src=\"https:\/\/www.cdsbaggage.ca\/wp-content\/uploads\/2025\/11\/header-4-1024x683-1.jpeg\" class=\" md:absolute inset-0 md:h-full w-full md:rounded-3xl md:rounded-3xl   object-cover \" alt=\"Remplacements haut de gamme\" title=\"Remplacements haut de gamme\" srcset=\"https:\/\/www.cdsbaggage.ca\/wp-content\/uploads\/2025\/11\/header-4-1024x683-1.jpeg 1024w, https:\/\/www.cdsbaggage.ca\/wp-content\/uploads\/2025\/11\/header-4-1024x683-1-300x200.jpeg 300w, https:\/\/www.cdsbaggage.ca\/wp-content\/uploads\/2025\/11\/header-4-1024x683-1-768x512.jpeg 768w, https:\/\/www.cdsbaggage.ca\/wp-content\/uploads\/2025\/11\/header-4-1024x683-1-600x400.jpeg 600w\" sizes=\"auto, (max-width: 1024px) 100vw, 1024px\" \/><\/figure>        <div class=\"container ml-auto relative\">\n\t\t\t<div class=\"content block-padding-top block-padding-bottom text-left\">\n            <h2 class=\"text-4xl text-text-light font-title\">Remplacements haut de gamme<\/h2><h3 class=\"font-subtitle text-2xl subtitle pb-6 text-primary \">En partenariat avec Sea2Sky Bags<\/h3><div class=\"font-body text-text-light \"><p>Parfois, un bagage a parcouru son dernier trajet. En cas de perte totale, nous offrons aux passagers des options de remplacement de haute qualit\u00e9 provenant de fournisseurs de confiance comme <a href=\"https:\/\/www.sea2skybags.ca\" target=\"_blank\">Sea2Sky Bags<\/a>. Nous veillons \u00e0 ce que le remplacement corresponde aux sp\u00e9cifications du bagage d\u2019origine ou les d\u00e9passe.  <\/p>\n<\/div>        \n            \n            <\/div>\n\t\t\t<\/div>\n        <\/div> \n\t\t\t<\/section><section class=\"media-block   alignfull bg-white  block-padding-top block-padding-bottom relative overflow-hidden\" id=\"\">\n\t    <div class=\"container mx-auto relative   px-0 lg:flex justify-end bg-white md:rounded-3xl md:rounded-3xl  overflow-hidden flex-col sm:flex-row-reverse\">\n        <figure class=\"lg:w-3\/5 relative full\"><img loading=\"lazy\" decoding=\"async\" width=\"2560\" height=\"1709\" src=\"https:\/\/www.cdsbaggage.ca\/wp-content\/uploads\/2025\/11\/getty-images-DYQuBUuSpAo-unsplash-scaled.jpg\" class=\" md:absolute inset-0 md:h-full w-full md:rounded-3xl md:rounded-3xl   object-cover \" alt=\"Gestion des stocks\" title=\"Gestion des stocks\" srcset=\"https:\/\/www.cdsbaggage.ca\/wp-content\/uploads\/2025\/11\/getty-images-DYQuBUuSpAo-unsplash-scaled.jpg 2560w, https:\/\/www.cdsbaggage.ca\/wp-content\/uploads\/2025\/11\/getty-images-DYQuBUuSpAo-unsplash-300x200.jpg 300w, https:\/\/www.cdsbaggage.ca\/wp-content\/uploads\/2025\/11\/getty-images-DYQuBUuSpAo-unsplash-1024x684.jpg 1024w, https:\/\/www.cdsbaggage.ca\/wp-content\/uploads\/2025\/11\/getty-images-DYQuBUuSpAo-unsplash-768x513.jpg 768w, https:\/\/www.cdsbaggage.ca\/wp-content\/uploads\/2025\/11\/getty-images-DYQuBUuSpAo-unsplash-1536x1025.jpg 1536w, https:\/\/www.cdsbaggage.ca\/wp-content\/uploads\/2025\/11\/getty-images-DYQuBUuSpAo-unsplash-2048x1367.jpg 2048w, https:\/\/www.cdsbaggage.ca\/wp-content\/uploads\/2025\/11\/getty-images-DYQuBUuSpAo-unsplash-600x400.jpg 600w\" sizes=\"auto, (max-width: 2560px) 100vw, 2560px\" \/><\/figure>        <div class=\"container mr-auto relative\">\n\t\t\t<div class=\"content block-padding-top block-padding-bottom text-left\">\n            <h3 class=\"text-4xl text-text-light font-title\">Gestion des stocks<\/h3><h4 class=\"font-subtitle text-2xl subtitle pb-6 text-primary \">Pr\u00eat \u00e0 \u00eatre d\u00e9ploy\u00e9<\/h4><div class=\"font-body text-text-light \"><p>Nous maintenons un inventaire bien approvisionn\u00e9 de pi\u00e8ces de rechange et d\u2019unit\u00e9s de bagages de remplacement. Cela nous permet de r\u00e9soudre les probl\u00e8mes imm\u00e9diatement plut\u00f4t que de faire attendre les passagers pendant des semaines. Une r\u00e9solution rapide se traduit par des clients plus satisfaits et la protection de la r\u00e9putation des compagnies a\u00e9riennes.  <\/p>\n<\/div>        \n            \n            <\/div>\n\t\t\t<\/div>\n        <\/div> \n\t\t\t<\/section>\r\n\t<section class=\"block-cover alignfull bg-black text-white relative \" id=\"1728\">  \t\r\n\t \r\n\t<div class=\"h-full\"> \r\n\t<div class=\"header-image absolute inset-0 h-full\"><figure class=\"h-full w-full\"><img loading=\"lazy\" decoding=\"async\" width=\"2560\" height=\"1707\" src=\"https:\/\/www.cdsbaggage.ca\/wp-content\/uploads\/2025\/03\/aec89ecbc2e326f13d8d483804c4e758.jpeg\" class=\" h-full w-full object-cover opacity-100\" alt=\"Contactez-nous\" title=\"Contactez-nous\" srcset=\"https:\/\/www.cdsbaggage.ca\/wp-content\/uploads\/2025\/03\/aec89ecbc2e326f13d8d483804c4e758.jpeg 2560w, https:\/\/www.cdsbaggage.ca\/wp-content\/uploads\/2025\/03\/aec89ecbc2e326f13d8d483804c4e758-300x200.jpeg 300w, https:\/\/www.cdsbaggage.ca\/wp-content\/uploads\/2025\/03\/aec89ecbc2e326f13d8d483804c4e758-1024x683.jpeg 1024w, https:\/\/www.cdsbaggage.ca\/wp-content\/uploads\/2025\/03\/aec89ecbc2e326f13d8d483804c4e758-768x512.jpeg 768w, https:\/\/www.cdsbaggage.ca\/wp-content\/uploads\/2025\/03\/aec89ecbc2e326f13d8d483804c4e758-1536x1024.jpeg 1536w, https:\/\/www.cdsbaggage.ca\/wp-content\/uploads\/2025\/03\/aec89ecbc2e326f13d8d483804c4e758-2048x1366.jpeg 2048w, https:\/\/www.cdsbaggage.ca\/wp-content\/uploads\/2025\/03\/aec89ecbc2e326f13d8d483804c4e758-600x400.jpeg 600w\" sizes=\"auto, (max-width: 2560px) 100vw, 2560px\" \/><\/figure><\/div><div class=\"scrim absolute inset-0 h-full w-full\"><\/div><div class=\"relative h-full w-full flex items-center\"><div class=\"container mx-auto z-10 block-padding-top-extra2 block-padding-bottom-extra2 relative h-full\"><div class=\"w-full py-8 lg:p-12 sm:w-2\/3 lg:w-2\/5  text-left bg-none rounded-3xl\"><h2 class=\"text-6xl text-white font-title\">Contactez-nous<\/h2><div class=\"font-body text-white\"><p>Vous avez une question concernant un bagage retard\u00e9 ou besoin d\u2019un devis pour un transfert de groupe important? <a href=\"https:\/\/www.cdsbaggage.ca\/fr\/contact\/\">Communiquez avec notre \u00e9quipe<\/a> d\u00e8s aujourd\u2019hui. Nous sommes pr\u00eats \u00e0 vous offrir un service rapide et personnalis\u00e9.<\/p>\n<\/div>    <div class=\"wp-block-buttons   gap-1 sm:gap-2 flex flex-wrap\">\n                <div class=\"wp-block-button btn has-btn-filled\">\n\n                <a class=\"wp-block-button__link btn-filled btn-primary  flex items-center gap-2 scroll\" href=\"https:\/\/www.cdsbaggage.ca\/fr\/contact\/\" target=\"\">\n                    Contactez-nous                                    <\/a>\n            <\/div>\n                <\/div>\n<\/div><\/div><\/div>\t\t<\/div>\r\n\t<\/section>\r\n\t\t\r\n","protected":false},"excerpt":{"rendered":"","protected":false},"author":3,"featured_media":0,"parent":1719,"menu_order":0,"comment_status":"closed","ping_status":"closed","template":"","meta":{"_acf_changed":false,"footnotes":""},"class_list":["post-1728","page","type-page","status-publish","hentry"],"acf":[],"featured_image_src":null,"featured_image_src_square":null,"_links":{"self":[{"href":"https:\/\/www.cdsbaggage.ca\/fr\/wp-json\/wp\/v2\/pages\/1728","targetHints":{"allow":["GET"]}}],"collection":[{"href":"https:\/\/www.cdsbaggage.ca\/fr\/wp-json\/wp\/v2\/pages"}],"about":[{"href":"https:\/\/www.cdsbaggage.ca\/fr\/wp-json\/wp\/v2\/types\/page"}],"author":[{"embeddable":true,"href":"https:\/\/www.cdsbaggage.ca\/fr\/wp-json\/wp\/v2\/users\/3"}],"replies":[{"embeddable":true,"href":"https:\/\/www.cdsbaggage.ca\/fr\/wp-json\/wp\/v2\/comments?post=1728"}],"version-history":[{"count":0,"href":"https:\/\/www.cdsbaggage.ca\/fr\/wp-json\/wp\/v2\/pages\/1728\/revisions"}],"up":[{"embeddable":true,"href":"https:\/\/www.cdsbaggage.ca\/fr\/wp-json\/wp\/v2\/pages\/1719"}],"wp:attachment":[{"href":"https:\/\/www.cdsbaggage.ca\/fr\/wp-json\/wp\/v2\/media?parent=1728"}],"curies":[{"name":"wp","href":"https:\/\/api.w.org\/{rel}","templated":true}]}}