 {"id":1752,"date":"2025-11-24T21:39:35","date_gmt":"2025-11-24T21:39:35","guid":{"rendered":"https:\/\/cds-baggage.local\/services\/transfert-de-bagages-pour-croisieres\/"},"modified":"2026-02-20T19:54:02","modified_gmt":"2026-02-20T19:54:02","slug":"transfert-de-bagages-pour-croisieres","status":"publish","type":"page","link":"https:\/\/www.cdsbaggage.ca\/fr\/services\/transfert-de-bagages-pour-croisieres\/","title":{"rendered":"Transfert de bagages pour croisi\u00e8res"},"content":{"rendered":"\n\t<section class=\"block-header alignfull bg-black text-white relative \" id=\"1752\">  \t\n\t \n\t<div class=\"h-full\"> \n\t<div class=\"header-gallery absolute inset-0 h-full\"><figure class=\"h-full w-full\"><img loading=\"lazy\" decoding=\"async\" width=\"2560\" height=\"1710\" src=\"https:\/\/www.cdsbaggage.ca\/wp-content\/uploads\/2025\/11\/peter-hansen-MeGmdPNe36w-unsplash-scaled.jpg\" class=\" h-full w-full object-cover opacity-90\" alt=\"Service du port \u00e0 l\u2019oreiller\" title=\"Service du port \u00e0 l\u2019oreiller\" srcset=\"https:\/\/www.cdsbaggage.ca\/wp-content\/uploads\/2025\/11\/peter-hansen-MeGmdPNe36w-unsplash-scaled.jpg 2560w, https:\/\/www.cdsbaggage.ca\/wp-content\/uploads\/2025\/11\/peter-hansen-MeGmdPNe36w-unsplash-300x200.jpg 300w, https:\/\/www.cdsbaggage.ca\/wp-content\/uploads\/2025\/11\/peter-hansen-MeGmdPNe36w-unsplash-1024x684.jpg 1024w, https:\/\/www.cdsbaggage.ca\/wp-content\/uploads\/2025\/11\/peter-hansen-MeGmdPNe36w-unsplash-768x513.jpg 768w, https:\/\/www.cdsbaggage.ca\/wp-content\/uploads\/2025\/11\/peter-hansen-MeGmdPNe36w-unsplash-1536x1026.jpg 1536w, https:\/\/www.cdsbaggage.ca\/wp-content\/uploads\/2025\/11\/peter-hansen-MeGmdPNe36w-unsplash-2048x1368.jpg 2048w, https:\/\/www.cdsbaggage.ca\/wp-content\/uploads\/2025\/11\/peter-hansen-MeGmdPNe36w-unsplash-600x400.jpg 600w\" sizes=\"auto, (max-width: 2560px) 100vw, 2560px\" \/><\/figure><\/div><div class=\"scrim absolute inset-0 h-full w-full\"><\/div><div class=\"relative h-full w-full flex items-center\"><div class=\"container mx-auto z-10 block-padding-top-extra2 block-padding-bottom-extra2 relative h-full\"><div class=\"w-full sm:w-2\/3 xl:w-1\/2 text-left\"><h1 class=\"font-subtitle text-3xl subtitle pb-6 text-primary \">Transfert de bagages pour croisi\u00e8res :<\/h1><h2 class=\"text-6xl lg:text-7xl text-white font-title\">Service du port \u00e0 l\u2019oreiller<\/h2><div class=\"font-body text-white \"><p>\u00c9vitez le transport en navette avec vos bagages. Nous acheminons vos bagages directement de l\u2019a\u00e9roport \u00e0 votre cabine. <\/p>\n<\/div><\/div><\/div><\/div>\t<\/div>\n<\/section>\n\t\t\n<section class=\"media-block   alignfull bg-white  block-padding-top  relative overflow-hidden\" id=\"\">\n\t    <div class=\"container mx-auto relative   px-0 lg:flex justify-end bg-white md:rounded-3xl md:rounded-3xl  overflow-hidden flex-col sm:flex-row\">\n        <figure class=\"lg:w-3\/5 relative full\"><img loading=\"lazy\" decoding=\"async\" width=\"2560\" height=\"1707\" src=\"https:\/\/www.cdsbaggage.ca\/wp-content\/uploads\/2025\/03\/getty-images-xGj_Ta0Zlic-unsplash-scaled.jpg\" class=\" md:absolute inset-0 md:h-full w-full md:rounded-3xl md:rounded-3xl   object-cover \" alt=\"La solution \u00ab \u00e9cart \u00bb\" title=\"La solution \u00ab \u00e9cart \u00bb\" srcset=\"https:\/\/www.cdsbaggage.ca\/wp-content\/uploads\/2025\/03\/getty-images-xGj_Ta0Zlic-unsplash-scaled.jpg 2560w, https:\/\/www.cdsbaggage.ca\/wp-content\/uploads\/2025\/03\/getty-images-xGj_Ta0Zlic-unsplash-300x200.jpg 300w, https:\/\/www.cdsbaggage.ca\/wp-content\/uploads\/2025\/03\/getty-images-xGj_Ta0Zlic-unsplash-1024x683.jpg 1024w, https:\/\/www.cdsbaggage.ca\/wp-content\/uploads\/2025\/03\/getty-images-xGj_Ta0Zlic-unsplash-768x512.jpg 768w, https:\/\/www.cdsbaggage.ca\/wp-content\/uploads\/2025\/03\/getty-images-xGj_Ta0Zlic-unsplash-1536x1024.jpg 1536w, https:\/\/www.cdsbaggage.ca\/wp-content\/uploads\/2025\/03\/getty-images-xGj_Ta0Zlic-unsplash-2048x1365.jpg 2048w, https:\/\/www.cdsbaggage.ca\/wp-content\/uploads\/2025\/03\/getty-images-xGj_Ta0Zlic-unsplash-600x400.jpg 600w\" sizes=\"auto, (max-width: 2560px) 100vw, 2560px\" \/><\/figure>        <div class=\"container ml-auto relative\">\n\t\t\t<div class=\"content block-padding-top block-padding-bottom text-left\">\n            <h3 class=\"text-4xl text-text-light font-title\">La solution \u00ab \u00e9cart \u00bb<\/h3><h4 class=\"font-subtitle text-2xl subtitle pb-6 text-primary \">Assurez une transition fluide entre l\u2019air et la mer<\/h4><div class=\"font-body text-text-light \"><p>Le trajet entre le hall des arriv\u00e9es de l\u2019a\u00e9roport et la passerelle du navire de croisi\u00e8re est souvent la partie la plus stressante des vacances. Pourquoi transporter de lourdes valises dans une navette ? Nous prenons en charge vos bagages \u00e0 l\u2019a\u00e9roport afin que vous puissiez vous rendre au port sans encombrement et en toute tranquillit\u00e9.  <\/p>\n<\/div>        \n            \n            <\/div>\n\t\t\t<\/div>\n        <\/div> \n\t\t\t<\/section><section class=\"media-block   alignfull bg-white  block-padding-top  relative overflow-hidden\" id=\"\">\n\t    <div class=\"container mx-auto relative   px-0 lg:flex justify-end bg-white md:rounded-3xl md:rounded-3xl  overflow-hidden flex-col sm:flex-row-reverse\">\n        <figure class=\"lg:w-3\/5 relative full\"><img loading=\"lazy\" decoding=\"async\" width=\"2560\" height=\"1709\" src=\"https:\/\/www.cdsbaggage.ca\/wp-content\/uploads\/2025\/11\/getty-images-ryU7D9CSOF8-unsplash-scaled.jpg\" class=\" md:absolute inset-0 md:h-full w-full md:rounded-3xl md:rounded-3xl   object-cover \" alt=\"Conformit\u00e9 et s\u00e9curit\u00e9\" title=\"Conformit\u00e9 et s\u00e9curit\u00e9\" srcset=\"https:\/\/www.cdsbaggage.ca\/wp-content\/uploads\/2025\/11\/getty-images-ryU7D9CSOF8-unsplash-scaled.jpg 2560w, https:\/\/www.cdsbaggage.ca\/wp-content\/uploads\/2025\/11\/getty-images-ryU7D9CSOF8-unsplash-300x200.jpg 300w, https:\/\/www.cdsbaggage.ca\/wp-content\/uploads\/2025\/11\/getty-images-ryU7D9CSOF8-unsplash-1024x684.jpg 1024w, https:\/\/www.cdsbaggage.ca\/wp-content\/uploads\/2025\/11\/getty-images-ryU7D9CSOF8-unsplash-768x513.jpg 768w, https:\/\/www.cdsbaggage.ca\/wp-content\/uploads\/2025\/11\/getty-images-ryU7D9CSOF8-unsplash-1536x1025.jpg 1536w, https:\/\/www.cdsbaggage.ca\/wp-content\/uploads\/2025\/11\/getty-images-ryU7D9CSOF8-unsplash-2048x1367.jpg 2048w, https:\/\/www.cdsbaggage.ca\/wp-content\/uploads\/2025\/11\/getty-images-ryU7D9CSOF8-unsplash-600x400.jpg 600w\" sizes=\"auto, (max-width: 2560px) 100vw, 2560px\" \/><\/figure>        <div class=\"container mr-auto relative\">\n\t\t\t<div class=\"content block-padding-top block-padding-bottom text-left\">\n            <h3 class=\"text-4xl text-text-light font-title\">Conformit\u00e9 et s\u00e9curit\u00e9<\/h3><h4 class=\"font-subtitle text-2xl subtitle pb-6 text-primary \">Contr\u00f4l\u00e9 et scell\u00e9 <\/h4><div class=\"font-body text-text-light \"><p>Les compagnies de croisi\u00e8re appliquent des protocoles de s\u00e9curit\u00e9 stricts, et nous en faisons autant. Nous veillons \u00e0 ce que vos bagages soient manipul\u00e9s conform\u00e9ment aux r\u00e8glements des autorit\u00e9s portuaires. Vos bagages sont contr\u00f4l\u00e9s et transf\u00e9r\u00e9s en toute s\u00e9curit\u00e9, garantissant qu\u2019ils soient autoris\u00e9s \u00e0 l\u2019embarquement avant m\u00eame d\u2019arriver au quai.  <\/p>\n<\/div>        \n            \n            <\/div>\n\t\t\t<\/div>\n        <\/div> \n\t\t\t<\/section><section class=\"media-block   alignfull bg-white  block-padding-top  relative overflow-hidden\" id=\"\">\n\t    <div class=\"container mx-auto relative   px-0 lg:flex justify-end bg-white md:rounded-3xl md:rounded-3xl  overflow-hidden flex-col sm:flex-row\">\n        <figure class=\"lg:w-3\/5 relative full\"><img loading=\"lazy\" decoding=\"async\" width=\"2560\" height=\"1707\" src=\"https:\/\/www.cdsbaggage.ca\/wp-content\/uploads\/2025\/11\/getty-images-cudDvIMME3c-unsplash-scaled.jpg\" class=\" md:absolute inset-0 md:h-full w-full md:rounded-3xl md:rounded-3xl   object-cover \" alt=\"Livraison directe \u00e0 la cabine\" title=\"Livraison directe \u00e0 la cabine\" srcset=\"https:\/\/www.cdsbaggage.ca\/wp-content\/uploads\/2025\/11\/getty-images-cudDvIMME3c-unsplash-scaled.jpg 2560w, https:\/\/www.cdsbaggage.ca\/wp-content\/uploads\/2025\/11\/getty-images-cudDvIMME3c-unsplash-300x200.jpg 300w, https:\/\/www.cdsbaggage.ca\/wp-content\/uploads\/2025\/11\/getty-images-cudDvIMME3c-unsplash-1024x683.jpg 1024w, https:\/\/www.cdsbaggage.ca\/wp-content\/uploads\/2025\/11\/getty-images-cudDvIMME3c-unsplash-768x512.jpg 768w, https:\/\/www.cdsbaggage.ca\/wp-content\/uploads\/2025\/11\/getty-images-cudDvIMME3c-unsplash-1536x1024.jpg 1536w, https:\/\/www.cdsbaggage.ca\/wp-content\/uploads\/2025\/11\/getty-images-cudDvIMME3c-unsplash-2048x1365.jpg 2048w, https:\/\/www.cdsbaggage.ca\/wp-content\/uploads\/2025\/11\/getty-images-cudDvIMME3c-unsplash-600x400.jpg 600w\" sizes=\"auto, (max-width: 2560px) 100vw, 2560px\" \/><\/figure>        <div class=\"container ml-auto relative\">\n\t\t\t<div class=\"content block-padding-top block-padding-bottom text-left\">\n            <h2 class=\"text-4xl text-text-light font-title\">Livraison directe \u00e0 la cabine<\/h2><h3 class=\"font-subtitle text-2xl subtitle pb-6 text-primary \"> C\u2019est comme par magie<\/h3><div class=\"font-body text-text-light \"><p>Imaginez entrer dans votre cabine et trouver vos bagages d\u00e9j\u00e0 pr\u00eats \u00e0 vous attendre. En coordonnant avec l\u2019\u00e9quipe logistique de la compagnie de croisi\u00e8re, nous \u00e9vitons le chaos du d\u00e9p\u00f4t au bord du quai. Vous commencez vos vacances d\u00e8s votre arriv\u00e9e, et non apr\u00e8s avoir d\u00e9ball\u00e9 vos affaires.  <\/p>\n<\/div>        \n            \n            <\/div>\n\t\t\t<\/div>\n        <\/div> \n\t\t\t<\/section><section class=\"media-block   alignfull bg-white   block-padding-bottom relative overflow-hidden\" id=\"\">\n\t    <div class=\"container mx-auto relative   px-0 lg:flex justify-end bg-white md:rounded-3xl md:rounded-3xl  overflow-hidden flex-col sm:flex-row-reverse\">\n        <figure class=\"lg:w-3\/5 relative full\"><img loading=\"lazy\" decoding=\"async\" width=\"2560\" height=\"1708\" src=\"https:\/\/www.cdsbaggage.ca\/wp-content\/uploads\/2025\/11\/molly-the-cat-9ZR9mafZRU8-unsplash-scaled.jpg\" class=\" md:absolute inset-0 md:h-full w-full md:rounded-3xl md:rounded-3xl   object-cover \" alt=\"Service de d\u00e9barquement\" title=\"Service de d\u00e9barquement\" srcset=\"https:\/\/www.cdsbaggage.ca\/wp-content\/uploads\/2025\/11\/molly-the-cat-9ZR9mafZRU8-unsplash-scaled.jpg 2560w, https:\/\/www.cdsbaggage.ca\/wp-content\/uploads\/2025\/11\/molly-the-cat-9ZR9mafZRU8-unsplash-300x200.jpg 300w, https:\/\/www.cdsbaggage.ca\/wp-content\/uploads\/2025\/11\/molly-the-cat-9ZR9mafZRU8-unsplash-1024x683.jpg 1024w, https:\/\/www.cdsbaggage.ca\/wp-content\/uploads\/2025\/11\/molly-the-cat-9ZR9mafZRU8-unsplash-768x512.jpg 768w, https:\/\/www.cdsbaggage.ca\/wp-content\/uploads\/2025\/11\/molly-the-cat-9ZR9mafZRU8-unsplash-1536x1025.jpg 1536w, https:\/\/www.cdsbaggage.ca\/wp-content\/uploads\/2025\/11\/molly-the-cat-9ZR9mafZRU8-unsplash-2048x1366.jpg 2048w, https:\/\/www.cdsbaggage.ca\/wp-content\/uploads\/2025\/11\/molly-the-cat-9ZR9mafZRU8-unsplash-600x400.jpg 600w\" sizes=\"auto, (max-width: 2560px) 100vw, 2560px\" \/><\/figure>        <div class=\"container mr-auto relative\">\n\t\t\t<div class=\"content block-padding-top block-padding-bottom text-left\">\n            <h3 class=\"text-4xl text-text-light font-title\">Service de d\u00e9barquement<\/h3><h4 class=\"font-subtitle text-2xl subtitle pb-6 text-primary \">Terminez en beaut\u00e9<\/h4><div class=\"font-body text-text-light \"><p>Le service fonctionne dans les deux sens. \u00c0 la fin de la croisi\u00e8re, ne vous pr\u00e9cipitez pas hors du navire pour faire la queue avec vos bagages. Nous pouvons transf\u00e9rer vos bagages du navire \u00e0 l\u2019a\u00e9roport, vous permettant de profiter d\u2019une derni\u00e8re excursion personnalis\u00e9e sur terre, sans bagages, avant votre vol de retour.  <\/p>\n<\/div>        \n            \n            <\/div>\n\t\t\t<\/div>\n        <\/div> \n\t\t\t<\/section>\r\n\t<section class=\"block-cover alignfull bg-black text-white relative \" id=\"1752\">  \t\r\n\t \r\n\t<div class=\"h-full\"> \r\n\t<div class=\"header-image absolute inset-0 h-full\"><figure class=\"h-full w-full\"><img loading=\"lazy\" decoding=\"async\" width=\"2560\" height=\"1707\" src=\"https:\/\/www.cdsbaggage.ca\/wp-content\/uploads\/2025\/03\/aec89ecbc2e326f13d8d483804c4e758.jpeg\" class=\" h-full w-full object-cover opacity-100\" alt=\"Contactez-nous\" title=\"Contactez-nous\" srcset=\"https:\/\/www.cdsbaggage.ca\/wp-content\/uploads\/2025\/03\/aec89ecbc2e326f13d8d483804c4e758.jpeg 2560w, https:\/\/www.cdsbaggage.ca\/wp-content\/uploads\/2025\/03\/aec89ecbc2e326f13d8d483804c4e758-300x200.jpeg 300w, https:\/\/www.cdsbaggage.ca\/wp-content\/uploads\/2025\/03\/aec89ecbc2e326f13d8d483804c4e758-1024x683.jpeg 1024w, https:\/\/www.cdsbaggage.ca\/wp-content\/uploads\/2025\/03\/aec89ecbc2e326f13d8d483804c4e758-768x512.jpeg 768w, https:\/\/www.cdsbaggage.ca\/wp-content\/uploads\/2025\/03\/aec89ecbc2e326f13d8d483804c4e758-1536x1024.jpeg 1536w, https:\/\/www.cdsbaggage.ca\/wp-content\/uploads\/2025\/03\/aec89ecbc2e326f13d8d483804c4e758-2048x1366.jpeg 2048w, https:\/\/www.cdsbaggage.ca\/wp-content\/uploads\/2025\/03\/aec89ecbc2e326f13d8d483804c4e758-600x400.jpeg 600w\" sizes=\"auto, (max-width: 2560px) 100vw, 2560px\" \/><\/figure><\/div><div class=\"scrim absolute inset-0 h-full w-full\"><\/div><div class=\"relative h-full w-full flex items-center\"><div class=\"container mx-auto z-10 block-padding-top-extra2 block-padding-bottom-extra2 relative h-full\"><div class=\"w-full py-8 lg:p-12 sm:w-2\/3 lg:w-2\/5  text-left bg-none rounded-3xl\"><h2 class=\"text-6xl text-white font-title\">Contactez-nous<\/h2><div class=\"font-body text-white\"><p>Vous avez une question concernant un bagage retard\u00e9 ou besoin d\u2019un devis pour un transfert de groupe important? <a href=\"https:\/\/www.cdsbaggage.ca\/fr\/contact\/\">Communiquez avec notre \u00e9quipe<\/a> d\u00e8s aujourd\u2019hui. Nous sommes pr\u00eats \u00e0 vous offrir un service rapide et personnalis\u00e9.<\/p>\n<\/div>    <div class=\"wp-block-buttons   gap-1 sm:gap-2 flex flex-wrap\">\n                <div class=\"wp-block-button btn has-btn-filled\">\n\n                <a class=\"wp-block-button__link btn-filled btn-primary  flex items-center gap-2 scroll\" href=\"https:\/\/www.cdsbaggage.ca\/fr\/contact\/\" target=\"\">\n                    Contactez-nous                                    <\/a>\n            <\/div>\n                <\/div>\n<\/div><\/div><\/div>\t\t<\/div>\r\n\t<\/section>\r\n\t\t\r\n","protected":false},"excerpt":{"rendered":"","protected":false},"author":3,"featured_media":0,"parent":1719,"menu_order":0,"comment_status":"closed","ping_status":"closed","template":"","meta":{"_acf_changed":false,"footnotes":""},"class_list":["post-1752","page","type-page","status-publish","hentry"],"acf":[],"featured_image_src":null,"featured_image_src_square":null,"_links":{"self":[{"href":"https:\/\/www.cdsbaggage.ca\/fr\/wp-json\/wp\/v2\/pages\/1752","targetHints":{"allow":["GET"]}}],"collection":[{"href":"https:\/\/www.cdsbaggage.ca\/fr\/wp-json\/wp\/v2\/pages"}],"about":[{"href":"https:\/\/www.cdsbaggage.ca\/fr\/wp-json\/wp\/v2\/types\/page"}],"author":[{"embeddable":true,"href":"https:\/\/www.cdsbaggage.ca\/fr\/wp-json\/wp\/v2\/users\/3"}],"replies":[{"embeddable":true,"href":"https:\/\/www.cdsbaggage.ca\/fr\/wp-json\/wp\/v2\/comments?post=1752"}],"version-history":[{"count":0,"href":"https:\/\/www.cdsbaggage.ca\/fr\/wp-json\/wp\/v2\/pages\/1752\/revisions"}],"up":[{"embeddable":true,"href":"https:\/\/www.cdsbaggage.ca\/fr\/wp-json\/wp\/v2\/pages\/1719"}],"wp:attachment":[{"href":"https:\/\/www.cdsbaggage.ca\/fr\/wp-json\/wp\/v2\/media?parent=1752"}],"curies":[{"name":"wp","href":"https:\/\/api.w.org\/{rel}","templated":true}]}}