 {"id":1757,"date":"2025-11-24T21:39:48","date_gmt":"2025-11-24T21:39:48","guid":{"rendered":"https:\/\/cds-baggage.local\/services\/tour-baggage-logistics\/"},"modified":"2026-02-20T20:01:11","modified_gmt":"2026-02-20T20:01:11","slug":"tour-baggage-logistics","status":"publish","type":"page","link":"https:\/\/www.cdsbaggage.ca\/fr\/services\/tour-baggage-logistics\/","title":{"rendered":"Tour Baggage Logistics"},"content":{"rendered":"\n\t<section class=\"block-header alignfull bg-black text-white relative \" id=\"1757\">  \t\n\t \n\t<div class=\"h-full\"> \n\t<div class=\"header-gallery absolute inset-0 h-full\"><figure class=\"h-full w-full\"><img loading=\"lazy\" decoding=\"async\" width=\"2560\" height=\"1707\" src=\"https:\/\/www.cdsbaggage.ca\/wp-content\/uploads\/2025\/11\/getty-images-NYkRWXleQBM-unsplash-scaled.jpg\" class=\" h-full w-full object-cover opacity-90\" alt=\"Transport de groupes sans tracas\" title=\"Transport de groupes sans tracas\" srcset=\"https:\/\/www.cdsbaggage.ca\/wp-content\/uploads\/2025\/11\/getty-images-NYkRWXleQBM-unsplash-scaled.jpg 2560w, https:\/\/www.cdsbaggage.ca\/wp-content\/uploads\/2025\/11\/getty-images-NYkRWXleQBM-unsplash-300x200.jpg 300w, https:\/\/www.cdsbaggage.ca\/wp-content\/uploads\/2025\/11\/getty-images-NYkRWXleQBM-unsplash-1024x683.jpg 1024w, https:\/\/www.cdsbaggage.ca\/wp-content\/uploads\/2025\/11\/getty-images-NYkRWXleQBM-unsplash-768x512.jpg 768w, https:\/\/www.cdsbaggage.ca\/wp-content\/uploads\/2025\/11\/getty-images-NYkRWXleQBM-unsplash-1536x1024.jpg 1536w, https:\/\/www.cdsbaggage.ca\/wp-content\/uploads\/2025\/11\/getty-images-NYkRWXleQBM-unsplash-2048x1365.jpg 2048w, https:\/\/www.cdsbaggage.ca\/wp-content\/uploads\/2025\/11\/getty-images-NYkRWXleQBM-unsplash-600x400.jpg 600w\" sizes=\"auto, (max-width: 2560px) 100vw, 2560px\" \/><\/figure><\/div><div class=\"scrim absolute inset-0 h-full w-full\"><\/div><div class=\"relative h-full w-full flex items-center\"><div class=\"container mx-auto z-10 block-padding-top-extra2 block-padding-bottom-extra2 relative h-full\"><div class=\"w-full sm:w-2\/3 xl:w-1\/2 text-left\"><h1 class=\"font-subtitle text-3xl subtitle pb-6 text-primary \">Logistique de bagages pour circuits touristiques :<\/h1><h2 class=\"text-6xl lg:text-7xl text-white font-title\">Transport de groupes sans tracas<\/h2><div class=\"font-body text-white \"><p>Gestion compl\u00e8te des bagages pour les voyagistes et les organisateurs de voyages de groupe.<\/p>\n<\/div><\/div><\/div><\/div>\t<\/div>\n<\/section>\n\t\t\n<section class=\"media-block   alignfull bg-white  block-padding-top  relative overflow-hidden\" id=\"\">\n\t    <div class=\"container mx-auto relative   px-0 lg:flex justify-end bg-white md:rounded-3xl md:rounded-3xl  overflow-hidden flex-col sm:flex-row\">\n        <figure class=\"lg:w-3\/5 relative full\"><img loading=\"lazy\" decoding=\"async\" width=\"2560\" height=\"1720\" src=\"https:\/\/www.cdsbaggage.ca\/wp-content\/uploads\/2025\/11\/tai-luan-nguyen-5tosxIwAKd0-unsplash-scaled.jpg\" class=\" md:absolute inset-0 md:h-full w-full md:rounded-3xl md:rounded-3xl   object-cover \" alt=\"Mass Movement Mastery\" title=\"Mass Movement Mastery\" srcset=\"https:\/\/www.cdsbaggage.ca\/wp-content\/uploads\/2025\/11\/tai-luan-nguyen-5tosxIwAKd0-unsplash-scaled.jpg 2560w, https:\/\/www.cdsbaggage.ca\/wp-content\/uploads\/2025\/11\/tai-luan-nguyen-5tosxIwAKd0-unsplash-300x202.jpg 300w, https:\/\/www.cdsbaggage.ca\/wp-content\/uploads\/2025\/11\/tai-luan-nguyen-5tosxIwAKd0-unsplash-1024x688.jpg 1024w, https:\/\/www.cdsbaggage.ca\/wp-content\/uploads\/2025\/11\/tai-luan-nguyen-5tosxIwAKd0-unsplash-768x516.jpg 768w, https:\/\/www.cdsbaggage.ca\/wp-content\/uploads\/2025\/11\/tai-luan-nguyen-5tosxIwAKd0-unsplash-1536x1032.jpg 1536w, https:\/\/www.cdsbaggage.ca\/wp-content\/uploads\/2025\/11\/tai-luan-nguyen-5tosxIwAKd0-unsplash-2048x1376.jpg 2048w\" sizes=\"auto, (max-width: 2560px) 100vw, 2560px\" \/><\/figure>        <div class=\"container ml-auto relative\">\n\t\t\t<div class=\"content block-padding-top block-padding-bottom text-left\">\n            <h3 class=\"text-4xl text-text-light font-title\">Mass Movement Mastery<\/h3><h4 class=\"font-subtitle text-2xl subtitle pb-6 text-primary \">Ma\u00eetrise du transport en masse<\/h4><div class=\"font-body text-text-light \"><p>D\u00e9placer un groupe de 50 personnes est d\u00e9j\u00e0 un d\u00e9fi ; ajouter 75 valises transforme la t\u00e2che en v\u00e9ritable casse-t\u00eate logistique. Nous sommes sp\u00e9cialis\u00e9s dans le transport silencieux et efficace des bagages de groupe. Nous prenons en charge le travail physique pour que le guide touristique puisse se concentrer sur les invit\u00e9s, et non sur le mat\u00e9riel.  <\/p>\n<\/div>        \n            \n            <\/div>\n\t\t\t<\/div>\n        <\/div> \n\t\t\t<\/section><section class=\"media-block   alignfull bg-white  block-padding-top  relative overflow-hidden\" id=\"\">\n\t    <div class=\"container mx-auto relative   px-0 lg:flex justify-end bg-white md:rounded-3xl md:rounded-3xl  overflow-hidden flex-col sm:flex-row-reverse\">\n        <figure class=\"lg:w-3\/5 relative full\"><img loading=\"lazy\" decoding=\"async\" width=\"2560\" height=\"1441\" src=\"https:\/\/www.cdsbaggage.ca\/wp-content\/uploads\/2025\/11\/edwin-petrus-5YRc3AHgogY-unsplash-scaled.jpg\" class=\" md:absolute inset-0 md:h-full w-full md:rounded-3xl md:rounded-3xl   object-cover \" alt=\"Horaires synchronis\u00e9s \" title=\"Horaires synchronis\u00e9s \" srcset=\"https:\/\/www.cdsbaggage.ca\/wp-content\/uploads\/2025\/11\/edwin-petrus-5YRc3AHgogY-unsplash-scaled.jpg 2560w, https:\/\/www.cdsbaggage.ca\/wp-content\/uploads\/2025\/11\/edwin-petrus-5YRc3AHgogY-unsplash-300x169.jpg 300w, https:\/\/www.cdsbaggage.ca\/wp-content\/uploads\/2025\/11\/edwin-petrus-5YRc3AHgogY-unsplash-1024x576.jpg 1024w, https:\/\/www.cdsbaggage.ca\/wp-content\/uploads\/2025\/11\/edwin-petrus-5YRc3AHgogY-unsplash-768x432.jpg 768w, https:\/\/www.cdsbaggage.ca\/wp-content\/uploads\/2025\/11\/edwin-petrus-5YRc3AHgogY-unsplash-1536x864.jpg 1536w, https:\/\/www.cdsbaggage.ca\/wp-content\/uploads\/2025\/11\/edwin-petrus-5YRc3AHgogY-unsplash-2048x1153.jpg 2048w\" sizes=\"auto, (max-width: 2560px) 100vw, 2560px\" \/><\/figure>        <div class=\"container mr-auto relative\">\n\t\t\t<div class=\"content block-padding-top block-padding-bottom text-left\">\n            <h3 class=\"text-4xl text-text-light font-title\">Horaires synchronis\u00e9s <\/h3><h4 class=\"font-subtitle text-2xl subtitle pb-6 text-primary \">Toujours un pas en avant<\/h4><div class=\"font-body text-text-light \"><p>Nous travaillons selon votre itin\u00e9raire. Nos \u00e9quipes veillent \u00e0 ce que les bagages soient r\u00e9cup\u00e9r\u00e9s dans le hall de l\u2019h\u00f4tel et transport\u00e9s vers la prochaine destination avant m\u00eame l\u2019arriv\u00e9e du bus. Nous coordonnons \u00e9troitement avec le personnel de l\u2019h\u00f4tel et les chauffeurs pour garantir aucune interruption dans votre planning.  <\/p>\n<\/div>        \n            \n            <\/div>\n\t\t\t<\/div>\n        <\/div> \n\t\t\t<\/section><section class=\"media-block   alignfull bg-white  block-padding-top  relative overflow-hidden\" id=\"\">\n\t    <div class=\"container mx-auto relative   px-0 lg:flex justify-end bg-white md:rounded-3xl md:rounded-3xl  overflow-hidden flex-col sm:flex-row\">\n        <figure class=\"lg:w-3\/5 relative full\"><img loading=\"lazy\" decoding=\"async\" width=\"2560\" height=\"1493\" src=\"https:\/\/www.cdsbaggage.ca\/wp-content\/uploads\/2025\/11\/mihaela-claudia-puscas-LCBTFiIX__I-unsplash-1-scaled.jpg\" class=\" md:absolute inset-0 md:h-full w-full md:rounded-3xl md:rounded-3xl   object-cover \" alt=\"Pr\u00e9cision et suivi\" title=\"Pr\u00e9cision et suivi\" srcset=\"https:\/\/www.cdsbaggage.ca\/wp-content\/uploads\/2025\/11\/mihaela-claudia-puscas-LCBTFiIX__I-unsplash-1-scaled.jpg 2560w, https:\/\/www.cdsbaggage.ca\/wp-content\/uploads\/2025\/11\/mihaela-claudia-puscas-LCBTFiIX__I-unsplash-1-300x175.jpg 300w, https:\/\/www.cdsbaggage.ca\/wp-content\/uploads\/2025\/11\/mihaela-claudia-puscas-LCBTFiIX__I-unsplash-1-1024x597.jpg 1024w, https:\/\/www.cdsbaggage.ca\/wp-content\/uploads\/2025\/11\/mihaela-claudia-puscas-LCBTFiIX__I-unsplash-1-768x448.jpg 768w, https:\/\/www.cdsbaggage.ca\/wp-content\/uploads\/2025\/11\/mihaela-claudia-puscas-LCBTFiIX__I-unsplash-1-1536x896.jpg 1536w, https:\/\/www.cdsbaggage.ca\/wp-content\/uploads\/2025\/11\/mihaela-claudia-puscas-LCBTFiIX__I-unsplash-1-2048x1194.jpg 2048w\" sizes=\"auto, (max-width: 2560px) 100vw, 2560px\" \/><\/figure>        <div class=\"container ml-auto relative\">\n\t\t\t<div class=\"content block-padding-top block-padding-bottom text-left\">\n            <h2 class=\"text-4xl text-text-light font-title\">Pr\u00e9cision et suivi<\/h2><h3 class=\"font-subtitle text-2xl subtitle pb-6 text-primary \">Aucun bagage laiss\u00e9 derri\u00e8re<\/h3><div class=\"font-body text-text-light \"><p>Avec de grands groupes, des confusions peuvent survenir \u2014 mais pas sous notre surveillance. Nous utilisons un syst\u00e8me rigoureux d\u2019\u00e9tiquetage et de manifeste pour garantir que chaque bagage est comptabilis\u00e9 \u00e0 chaque \u00e9tape. Nous comparons le nombre de bagages aux manifestes des passagers afin d\u2019assurer une pr\u00e9cision totale.  <\/p>\n<\/div>        \n            \n            <\/div>\n\t\t\t<\/div>\n        <\/div> \n\t\t\t<\/section><section class=\"media-block   alignfull bg-white  block-padding-top block-padding-bottom relative overflow-hidden\" id=\"\">\n\t    <div class=\"container mx-auto relative   px-0 lg:flex justify-end bg-white md:rounded-3xl md:rounded-3xl  overflow-hidden flex-col sm:flex-row-reverse\">\n        <figure class=\"lg:w-3\/5 relative full\"><img loading=\"lazy\" decoding=\"async\" width=\"2560\" height=\"2061\" src=\"https:\/\/www.cdsbaggage.ca\/wp-content\/uploads\/2025\/11\/anna-n-XmZTFarck-unsplash-scaled.jpg\" class=\" md:absolute inset-0 md:h-full w-full md:rounded-3xl md:rounded-3xl   object-cover \" alt=\"Adaptable \u00e0 toutes les tailles\" title=\"Adaptable \u00e0 toutes les tailles\" srcset=\"https:\/\/www.cdsbaggage.ca\/wp-content\/uploads\/2025\/11\/anna-n-XmZTFarck-unsplash-scaled.jpg 2560w, https:\/\/www.cdsbaggage.ca\/wp-content\/uploads\/2025\/11\/anna-n-XmZTFarck-unsplash-300x242.jpg 300w, https:\/\/www.cdsbaggage.ca\/wp-content\/uploads\/2025\/11\/anna-n-XmZTFarck-unsplash-1024x824.jpg 1024w, https:\/\/www.cdsbaggage.ca\/wp-content\/uploads\/2025\/11\/anna-n-XmZTFarck-unsplash-768x618.jpg 768w, https:\/\/www.cdsbaggage.ca\/wp-content\/uploads\/2025\/11\/anna-n-XmZTFarck-unsplash-1536x1236.jpg 1536w, https:\/\/www.cdsbaggage.ca\/wp-content\/uploads\/2025\/11\/anna-n-XmZTFarck-unsplash-2048x1649.jpg 2048w\" sizes=\"auto, (max-width: 2560px) 100vw, 2560px\" \/><\/figure>        <div class=\"container mr-auto relative\">\n\t\t\t<div class=\"content block-padding-top block-padding-bottom text-left\">\n            <h3 class=\"text-4xl text-text-light font-title\">Adaptable \u00e0 toutes les tailles<\/h3><h4 class=\"font-subtitle text-2xl subtitle pb-6 text-primary \">Des petits groupes aux grandes excursions<\/h4><div class=\"font-body text-text-light \"><p>Que vous organisiez un atelier de photographie de luxe pour dix personnes ou une tourn\u00e9e universitaire avec des centaines d\u2019instruments, notre flotte s\u2019adapte \u00e0 la demande. Nous disposons des camions et de la main-d\u2019\u0153uvre n\u00e9cessaires pour g\u00e9rer tout volume de mani\u00e8re efficace. <\/p>\n<\/div>        \n            \n            <\/div>\n\t\t\t<\/div>\n        <\/div> \n\t\t\t<\/section>\r\n\t<section class=\"block-cover alignfull bg-black text-white relative \" id=\"1757\">  \t\r\n\t \r\n\t<div class=\"h-full\"> \r\n\t<div class=\"header-image absolute inset-0 h-full\"><figure class=\"h-full w-full\"><img loading=\"lazy\" decoding=\"async\" width=\"2560\" height=\"1707\" src=\"https:\/\/www.cdsbaggage.ca\/wp-content\/uploads\/2025\/03\/aec89ecbc2e326f13d8d483804c4e758.jpeg\" class=\" h-full w-full object-cover opacity-100\" alt=\"Contactez-nous\" title=\"Contactez-nous\" srcset=\"https:\/\/www.cdsbaggage.ca\/wp-content\/uploads\/2025\/03\/aec89ecbc2e326f13d8d483804c4e758.jpeg 2560w, https:\/\/www.cdsbaggage.ca\/wp-content\/uploads\/2025\/03\/aec89ecbc2e326f13d8d483804c4e758-300x200.jpeg 300w, https:\/\/www.cdsbaggage.ca\/wp-content\/uploads\/2025\/03\/aec89ecbc2e326f13d8d483804c4e758-1024x683.jpeg 1024w, https:\/\/www.cdsbaggage.ca\/wp-content\/uploads\/2025\/03\/aec89ecbc2e326f13d8d483804c4e758-768x512.jpeg 768w, https:\/\/www.cdsbaggage.ca\/wp-content\/uploads\/2025\/03\/aec89ecbc2e326f13d8d483804c4e758-1536x1024.jpeg 1536w, https:\/\/www.cdsbaggage.ca\/wp-content\/uploads\/2025\/03\/aec89ecbc2e326f13d8d483804c4e758-2048x1366.jpeg 2048w, https:\/\/www.cdsbaggage.ca\/wp-content\/uploads\/2025\/03\/aec89ecbc2e326f13d8d483804c4e758-600x400.jpeg 600w\" sizes=\"auto, (max-width: 2560px) 100vw, 2560px\" \/><\/figure><\/div><div class=\"scrim absolute inset-0 h-full w-full\"><\/div><div class=\"relative h-full w-full flex items-center\"><div class=\"container mx-auto z-10 block-padding-top-extra2 block-padding-bottom-extra2 relative h-full\"><div class=\"w-full py-8 lg:p-12 sm:w-2\/3 lg:w-2\/5  text-left bg-none rounded-3xl\"><h2 class=\"text-6xl text-white font-title\">Contactez-nous<\/h2><div class=\"font-body text-white\"><p>Vous avez une question concernant un bagage retard\u00e9 ou besoin d\u2019un devis pour un transfert de groupe important? <a href=\"https:\/\/www.cdsbaggage.ca\/fr\/contact\/\">Communiquez avec notre \u00e9quipe<\/a> d\u00e8s aujourd\u2019hui. Nous sommes pr\u00eats \u00e0 vous offrir un service rapide et personnalis\u00e9.<\/p>\n<\/div>    <div class=\"wp-block-buttons   gap-1 sm:gap-2 flex flex-wrap\">\n                <div class=\"wp-block-button btn has-btn-filled\">\n\n                <a class=\"wp-block-button__link btn-filled btn-primary  flex items-center gap-2 scroll\" href=\"https:\/\/www.cdsbaggage.ca\/fr\/contact\/\" target=\"\">\n                    Contactez-nous                                    <\/a>\n            <\/div>\n                <\/div>\n<\/div><\/div><\/div>\t\t<\/div>\r\n\t<\/section>\r\n\t\t\r\n","protected":false},"excerpt":{"rendered":"","protected":false},"author":3,"featured_media":0,"parent":1719,"menu_order":0,"comment_status":"closed","ping_status":"closed","template":"","meta":{"_acf_changed":false,"footnotes":""},"class_list":["post-1757","page","type-page","status-publish","hentry"],"acf":[],"featured_image_src":null,"featured_image_src_square":null,"_links":{"self":[{"href":"https:\/\/www.cdsbaggage.ca\/fr\/wp-json\/wp\/v2\/pages\/1757","targetHints":{"allow":["GET"]}}],"collection":[{"href":"https:\/\/www.cdsbaggage.ca\/fr\/wp-json\/wp\/v2\/pages"}],"about":[{"href":"https:\/\/www.cdsbaggage.ca\/fr\/wp-json\/wp\/v2\/types\/page"}],"author":[{"embeddable":true,"href":"https:\/\/www.cdsbaggage.ca\/fr\/wp-json\/wp\/v2\/users\/3"}],"replies":[{"embeddable":true,"href":"https:\/\/www.cdsbaggage.ca\/fr\/wp-json\/wp\/v2\/comments?post=1757"}],"version-history":[{"count":0,"href":"https:\/\/www.cdsbaggage.ca\/fr\/wp-json\/wp\/v2\/pages\/1757\/revisions"}],"up":[{"embeddable":true,"href":"https:\/\/www.cdsbaggage.ca\/fr\/wp-json\/wp\/v2\/pages\/1719"}],"wp:attachment":[{"href":"https:\/\/www.cdsbaggage.ca\/fr\/wp-json\/wp\/v2\/media?parent=1757"}],"curies":[{"name":"wp","href":"https:\/\/api.w.org\/{rel}","templated":true}]}}