 {"id":1786,"date":"2025-11-24T21:41:20","date_gmt":"2025-11-24T21:41:20","guid":{"rendered":"https:\/\/cds-baggage.local\/services\/logistique-de-bagages-pour-evenements\/"},"modified":"2026-02-20T21:54:53","modified_gmt":"2026-02-20T21:54:53","slug":"logistique-de-bagages-pour-evenements","status":"publish","type":"page","link":"https:\/\/www.cdsbaggage.ca\/fr\/services\/logistique-de-bagages-pour-evenements\/","title":{"rendered":"Logistique de bagages pour \u00e9v\u00e9nements"},"content":{"rendered":"\n\t<section class=\"block-header alignfull bg-black text-white relative \" id=\"1786\">  \t\n\t \n\t<div class=\"h-full\"> \n\t<div class=\"header-gallery absolute inset-0 h-full\"><figure class=\"h-full w-full\"><img loading=\"lazy\" decoding=\"async\" width=\"2560\" height=\"1707\" src=\"https:\/\/www.cdsbaggage.ca\/wp-content\/uploads\/2025\/11\/product-school-nOvIa_x_tfo-unsplash-scaled.jpg\" class=\" h-full w-full object-cover opacity-90\" alt=\" Logistique \u00e0 grande \u00e9chelle\" title=\" Logistique \u00e0 grande \u00e9chelle\" srcset=\"https:\/\/www.cdsbaggage.ca\/wp-content\/uploads\/2025\/11\/product-school-nOvIa_x_tfo-unsplash-scaled.jpg 2560w, https:\/\/www.cdsbaggage.ca\/wp-content\/uploads\/2025\/11\/product-school-nOvIa_x_tfo-unsplash-300x200.jpg 300w, https:\/\/www.cdsbaggage.ca\/wp-content\/uploads\/2025\/11\/product-school-nOvIa_x_tfo-unsplash-1024x683.jpg 1024w, https:\/\/www.cdsbaggage.ca\/wp-content\/uploads\/2025\/11\/product-school-nOvIa_x_tfo-unsplash-768x512.jpg 768w, https:\/\/www.cdsbaggage.ca\/wp-content\/uploads\/2025\/11\/product-school-nOvIa_x_tfo-unsplash-1536x1024.jpg 1536w, https:\/\/www.cdsbaggage.ca\/wp-content\/uploads\/2025\/11\/product-school-nOvIa_x_tfo-unsplash-2048x1365.jpg 2048w, https:\/\/www.cdsbaggage.ca\/wp-content\/uploads\/2025\/11\/product-school-nOvIa_x_tfo-unsplash-600x400.jpg 600w\" sizes=\"auto, (max-width: 2560px) 100vw, 2560px\" \/><\/figure><\/div><div class=\"scrim absolute inset-0 h-full w-full\"><\/div><div class=\"relative h-full w-full flex items-center\"><div class=\"container mx-auto z-10 block-padding-top-extra2 block-padding-bottom-extra2 relative h-full\"><div class=\"w-full sm:w-2\/3 xl:w-1\/2 text-left\"><h1 class=\"font-subtitle text-3xl subtitle pb-6 text-primary \">Bagages pour \u00e9v\u00e9nements et conf\u00e9rences :<\/h1><h2 class=\"text-6xl lg:text-7xl text-white font-title\"> Logistique \u00e0 grande \u00e9chelle<\/h2><div class=\"font-body text-white \"><p>Gestion du transport de bagages en grande quantit\u00e9 pour les conf\u00e9rences, festivals et \u00e9v\u00e9nements d\u2019entreprise.<\/p>\n<\/div><\/div><\/div><\/div>\t<\/div>\n<\/section>\n\t\t\n<section class=\"media-block   alignfull bg-white  block-padding-top  relative overflow-hidden\" id=\"\">\n\t    <div class=\"container mx-auto relative   px-0 lg:flex justify-end bg-white md:rounded-3xl md:rounded-3xl  overflow-hidden flex-col sm:flex-row\">\n        <figure class=\"lg:w-3\/5 relative full\"><img loading=\"lazy\" decoding=\"async\" width=\"2560\" height=\"1707\" src=\"https:\/\/www.cdsbaggage.ca\/wp-content\/uploads\/2025\/11\/headway-F2KRf_QfCqw-unsplash-scaled.jpg\" class=\" md:absolute inset-0 md:h-full w-full md:rounded-3xl md:rounded-3xl   object-cover \" alt=\"Les premi\u00e8res impressions comptent \" title=\"Les premi\u00e8res impressions comptent \" srcset=\"https:\/\/www.cdsbaggage.ca\/wp-content\/uploads\/2025\/11\/headway-F2KRf_QfCqw-unsplash-scaled.jpg 2560w, https:\/\/www.cdsbaggage.ca\/wp-content\/uploads\/2025\/11\/headway-F2KRf_QfCqw-unsplash-300x200.jpg 300w, https:\/\/www.cdsbaggage.ca\/wp-content\/uploads\/2025\/11\/headway-F2KRf_QfCqw-unsplash-1024x683.jpg 1024w, https:\/\/www.cdsbaggage.ca\/wp-content\/uploads\/2025\/11\/headway-F2KRf_QfCqw-unsplash-768x512.jpg 768w, https:\/\/www.cdsbaggage.ca\/wp-content\/uploads\/2025\/11\/headway-F2KRf_QfCqw-unsplash-1536x1024.jpg 1536w, https:\/\/www.cdsbaggage.ca\/wp-content\/uploads\/2025\/11\/headway-F2KRf_QfCqw-unsplash-2048x1365.jpg 2048w, https:\/\/www.cdsbaggage.ca\/wp-content\/uploads\/2025\/11\/headway-F2KRf_QfCqw-unsplash-600x400.jpg 600w\" sizes=\"auto, (max-width: 2560px) 100vw, 2560px\" \/><\/figure>        <div class=\"container ml-auto relative\">\n\t\t\t<div class=\"content block-padding-top block-padding-bottom text-left\">\n            <h3 class=\"text-4xl text-text-light font-title\">Les premi\u00e8res impressions comptent <\/h3><h4 class=\"font-subtitle text-2xl subtitle pb-6 text-primary \">D\u00e9barrassez-vous du d\u00e9sordre<\/h4><div class=\"font-body text-text-light \"><p> Une pile chaotique de bagages dans un hall donne une mauvaise impression \u00e0 toute conf\u00e9rence. Nous assurons un enregistrement professionnel des bagages et la gestion du vestiaire. Nous maintenons le sol du lieu d\u00e9gag\u00e9 et professionnel, permettant aux participants de r\u00e9seauter sans tr\u00e9bucher sur des bagages \u00e0 main.<\/p>\n<\/div>        \n            \n            <\/div>\n\t\t\t<\/div>\n        <\/div> \n\t\t\t<\/section><section class=\"media-block   alignfull bg-white  block-padding-top  relative overflow-hidden\" id=\"\">\n\t    <div class=\"container mx-auto relative   px-0 lg:flex justify-end bg-white md:rounded-3xl md:rounded-3xl  overflow-hidden flex-col sm:flex-row-reverse\">\n        <figure class=\"lg:w-3\/5 relative full\"><img loading=\"lazy\" decoding=\"async\" width=\"2560\" height=\"1132\" src=\"https:\/\/www.cdsbaggage.ca\/wp-content\/uploads\/2025\/11\/yves-scheuber-2Cob1ttJP7k-unsplash-scaled.jpg\" class=\" md:absolute inset-0 md:h-full w-full md:rounded-3xl md:rounded-3xl   object-cover \" alt=\"Transferts de lieu \u00e0 lieu \" title=\"Transferts de lieu \u00e0 lieu \" srcset=\"https:\/\/www.cdsbaggage.ca\/wp-content\/uploads\/2025\/11\/yves-scheuber-2Cob1ttJP7k-unsplash-scaled.jpg 2560w, https:\/\/www.cdsbaggage.ca\/wp-content\/uploads\/2025\/11\/yves-scheuber-2Cob1ttJP7k-unsplash-300x133.jpg 300w, https:\/\/www.cdsbaggage.ca\/wp-content\/uploads\/2025\/11\/yves-scheuber-2Cob1ttJP7k-unsplash-1024x453.jpg 1024w, https:\/\/www.cdsbaggage.ca\/wp-content\/uploads\/2025\/11\/yves-scheuber-2Cob1ttJP7k-unsplash-768x340.jpg 768w, https:\/\/www.cdsbaggage.ca\/wp-content\/uploads\/2025\/11\/yves-scheuber-2Cob1ttJP7k-unsplash-1536x679.jpg 1536w, https:\/\/www.cdsbaggage.ca\/wp-content\/uploads\/2025\/11\/yves-scheuber-2Cob1ttJP7k-unsplash-2048x906.jpg 2048w\" sizes=\"auto, (max-width: 2560px) 100vw, 2560px\" \/><\/figure>        <div class=\"container mr-auto relative\">\n\t\t\t<div class=\"content block-padding-top block-padding-bottom text-left\">\n            <h3 class=\"text-4xl text-text-light font-title\">Transferts de lieu \u00e0 lieu <\/h3><h4 class=\"font-subtitle text-2xl subtitle pb-6 text-primary \">Flux fluide<\/h4><div class=\"font-body text-text-light \"><p>Les \u00e9v\u00e9nements sur plusieurs jours impliquent souvent le d\u00e9placement de centaines de participants d\u2019un centre de conf\u00e9rence vers diff\u00e9rents h\u00f4tels. Nous g\u00e9rons le transfert en masse des bagages entre ces diff\u00e9rents points. Pendant que vos invit\u00e9s profitent du d\u00eener de gala, nous travaillons en coulisses pour acheminer leurs bagages jusqu\u2019\u00e0 leurs chambres.<\/p>\n<\/div>        \n            \n            <\/div>\n\t\t\t<\/div>\n        <\/div> \n\t\t\t<\/section><section class=\"media-block   alignfull bg-white  block-padding-top  relative overflow-hidden\" id=\"\">\n\t    <div class=\"container mx-auto relative   px-0 lg:flex justify-end bg-white md:rounded-3xl md:rounded-3xl  overflow-hidden flex-col sm:flex-row\">\n        <figure class=\"lg:w-3\/5 relative full\"><img loading=\"lazy\" decoding=\"async\" width=\"2560\" height=\"1707\" src=\"https:\/\/www.cdsbaggage.ca\/wp-content\/uploads\/2025\/11\/getty-images-QhVR0yKCiXg-unsplash-scaled.jpg\" class=\" md:absolute inset-0 md:h-full w-full md:rounded-3xl md:rounded-3xl   object-cover \" alt=\"Planification d\u00e9taill\u00e9e \" title=\"Planification d\u00e9taill\u00e9e \" srcset=\"https:\/\/www.cdsbaggage.ca\/wp-content\/uploads\/2025\/11\/getty-images-QhVR0yKCiXg-unsplash-scaled.jpg 2560w, https:\/\/www.cdsbaggage.ca\/wp-content\/uploads\/2025\/11\/getty-images-QhVR0yKCiXg-unsplash-300x200.jpg 300w, https:\/\/www.cdsbaggage.ca\/wp-content\/uploads\/2025\/11\/getty-images-QhVR0yKCiXg-unsplash-1024x683.jpg 1024w, https:\/\/www.cdsbaggage.ca\/wp-content\/uploads\/2025\/11\/getty-images-QhVR0yKCiXg-unsplash-768x512.jpg 768w, https:\/\/www.cdsbaggage.ca\/wp-content\/uploads\/2025\/11\/getty-images-QhVR0yKCiXg-unsplash-1536x1024.jpg 1536w, https:\/\/www.cdsbaggage.ca\/wp-content\/uploads\/2025\/11\/getty-images-QhVR0yKCiXg-unsplash-2048x1365.jpg 2048w, https:\/\/www.cdsbaggage.ca\/wp-content\/uploads\/2025\/11\/getty-images-QhVR0yKCiXg-unsplash-600x400.jpg 600w\" sizes=\"auto, (max-width: 2560px) 100vw, 2560px\" \/><\/figure>        <div class=\"container ml-auto relative\">\n\t\t\t<div class=\"content block-padding-top block-padding-bottom text-left\">\n            <h2 class=\"text-4xl text-text-light font-title\">Planification d\u00e9taill\u00e9e <\/h2><h3 class=\"font-subtitle text-2xl subtitle pb-6 text-primary \">Consultation en logistique<\/h3><div class=\"font-body text-text-light \"><p>Nous ne faisons pas que nous pr\u00e9senter\u202f; nous planifions. Notre \u00e9quipe collabore avec les organisateurs d\u2019\u00e9v\u00e9nements plusieurs semaines \u00e0 l\u2019avance pour concevoir une strat\u00e9gie de circulation des bagages. Nous \u00e9valuons les points de congestion, l\u2019acc\u00e8s aux quais de chargement et le calendrier pour \u00e9laborer un plan qui fonctionne comme une horloge le jour de l\u2019\u00e9v\u00e9nement.<\/p>\n<\/div>        \n            \n            <\/div>\n\t\t\t<\/div>\n        <\/div> \n\t\t\t<\/section><section class=\"media-block   alignfull bg-white  block-padding-top block-padding-bottom relative overflow-hidden\" id=\"\">\n\t    <div class=\"container mx-auto relative   px-0 lg:flex justify-end bg-white md:rounded-3xl md:rounded-3xl  overflow-hidden flex-col sm:flex-row-reverse\">\n        <figure class=\"lg:w-3\/5 relative full\"><img loading=\"lazy\" decoding=\"async\" width=\"2560\" height=\"1707\" src=\"https:\/\/www.cdsbaggage.ca\/wp-content\/uploads\/2025\/11\/evangeline-shaw-VLkoOabAxqw-unsplash-scaled.jpg\" class=\" md:absolute inset-0 md:h-full w-full md:rounded-3xl md:rounded-3xl   object-cover \" alt=\"Personnel modulable\" title=\"Personnel modulable\" srcset=\"https:\/\/www.cdsbaggage.ca\/wp-content\/uploads\/2025\/11\/evangeline-shaw-VLkoOabAxqw-unsplash-scaled.jpg 2560w, https:\/\/www.cdsbaggage.ca\/wp-content\/uploads\/2025\/11\/evangeline-shaw-VLkoOabAxqw-unsplash-300x200.jpg 300w, https:\/\/www.cdsbaggage.ca\/wp-content\/uploads\/2025\/11\/evangeline-shaw-VLkoOabAxqw-unsplash-1024x683.jpg 1024w, https:\/\/www.cdsbaggage.ca\/wp-content\/uploads\/2025\/11\/evangeline-shaw-VLkoOabAxqw-unsplash-768x512.jpg 768w, https:\/\/www.cdsbaggage.ca\/wp-content\/uploads\/2025\/11\/evangeline-shaw-VLkoOabAxqw-unsplash-1536x1024.jpg 1536w, https:\/\/www.cdsbaggage.ca\/wp-content\/uploads\/2025\/11\/evangeline-shaw-VLkoOabAxqw-unsplash-2048x1365.jpg 2048w, https:\/\/www.cdsbaggage.ca\/wp-content\/uploads\/2025\/11\/evangeline-shaw-VLkoOabAxqw-unsplash-600x400.jpg 600w\" sizes=\"auto, (max-width: 2560px) 100vw, 2560px\" \/><\/figure>        <div class=\"container mr-auto relative\">\n\t\t\t<div class=\"content block-padding-top block-padding-bottom text-left\">\n            <h3 class=\"text-4xl text-text-light font-title\">Personnel modulable<\/h3><h4 class=\"font-subtitle text-2xl subtitle pb-6 text-primary \">Pr\u00e9sence sur le terrain<\/h4><div class=\"font-body text-text-light \"><p>Nous fournissons le personnel n\u00e9cessaire pour g\u00e9rer l\u2019afflux. Des porteurs en uniforme aux responsables logistiques, nous adaptons notre \u00e9quipe en fonction du nombre de participants, garantissant l\u2019absence de points de congestion au vestiaire ou aux stations de d\u00e9p\u00f4t des bagages.<\/p>\n<\/div>        \n            \n            <\/div>\n\t\t\t<\/div>\n        <\/div> \n\t\t\t<\/section>\r\n\t<section class=\"block-cover alignfull bg-black text-white relative \" id=\"1786\">  \t\r\n\t \r\n\t<div class=\"h-full\"> \r\n\t<div class=\"header-image absolute inset-0 h-full\"><figure class=\"h-full w-full\"><img loading=\"lazy\" decoding=\"async\" width=\"2560\" height=\"1707\" src=\"https:\/\/www.cdsbaggage.ca\/wp-content\/uploads\/2025\/03\/aec89ecbc2e326f13d8d483804c4e758.jpeg\" class=\" h-full w-full object-cover opacity-100\" alt=\"Contactez-nous\" title=\"Contactez-nous\" srcset=\"https:\/\/www.cdsbaggage.ca\/wp-content\/uploads\/2025\/03\/aec89ecbc2e326f13d8d483804c4e758.jpeg 2560w, https:\/\/www.cdsbaggage.ca\/wp-content\/uploads\/2025\/03\/aec89ecbc2e326f13d8d483804c4e758-300x200.jpeg 300w, https:\/\/www.cdsbaggage.ca\/wp-content\/uploads\/2025\/03\/aec89ecbc2e326f13d8d483804c4e758-1024x683.jpeg 1024w, https:\/\/www.cdsbaggage.ca\/wp-content\/uploads\/2025\/03\/aec89ecbc2e326f13d8d483804c4e758-768x512.jpeg 768w, https:\/\/www.cdsbaggage.ca\/wp-content\/uploads\/2025\/03\/aec89ecbc2e326f13d8d483804c4e758-1536x1024.jpeg 1536w, https:\/\/www.cdsbaggage.ca\/wp-content\/uploads\/2025\/03\/aec89ecbc2e326f13d8d483804c4e758-2048x1366.jpeg 2048w, https:\/\/www.cdsbaggage.ca\/wp-content\/uploads\/2025\/03\/aec89ecbc2e326f13d8d483804c4e758-600x400.jpeg 600w\" sizes=\"auto, (max-width: 2560px) 100vw, 2560px\" \/><\/figure><\/div><div class=\"scrim absolute inset-0 h-full w-full\"><\/div><div class=\"relative h-full w-full flex items-center\"><div class=\"container mx-auto z-10 block-padding-top-extra2 block-padding-bottom-extra2 relative h-full\"><div class=\"w-full py-8 lg:p-12 sm:w-2\/3 lg:w-2\/5  text-left bg-none rounded-3xl\"><h2 class=\"text-6xl text-white font-title\">Contactez-nous<\/h2><div class=\"font-body text-white\"><p>Vous avez une question concernant un bagage retard\u00e9 ou besoin d\u2019un devis pour un transfert de groupe important? <a href=\"https:\/\/www.cdsbaggage.ca\/fr\/contact\/\">Communiquez avec notre \u00e9quipe<\/a> d\u00e8s aujourd\u2019hui. Nous sommes pr\u00eats \u00e0 vous offrir un service rapide et personnalis\u00e9.<\/p>\n<\/div>    <div class=\"wp-block-buttons   gap-1 sm:gap-2 flex flex-wrap\">\n                <div class=\"wp-block-button btn has-btn-filled\">\n\n                <a class=\"wp-block-button__link btn-filled btn-primary  flex items-center gap-2 scroll\" href=\"https:\/\/www.cdsbaggage.ca\/fr\/contact\/\" target=\"\">\n                    Contactez-nous                                    <\/a>\n            <\/div>\n                <\/div>\n<\/div><\/div><\/div>\t\t<\/div>\r\n\t<\/section>\r\n\t\t\r\n","protected":false},"excerpt":{"rendered":"","protected":false},"author":3,"featured_media":0,"parent":1719,"menu_order":0,"comment_status":"closed","ping_status":"closed","template":"","meta":{"_acf_changed":false,"footnotes":""},"class_list":["post-1786","page","type-page","status-publish","hentry"],"acf":[],"featured_image_src":null,"featured_image_src_square":null,"_links":{"self":[{"href":"https:\/\/www.cdsbaggage.ca\/fr\/wp-json\/wp\/v2\/pages\/1786","targetHints":{"allow":["GET"]}}],"collection":[{"href":"https:\/\/www.cdsbaggage.ca\/fr\/wp-json\/wp\/v2\/pages"}],"about":[{"href":"https:\/\/www.cdsbaggage.ca\/fr\/wp-json\/wp\/v2\/types\/page"}],"author":[{"embeddable":true,"href":"https:\/\/www.cdsbaggage.ca\/fr\/wp-json\/wp\/v2\/users\/3"}],"replies":[{"embeddable":true,"href":"https:\/\/www.cdsbaggage.ca\/fr\/wp-json\/wp\/v2\/comments?post=1786"}],"version-history":[{"count":0,"href":"https:\/\/www.cdsbaggage.ca\/fr\/wp-json\/wp\/v2\/pages\/1786\/revisions"}],"up":[{"embeddable":true,"href":"https:\/\/www.cdsbaggage.ca\/fr\/wp-json\/wp\/v2\/pages\/1719"}],"wp:attachment":[{"href":"https:\/\/www.cdsbaggage.ca\/fr\/wp-json\/wp\/v2\/media?parent=1786"}],"curies":[{"name":"wp","href":"https:\/\/api.w.org\/{rel}","templated":true}]}}