 {"id":1794,"date":"2025-11-24T21:41:36","date_gmt":"2025-11-24T21:41:36","guid":{"rendered":"https:\/\/cds-baggage.local\/?page_id=1794"},"modified":"2026-02-25T18:31:33","modified_gmt":"2026-02-25T18:31:33","slug":"transport-de-bagages-par-camion","status":"publish","type":"page","link":"https:\/\/www.cdsbaggage.ca\/fr\/services\/transport-de-bagages-par-camion\/","title":{"rendered":"Transport de bagages par camion"},"content":{"rendered":"\n\t<section class=\"block-header alignfull bg-black text-white relative \" id=\"1794\">  \t\n\t \n\t<div class=\"h-full\"> \n\t<div class=\"header-gallery absolute inset-0 h-full\"><figure class=\"h-full w-full\"><img loading=\"lazy\" decoding=\"async\" width=\"2560\" height=\"1726\" src=\"https:\/\/www.cdsbaggage.ca\/wp-content\/uploads\/2025\/11\/getty-images-kP9aKbrT56M-unsplash-scaled.jpg\" class=\" h-full w-full object-cover opacity-90\" alt=\"Les transporteurs lourds\" title=\"Les transporteurs lourds\" srcset=\"https:\/\/www.cdsbaggage.ca\/wp-content\/uploads\/2025\/11\/getty-images-kP9aKbrT56M-unsplash-scaled.jpg 2560w, https:\/\/www.cdsbaggage.ca\/wp-content\/uploads\/2025\/11\/getty-images-kP9aKbrT56M-unsplash-300x202.jpg 300w, https:\/\/www.cdsbaggage.ca\/wp-content\/uploads\/2025\/11\/getty-images-kP9aKbrT56M-unsplash-1024x690.jpg 1024w, https:\/\/www.cdsbaggage.ca\/wp-content\/uploads\/2025\/11\/getty-images-kP9aKbrT56M-unsplash-768x518.jpg 768w, https:\/\/www.cdsbaggage.ca\/wp-content\/uploads\/2025\/11\/getty-images-kP9aKbrT56M-unsplash-1536x1036.jpg 1536w, https:\/\/www.cdsbaggage.ca\/wp-content\/uploads\/2025\/11\/getty-images-kP9aKbrT56M-unsplash-2048x1381.jpg 2048w\" sizes=\"auto, (max-width: 2560px) 100vw, 2560px\" \/><\/figure><\/div><div class=\"scrim absolute inset-0 h-full w-full\"><\/div><div class=\"relative h-full w-full flex items-center\"><div class=\"container mx-auto z-10 block-padding-top-extra2 block-padding-bottom-extra2 relative h-full\"><div class=\"w-full sm:w-2\/3 xl:w-1\/2 text-left\"><h1 class=\"font-subtitle text-3xl subtitle pb-6 text-primary \">Services de transport de bagages par camion :<\/h1><h2 class=\"text-6xl lg:text-7xl text-white font-title\">Les transporteurs lourds<\/h2><div class=\"font-body text-white \"><p>Transport longue distance fiable pour les besoins en bagages et en fret en vrac.<\/p>\n<\/div><\/div><\/div><\/div>\t<\/div>\n<\/section>\n\t\t\n<section class=\"media-block   alignfull bg-white  block-padding-top  relative overflow-hidden\" id=\"\">\n\t    <div class=\"container mx-auto relative   px-0 lg:flex justify-end bg-white md:rounded-3xl md:rounded-3xl  overflow-hidden flex-col sm:flex-row\">\n        <figure class=\"lg:w-3\/5 relative full\"><img loading=\"lazy\" decoding=\"async\" width=\"2560\" height=\"1440\" src=\"https:\/\/www.cdsbaggage.ca\/wp-content\/uploads\/2025\/11\/mavic-101-LhgEKILDWTg-unsplash-scaled.jpg\" class=\" md:absolute inset-0 md:h-full w-full md:rounded-3xl md:rounded-3xl   object-cover \" alt=\"Solutions de transport en vrac \" title=\"Solutions de transport en vrac \" srcset=\"https:\/\/www.cdsbaggage.ca\/wp-content\/uploads\/2025\/11\/mavic-101-LhgEKILDWTg-unsplash-scaled.jpg 2560w, https:\/\/www.cdsbaggage.ca\/wp-content\/uploads\/2025\/11\/mavic-101-LhgEKILDWTg-unsplash-300x169.jpg 300w, https:\/\/www.cdsbaggage.ca\/wp-content\/uploads\/2025\/11\/mavic-101-LhgEKILDWTg-unsplash-1024x576.jpg 1024w, https:\/\/www.cdsbaggage.ca\/wp-content\/uploads\/2025\/11\/mavic-101-LhgEKILDWTg-unsplash-768x432.jpg 768w, https:\/\/www.cdsbaggage.ca\/wp-content\/uploads\/2025\/11\/mavic-101-LhgEKILDWTg-unsplash-1536x864.jpg 1536w, https:\/\/www.cdsbaggage.ca\/wp-content\/uploads\/2025\/11\/mavic-101-LhgEKILDWTg-unsplash-2048x1152.jpg 2048w\" sizes=\"auto, (max-width: 2560px) 100vw, 2560px\" \/><\/figure>        <div class=\"container ml-auto relative\">\n\t\t\t<div class=\"content block-padding-top block-padding-bottom text-left\">\n            <h3 class=\"text-4xl text-text-light font-title\">Solutions de transport en vrac <\/h3><h4 class=\"font-subtitle text-2xl subtitle pb-6 text-primary \">Lorsque vous avez besoin d\u2019un camion lourd<\/h4><div class=\"font-body text-text-light \"><p>Parfois, une camionnette ne suffit pas. Pour les grands groupes touristiques, les d\u00e9m\u00e9nagements d\u2019entreprise ou les \u00e9quipes de tournage, nous proposons des services de chargement complet (FTL) et de chargement partiel (LTL). Nous sommes \u00e9quip\u00e9s pour d\u00e9placer des centaines de bagages \u00e0 travers la province ou le pays.  <\/p>\n<\/div>        \n            \n            <\/div>\n\t\t\t<\/div>\n        <\/div> \n\t\t\t<\/section><section class=\"media-block   alignfull bg-white  block-padding-top  relative overflow-hidden\" id=\"\">\n\t    <div class=\"container mx-auto relative   px-0 lg:flex justify-end bg-white md:rounded-3xl md:rounded-3xl  overflow-hidden flex-col sm:flex-row-reverse\">\n        <figure class=\"lg:w-3\/5 relative full\"><img loading=\"lazy\" decoding=\"async\" width=\"2560\" height=\"1707\" src=\"https:\/\/www.cdsbaggage.ca\/wp-content\/uploads\/2025\/11\/getty-images-2O2RZfPI26Y-unsplash-scaled.jpg\" class=\" md:absolute inset-0 md:h-full w-full md:rounded-3xl md:rounded-3xl   object-cover \" alt=\"Transport longue distance rentable\" title=\"Transport longue distance rentable\" srcset=\"https:\/\/www.cdsbaggage.ca\/wp-content\/uploads\/2025\/11\/getty-images-2O2RZfPI26Y-unsplash-scaled.jpg 2560w, https:\/\/www.cdsbaggage.ca\/wp-content\/uploads\/2025\/11\/getty-images-2O2RZfPI26Y-unsplash-300x200.jpg 300w, https:\/\/www.cdsbaggage.ca\/wp-content\/uploads\/2025\/11\/getty-images-2O2RZfPI26Y-unsplash-1024x683.jpg 1024w, https:\/\/www.cdsbaggage.ca\/wp-content\/uploads\/2025\/11\/getty-images-2O2RZfPI26Y-unsplash-768x512.jpg 768w, https:\/\/www.cdsbaggage.ca\/wp-content\/uploads\/2025\/11\/getty-images-2O2RZfPI26Y-unsplash-1536x1024.jpg 1536w, https:\/\/www.cdsbaggage.ca\/wp-content\/uploads\/2025\/11\/getty-images-2O2RZfPI26Y-unsplash-2048x1366.jpg 2048w, https:\/\/www.cdsbaggage.ca\/wp-content\/uploads\/2025\/11\/getty-images-2O2RZfPI26Y-unsplash-600x400.jpg 600w\" sizes=\"auto, (max-width: 2560px) 100vw, 2560px\" \/><\/figure>        <div class=\"container mr-auto relative\">\n\t\t\t<div class=\"content block-padding-top block-padding-bottom text-left\">\n            <h3 class=\"text-4xl text-text-light font-title\">Transport longue distance rentable<\/h3><h4 class=\"font-subtitle text-2xl subtitle pb-6 text-primary \">L\u2019alternative intelligente au transport a\u00e9rien<\/h4><div class=\"font-body text-text-light \"><p>Le transport a\u00e9rien de bagages en vrac est extr\u00eamement co\u00fbteux. Notre r\u00e9seau de transport par camion offre une alternative \u00e9conomique pour d\u00e9placer de grandes quantit\u00e9s de mat\u00e9riel sur de longues distances. Vous b\u00e9n\u00e9ficiez de la fiabilit\u00e9 d\u2019un service d\u00e9di\u00e9 sans les frais excessifs astronomiques des compagnies a\u00e9riennes.  <\/p>\n<\/div>        \n            \n            <\/div>\n\t\t\t<\/div>\n        <\/div> \n\t\t\t<\/section><section class=\"media-block   alignfull bg-white  block-padding-top  relative overflow-hidden\" id=\"\">\n\t    <div class=\"container mx-auto relative   px-0 lg:flex justify-end bg-white md:rounded-3xl md:rounded-3xl  overflow-hidden flex-col sm:flex-row\">\n        <figure class=\"lg:w-3\/5 relative full\"><img loading=\"lazy\" decoding=\"async\" width=\"2560\" height=\"1920\" src=\"https:\/\/www.cdsbaggage.ca\/wp-content\/uploads\/2025\/11\/getty-images-xYmimGKbVqI-unsplash-scaled.jpg\" class=\" md:absolute inset-0 md:h-full w-full md:rounded-3xl md:rounded-3xl   object-cover \" alt=\"Cha\u00eene de garde s\u00e9curis\u00e9e\" title=\"Cha\u00eene de garde s\u00e9curis\u00e9e\" srcset=\"https:\/\/www.cdsbaggage.ca\/wp-content\/uploads\/2025\/11\/getty-images-xYmimGKbVqI-unsplash-scaled.jpg 2560w, https:\/\/www.cdsbaggage.ca\/wp-content\/uploads\/2025\/11\/getty-images-xYmimGKbVqI-unsplash-300x225.jpg 300w, https:\/\/www.cdsbaggage.ca\/wp-content\/uploads\/2025\/11\/getty-images-xYmimGKbVqI-unsplash-1024x768.jpg 1024w, https:\/\/www.cdsbaggage.ca\/wp-content\/uploads\/2025\/11\/getty-images-xYmimGKbVqI-unsplash-768x576.jpg 768w, https:\/\/www.cdsbaggage.ca\/wp-content\/uploads\/2025\/11\/getty-images-xYmimGKbVqI-unsplash-1536x1152.jpg 1536w, https:\/\/www.cdsbaggage.ca\/wp-content\/uploads\/2025\/11\/getty-images-xYmimGKbVqI-unsplash-2048x1536.jpg 2048w\" sizes=\"auto, (max-width: 2560px) 100vw, 2560px\" \/><\/figure>        <div class=\"container ml-auto relative\">\n\t\t\t<div class=\"content block-padding-top block-padding-bottom text-left\">\n            <h2 class=\"text-4xl text-text-light font-title\">Cha\u00eene de garde s\u00e9curis\u00e9e<\/h2><h3 class=\"font-subtitle text-2xl subtitle pb-6 text-primary \">Scell\u00e9 et suivi<\/h3><div class=\"font-body text-text-light \"><p>La s\u00e9curit\u00e9 est primordiale sur la route. Nos camions sont suivis par GPS et scell\u00e9s au d\u00e9part. Nous tenons un registre strict de la cha\u00eene de garde, garantissant que l\u2019inventaire charg\u00e9 correspond exactement \u00e0 celui d\u00e9charg\u00e9 \u00e0 destination.  <\/p>\n<\/div>        \n            \n            <\/div>\n\t\t\t<\/div>\n        <\/div> \n\t\t\t<\/section><section class=\"media-block   alignfull bg-white  block-padding-top block-padding-bottom relative overflow-hidden\" id=\"\">\n\t    <div class=\"container mx-auto relative   px-0 lg:flex justify-end bg-white md:rounded-3xl md:rounded-3xl  overflow-hidden flex-col sm:flex-row-reverse\">\n        <figure class=\"lg:w-3\/5 relative full\"><img loading=\"lazy\" decoding=\"async\" width=\"2560\" height=\"1707\" src=\"https:\/\/www.cdsbaggage.ca\/wp-content\/uploads\/2025\/11\/getty-images-8n7fk1ta7Vg-unsplash-scaled.jpg\" class=\" md:absolute inset-0 md:h-full w-full md:rounded-3xl md:rounded-3xl   object-cover \" alt=\"Planification fiable\" title=\"Planification fiable\" srcset=\"https:\/\/www.cdsbaggage.ca\/wp-content\/uploads\/2025\/11\/getty-images-8n7fk1ta7Vg-unsplash-scaled.jpg 2560w, https:\/\/www.cdsbaggage.ca\/wp-content\/uploads\/2025\/11\/getty-images-8n7fk1ta7Vg-unsplash-300x200.jpg 300w, https:\/\/www.cdsbaggage.ca\/wp-content\/uploads\/2025\/11\/getty-images-8n7fk1ta7Vg-unsplash-1024x683.jpg 1024w, https:\/\/www.cdsbaggage.ca\/wp-content\/uploads\/2025\/11\/getty-images-8n7fk1ta7Vg-unsplash-768x512.jpg 768w, https:\/\/www.cdsbaggage.ca\/wp-content\/uploads\/2025\/11\/getty-images-8n7fk1ta7Vg-unsplash-1536x1024.jpg 1536w, https:\/\/www.cdsbaggage.ca\/wp-content\/uploads\/2025\/11\/getty-images-8n7fk1ta7Vg-unsplash-2048x1365.jpg 2048w, https:\/\/www.cdsbaggage.ca\/wp-content\/uploads\/2025\/11\/getty-images-8n7fk1ta7Vg-unsplash-600x400.jpg 600w\" sizes=\"auto, (max-width: 2560px) 100vw, 2560px\" \/><\/figure>        <div class=\"container mr-auto relative\">\n\t\t\t<div class=\"content block-padding-top block-padding-bottom text-left\">\n            <h3 class=\"text-4xl text-text-light font-title\">Planification fiable<\/h3><h4 class=\"font-subtitle text-2xl subtitle pb-6 text-primary \"> \u00c0 l\u2019heure, \u00e0 chaque fois<\/h4><div class=\"font-body text-text-light \"><p>Nous comprenons que le transport par camion n\u2019est souvent qu\u2019une partie d\u2019un puzzle logistique plus vaste. Nous respectons des plages de livraison strictes. Que nous rencontrions un navire de croisi\u00e8re au quai ou un groupe touristique \u00e0 l\u2019h\u00f4tel, nos chauffeurs sont ponctuels et professionnels.  <\/p>\n<\/div>        \n            \n            <\/div>\n\t\t\t<\/div>\n        <\/div> \n\t\t\t<\/section>\r\n\t<section class=\"block-cover alignfull bg-black text-white relative \" id=\"1794\">  \t\r\n\t \r\n\t<div class=\"h-full\"> \r\n\t<div class=\"header-image absolute inset-0 h-full\"><figure class=\"h-full w-full\"><img loading=\"lazy\" decoding=\"async\" width=\"2560\" height=\"1707\" src=\"https:\/\/www.cdsbaggage.ca\/wp-content\/uploads\/2025\/03\/aec89ecbc2e326f13d8d483804c4e758.jpeg\" class=\" h-full w-full object-cover opacity-100\" alt=\"Contactez-nous\" title=\"Contactez-nous\" srcset=\"https:\/\/www.cdsbaggage.ca\/wp-content\/uploads\/2025\/03\/aec89ecbc2e326f13d8d483804c4e758.jpeg 2560w, https:\/\/www.cdsbaggage.ca\/wp-content\/uploads\/2025\/03\/aec89ecbc2e326f13d8d483804c4e758-300x200.jpeg 300w, https:\/\/www.cdsbaggage.ca\/wp-content\/uploads\/2025\/03\/aec89ecbc2e326f13d8d483804c4e758-1024x683.jpeg 1024w, https:\/\/www.cdsbaggage.ca\/wp-content\/uploads\/2025\/03\/aec89ecbc2e326f13d8d483804c4e758-768x512.jpeg 768w, https:\/\/www.cdsbaggage.ca\/wp-content\/uploads\/2025\/03\/aec89ecbc2e326f13d8d483804c4e758-1536x1024.jpeg 1536w, https:\/\/www.cdsbaggage.ca\/wp-content\/uploads\/2025\/03\/aec89ecbc2e326f13d8d483804c4e758-2048x1366.jpeg 2048w, https:\/\/www.cdsbaggage.ca\/wp-content\/uploads\/2025\/03\/aec89ecbc2e326f13d8d483804c4e758-600x400.jpeg 600w\" sizes=\"auto, (max-width: 2560px) 100vw, 2560px\" \/><\/figure><\/div><div class=\"scrim absolute inset-0 h-full w-full\"><\/div><div class=\"relative h-full w-full flex items-center\"><div class=\"container mx-auto z-10 block-padding-top-extra2 block-padding-bottom-extra2 relative h-full\"><div class=\"w-full py-8 lg:p-12 sm:w-2\/3 lg:w-2\/5  text-left bg-none rounded-3xl\"><h2 class=\"text-6xl text-white font-title\">Contactez-nous<\/h2><div class=\"font-body text-white\"><p>Vous avez une question concernant un bagage retard\u00e9 ou besoin d\u2019un devis pour un transfert de groupe important? <a href=\"https:\/\/www.cdsbaggage.ca\/fr\/contact\/\">Communiquez avec notre \u00e9quipe<\/a> d\u00e8s aujourd\u2019hui. Nous sommes pr\u00eats \u00e0 vous offrir un service rapide et personnalis\u00e9.<\/p>\n<\/div>    <div class=\"wp-block-buttons   gap-1 sm:gap-2 flex flex-wrap\">\n                <div class=\"wp-block-button btn has-btn-filled\">\n\n                <a class=\"wp-block-button__link btn-filled btn-primary  flex items-center gap-2 scroll\" href=\"https:\/\/www.cdsbaggage.ca\/fr\/contact\/\" target=\"\">\n                    Contactez-nous                                    <\/a>\n            <\/div>\n                <\/div>\n<\/div><\/div><\/div>\t\t<\/div>\r\n\t<\/section>\r\n\t\t\r\n","protected":false},"excerpt":{"rendered":"","protected":false},"author":3,"featured_media":0,"parent":1719,"menu_order":0,"comment_status":"closed","ping_status":"closed","template":"","meta":{"_acf_changed":false,"footnotes":""},"class_list":["post-1794","page","type-page","status-publish","hentry"],"acf":[],"featured_image_src":null,"featured_image_src_square":null,"_links":{"self":[{"href":"https:\/\/www.cdsbaggage.ca\/fr\/wp-json\/wp\/v2\/pages\/1794","targetHints":{"allow":["GET"]}}],"collection":[{"href":"https:\/\/www.cdsbaggage.ca\/fr\/wp-json\/wp\/v2\/pages"}],"about":[{"href":"https:\/\/www.cdsbaggage.ca\/fr\/wp-json\/wp\/v2\/types\/page"}],"author":[{"embeddable":true,"href":"https:\/\/www.cdsbaggage.ca\/fr\/wp-json\/wp\/v2\/users\/3"}],"replies":[{"embeddable":true,"href":"https:\/\/www.cdsbaggage.ca\/fr\/wp-json\/wp\/v2\/comments?post=1794"}],"version-history":[{"count":0,"href":"https:\/\/www.cdsbaggage.ca\/fr\/wp-json\/wp\/v2\/pages\/1794\/revisions"}],"up":[{"embeddable":true,"href":"https:\/\/www.cdsbaggage.ca\/fr\/wp-json\/wp\/v2\/pages\/1719"}],"wp:attachment":[{"href":"https:\/\/www.cdsbaggage.ca\/fr\/wp-json\/wp\/v2\/media?parent=1794"}],"curies":[{"name":"wp","href":"https:\/\/api.w.org\/{rel}","templated":true}]}}